{"id":23157,"date":"2018-12-29T19:45:03","date_gmt":"2018-12-29T16:45:03","guid":{"rendered":"https:\/\/kingarms.ee\/product\/taistelutakki-cad\/"},"modified":"2024-08-09T19:43:23","modified_gmt":"2024-08-09T16:43:23","slug":"taistelutakki-cad","status":"publish","type":"product","link":"https:\/\/kingarms.ee\/fi\/product\/taistelutakki-cad\/","title":{"rendered":"Taistelutakki (CAD)"},"content":{"rendered":"<p><a href=\"https:\/\/kingarms.ee\/wp-content\/uploads\/2018\/12\/Revenger-TDU-Shirt-CAD-ig9553large1-300x210.png\"><img loading=\"lazy\" decoding=\"async\" class=\"alignnone size-medium wp-image-23158\" src=\"https:\/\/kingarms.ee\/wp-content\/uploads\/2018\/12\/Revenger-TDU-Shirt-CAD-ig9553large1-300x210.png\" alt=\"\" width=\"300\" height=\"210\" srcset=\"https:\/\/kingarms.ee\/wp-content\/uploads\/2018\/12\/Revenger-TDU-Shirt-CAD-ig9553large1-300x210.png 300w, https:\/\/kingarms.ee\/wp-content\/uploads\/2018\/12\/Revenger-TDU-Shirt-CAD-ig9553large1-150x105.png 150w, https:\/\/kingarms.ee\/wp-content\/uploads\/2018\/12\/Revenger-TDU-Shirt-CAD-ig9553large1-500x350.png 500w, https:\/\/kingarms.ee\/wp-content\/uploads\/2018\/12\/Revenger-TDU-Shirt-CAD-ig9553large1-768x538.png 768w, https:\/\/kingarms.ee\/wp-content\/uploads\/2018\/12\/Revenger-TDU-Shirt-CAD-ig9553large1-1024x717.png 1024w, https:\/\/kingarms.ee\/wp-content\/uploads\/2018\/12\/Revenger-TDU-Shirt-CAD-ig9553large1.png 1400w\" sizes=\"auto, (max-width: 300px) 100vw, 300px\" \/><\/a><\/p>\n","protected":false},"excerpt":{"rendered":"<p>Eritt\u00e4in mukava ja suosittu valinta kes\u00e4asusta &#8211; takista. Tuote on valmistettu puuvillasta ja polyesterist\u00e4. Takissa on useita taskuja ja VELCRO-kiinnikkeet. Takki on Kanadan digitaalinen sairaus. Koot: S &#8211; M &#8211; L &#8211; XL<\/p>\n","protected":false},"featured_media":42229,"template":"","meta":{"_acf_changed":false},"product_brand":[],"product_cat":[263],"product_tag":[],"class_list":{"0":"post-23157","1":"product","2":"type-product","3":"status-publish","4":"has-post-thumbnail","6":"product_cat-vaatteet-ja-jalkineet","8":"first","9":"instock","10":"taxable","11":"shipping-taxable","12":"purchasable","13":"product-type-variable","14":"has-default-attributes"},"acf":[],"_links":{"self":[{"href":"https:\/\/kingarms.ee\/fi\/wp-json\/wp\/v2\/product\/23157","targetHints":{"allow":["GET"]}}],"collection":[{"href":"https:\/\/kingarms.ee\/fi\/wp-json\/wp\/v2\/product"}],"about":[{"href":"https:\/\/kingarms.ee\/fi\/wp-json\/wp\/v2\/types\/product"}],"wp:featuredmedia":[{"embeddable":true,"href":"https:\/\/kingarms.ee\/fi\/wp-json\/wp\/v2\/media\/42229"}],"wp:attachment":[{"href":"https:\/\/kingarms.ee\/fi\/wp-json\/wp\/v2\/media?parent=23157"}],"wp:term":[{"taxonomy":"product_brand","embeddable":true,"href":"https:\/\/kingarms.ee\/fi\/wp-json\/wp\/v2\/product_brand?post=23157"},{"taxonomy":"product_cat","embeddable":true,"href":"https:\/\/kingarms.ee\/fi\/wp-json\/wp\/v2\/product_cat?post=23157"},{"taxonomy":"product_tag","embeddable":true,"href":"https:\/\/kingarms.ee\/fi\/wp-json\/wp\/v2\/product_tag?post=23157"}],"curies":[{"name":"wp","href":"https:\/\/api.w.org\/{rel}","templated":true}]}}