{"id":23197,"date":"2019-11-01T18:05:48","date_gmt":"2019-11-01T15:05:48","guid":{"rendered":"https:\/\/kingarms.ee\/product\/remington-jg01-taktiset-saappaat-vedenpitava\/"},"modified":"2024-08-09T17:02:08","modified_gmt":"2024-08-09T14:02:08","slug":"remington-jg01-taktinen-saappaat-vedenpitava","status":"publish","type":"product","link":"https:\/\/kingarms.ee\/fi\/product\/remington-jg01-taktinen-saappaat-vedenpitava\/","title":{"rendered":"Remington JG01 taktinen saappaat (vedenpit\u00e4v\u00e4)"},"content":{"rendered":"<p><a href=\"https:\/\/kingarms.ee\/wp-content\/uploads\/2019\/11\/577984b85f2bb6c91e860ea4bd97c59b-300x200.jpg\"><img loading=\"lazy\" decoding=\"async\" class=\"alignnone size-medium wp-image-23198\" src=\"https:\/\/kingarms.ee\/wp-content\/uploads\/2019\/11\/577984b85f2bb6c91e860ea4bd97c59b-300x200.jpg\" alt=\"\" width=\"300\" height=\"200\" srcset=\"https:\/\/kingarms.ee\/wp-content\/uploads\/2019\/11\/577984b85f2bb6c91e860ea4bd97c59b-300x200.jpg 300w, https:\/\/kingarms.ee\/wp-content\/uploads\/2019\/11\/577984b85f2bb6c91e860ea4bd97c59b-150x100.jpg 150w, https:\/\/kingarms.ee\/wp-content\/uploads\/2019\/11\/577984b85f2bb6c91e860ea4bd97c59b-500x333.jpg 500w, https:\/\/kingarms.ee\/wp-content\/uploads\/2019\/11\/577984b85f2bb6c91e860ea4bd97c59b-768x512.jpg 768w, https:\/\/kingarms.ee\/wp-content\/uploads\/2019\/11\/577984b85f2bb6c91e860ea4bd97c59b.jpg 1024w\" sizes=\"auto, (max-width: 300px) 100vw, 300px\" \/><\/a><\/p>\n","protected":false},"excerpt":{"rendered":"<p>Remington-hy\u00f6kk\u00e4yskeng\u00e4t ovat ihanteellisia niille, jotka eiv\u00e4t halua luopua kes\u00e4ll\u00e4 ammatillisten olosuhteiden tai henkil\u00f6kohtaisen riippuvuuden vuoksi.<br \/>\nN\u00e4m\u00e4 saappaat eiv\u00e4t pid\u00e4 jalkojasi kuumina, koska aitoa nahkaa ja Cordura-kangasta on valmistettu yhdistelm\u00e4st\u00e4. Tekstiilinkest\u00e4v\u00e4, nopeasti kuivuva vuori.<br \/>\nSaappaiden pohja on valmistettu kestomuovista (TEP) ja varustettu edistyneell\u00e4 kulutuspinnalla, joka sopii hyvin m\u00e4r\u00e4lle ruoholle, liukkaalle rinteelle ja l\u00f6ys\u00e4lle maaper\u00e4lle. Leve\u00e4 metallikaaretuki tarjoaa erinomaisen tuen jalkakaarelle, vahvistetulle sel\u00e4lle ja kestomuoviselle varpalle jalan suojaamiseksi kallioj\u00e4tteilt\u00e4. Vuori: luonnollinen kulutuskest\u00e4v\u00e4 ja nopeasti kuivuva. Ainoa tapa korjata se: liimaa. Pelti (kieli) suojaa jalkaa ymp\u00e4rist\u00f6vaikutuksilta (p\u00f6ly, vesi, lika). Saappaiden sis\u00e4osa on valmistettu COOLMAX-hikeest\u00e4. Yksi kenk\u00e4 painaa 0,86 kg<\/p>\n","protected":false},"featured_media":23198,"template":"","meta":{"_acf_changed":false},"product_brand":[],"product_cat":[775],"product_tag":[],"class_list":{"0":"post-23197","1":"product","2":"type-product","3":"status-publish","4":"has-post-thumbnail","6":"product_cat-saappaat","8":"first","9":"instock","10":"sale","11":"taxable","12":"shipping-taxable","13":"purchasable","14":"product-type-simple"},"acf":[],"_links":{"self":[{"href":"https:\/\/kingarms.ee\/fi\/wp-json\/wp\/v2\/product\/23197","targetHints":{"allow":["GET"]}}],"collection":[{"href":"https:\/\/kingarms.ee\/fi\/wp-json\/wp\/v2\/product"}],"about":[{"href":"https:\/\/kingarms.ee\/fi\/wp-json\/wp\/v2\/types\/product"}],"wp:featuredmedia":[{"embeddable":true,"href":"https:\/\/kingarms.ee\/fi\/wp-json\/wp\/v2\/media\/23198"}],"wp:attachment":[{"href":"https:\/\/kingarms.ee\/fi\/wp-json\/wp\/v2\/media?parent=23197"}],"wp:term":[{"taxonomy":"product_brand","embeddable":true,"href":"https:\/\/kingarms.ee\/fi\/wp-json\/wp\/v2\/product_brand?post=23197"},{"taxonomy":"product_cat","embeddable":true,"href":"https:\/\/kingarms.ee\/fi\/wp-json\/wp\/v2\/product_cat?post=23197"},{"taxonomy":"product_tag","embeddable":true,"href":"https:\/\/kingarms.ee\/fi\/wp-json\/wp\/v2\/product_tag?post=23197"}],"curies":[{"name":"wp","href":"https:\/\/api.w.org\/{rel}","templated":true}]}}