{"id":23262,"date":"2019-04-04T23:00:50","date_gmt":"2019-04-04T20:00:50","guid":{"rendered":"https:\/\/kingarms.ee\/product\/kasikranaatin-asku-vihrea\/"},"modified":"2024-08-09T18:41:49","modified_gmt":"2024-08-09T15:41:49","slug":"kasikranaatin-asku-vihrea","status":"publish","type":"product","link":"https:\/\/kingarms.ee\/fi\/product\/kasikranaatin-asku-vihrea\/","title":{"rendered":"K\u00e4sikranaatin tasku &#8211; Musta"},"content":{"rendered":"<p><a href=\"https:\/\/kingarms.ee\/wp-content\/uploads\/2019\/04\/1152216755_1-300x200.jpg\"><img loading=\"lazy\" decoding=\"async\" class=\"alignnone size-medium wp-image-23263\" src=\"https:\/\/kingarms.ee\/wp-content\/uploads\/2019\/04\/1152216755_1-300x200.jpg\" alt=\"\" width=\"300\" height=\"200\" srcset=\"https:\/\/kingarms.ee\/wp-content\/uploads\/2019\/04\/1152216755_1-300x200.jpg 300w, https:\/\/kingarms.ee\/wp-content\/uploads\/2019\/04\/1152216755_1-150x100.jpg 150w, https:\/\/kingarms.ee\/wp-content\/uploads\/2019\/04\/1152216755_1-500x333.jpg 500w, https:\/\/kingarms.ee\/wp-content\/uploads\/2019\/04\/1152216755_1-768x512.jpg 768w, https:\/\/kingarms.ee\/wp-content\/uploads\/2019\/04\/1152216755_1.jpg 800w\" sizes=\"auto, (max-width: 300px) 100vw, 300px\" \/><\/a><\/p>\n","protected":false},"excerpt":{"rendered":"<p>Primal Gear on uusi taktinen laitemerkki, joka on omistettu EDC: lle.<br \/>\nPrimal Gear -laitteet on valmistettu vahvasta ja kest\u00e4v\u00e4st\u00e4 1000D nylonista.<br \/>\nKest\u00e4vyytt\u00e4 lis\u00e4\u00e4v\u00e4t tuotteiden saumat. Laukku voidaan kiinnitt\u00e4\u00e4 MOLLE-j\u00e4rjestelm\u00e4ll\u00e4. Laukku on suljettu korkeuss\u00e4\u00e4dett\u00e4v\u00e4ll\u00e4 polymeeripidikkeell\u00e4.<\/p>\n","protected":false},"featured_media":23263,"template":"","meta":{"_acf_changed":false},"product_brand":[],"product_cat":[264,646],"product_tag":[],"class_list":{"0":"post-23262","1":"product","2":"type-product","3":"status-publish","4":"has-post-thumbnail","6":"product_cat-taskut-laukut-vyot","7":"product_cat-taskut","9":"first","10":"instock","11":"taxable","12":"shipping-taxable","13":"purchasable","14":"product-type-simple"},"acf":[],"_links":{"self":[{"href":"https:\/\/kingarms.ee\/fi\/wp-json\/wp\/v2\/product\/23262","targetHints":{"allow":["GET"]}}],"collection":[{"href":"https:\/\/kingarms.ee\/fi\/wp-json\/wp\/v2\/product"}],"about":[{"href":"https:\/\/kingarms.ee\/fi\/wp-json\/wp\/v2\/types\/product"}],"wp:featuredmedia":[{"embeddable":true,"href":"https:\/\/kingarms.ee\/fi\/wp-json\/wp\/v2\/media\/23263"}],"wp:attachment":[{"href":"https:\/\/kingarms.ee\/fi\/wp-json\/wp\/v2\/media?parent=23262"}],"wp:term":[{"taxonomy":"product_brand","embeddable":true,"href":"https:\/\/kingarms.ee\/fi\/wp-json\/wp\/v2\/product_brand?post=23262"},{"taxonomy":"product_cat","embeddable":true,"href":"https:\/\/kingarms.ee\/fi\/wp-json\/wp\/v2\/product_cat?post=23262"},{"taxonomy":"product_tag","embeddable":true,"href":"https:\/\/kingarms.ee\/fi\/wp-json\/wp\/v2\/product_tag?post=23262"}],"curies":[{"name":"wp","href":"https:\/\/api.w.org\/{rel}","templated":true}]}}