{"id":23269,"date":"2019-07-07T17:07:33","date_gmt":"2019-07-07T14:07:33","guid":{"rendered":"https:\/\/kingarms.ee\/product\/matkalaukku-oliiv\/"},"modified":"2024-08-09T17:51:33","modified_gmt":"2024-08-09T14:51:33","slug":"matkalaukku-oliivi","status":"publish","type":"product","link":"https:\/\/kingarms.ee\/fi\/product\/matkalaukku-oliivi\/","title":{"rendered":"Matkalaukku &#8211; Oliivi"},"content":{"rendered":"<p><a href=\"https:\/\/kingarms.ee\/wp-content\/uploads\/2019\/07\/1152193903_1-300x204.jpg\"><img loading=\"lazy\" decoding=\"async\" class=\"size-medium wp-image-23270\" src=\"https:\/\/kingarms.ee\/wp-content\/uploads\/2019\/07\/1152193903_1-300x204.jpg\" alt=\"\" width=\"300\" height=\"204\" srcset=\"https:\/\/kingarms.ee\/wp-content\/uploads\/2019\/07\/1152193903_1-300x204.jpg 300w, https:\/\/kingarms.ee\/wp-content\/uploads\/2019\/07\/1152193903_1-150x102.jpg 150w, https:\/\/kingarms.ee\/wp-content\/uploads\/2019\/07\/1152193903_1-500x341.jpg 500w, https:\/\/kingarms.ee\/wp-content\/uploads\/2019\/07\/1152193903_1-768x523.jpg 768w, https:\/\/kingarms.ee\/wp-content\/uploads\/2019\/07\/1152193903_1.jpg 800w\" sizes=\"auto, (max-width: 300px) 100vw, 300px\" \/><\/a><\/p>\n","protected":false},"excerpt":{"rendered":"<p>Laukku voidaan kiinnitt\u00e4\u00e4 hihnalla, jolla on koukku ja silmukka kiinnityshihnat tai salpa. Sis\u00e4ll\u00e4 ovat vetimet, jotka est\u00e4v\u00e4t asetettuja esineit\u00e4 putoamasta. Polkumyynti on eritt\u00e4in hyv\u00e4 ratkaisu dynaamisen lokeronvaihdon aikana.<\/p>\n","protected":false},"featured_media":23270,"template":"","meta":{"_acf_changed":false},"product_brand":[],"product_cat":[646,264],"product_tag":[],"class_list":{"0":"post-23269","1":"product","2":"type-product","3":"status-publish","4":"has-post-thumbnail","6":"product_cat-taskut","7":"product_cat-taskut-laukut-vyot","9":"first","10":"instock","11":"taxable","12":"shipping-taxable","13":"purchasable","14":"product-type-simple"},"acf":[],"_links":{"self":[{"href":"https:\/\/kingarms.ee\/fi\/wp-json\/wp\/v2\/product\/23269","targetHints":{"allow":["GET"]}}],"collection":[{"href":"https:\/\/kingarms.ee\/fi\/wp-json\/wp\/v2\/product"}],"about":[{"href":"https:\/\/kingarms.ee\/fi\/wp-json\/wp\/v2\/types\/product"}],"wp:featuredmedia":[{"embeddable":true,"href":"https:\/\/kingarms.ee\/fi\/wp-json\/wp\/v2\/media\/23270"}],"wp:attachment":[{"href":"https:\/\/kingarms.ee\/fi\/wp-json\/wp\/v2\/media?parent=23269"}],"wp:term":[{"taxonomy":"product_brand","embeddable":true,"href":"https:\/\/kingarms.ee\/fi\/wp-json\/wp\/v2\/product_brand?post=23269"},{"taxonomy":"product_cat","embeddable":true,"href":"https:\/\/kingarms.ee\/fi\/wp-json\/wp\/v2\/product_cat?post=23269"},{"taxonomy":"product_tag","embeddable":true,"href":"https:\/\/kingarms.ee\/fi\/wp-json\/wp\/v2\/product_tag?post=23269"}],"curies":[{"name":"wp","href":"https:\/\/api.w.org\/{rel}","templated":true}]}}