{"id":23273,"date":"2018-10-16T12:32:50","date_gmt":"2018-10-16T09:32:50","guid":{"rendered":"https:\/\/kingarms.ee\/product\/matkalaukku-gz\/"},"modified":"2025-07-06T15:05:11","modified_gmt":"2025-07-06T12:05:11","slug":"matkalaukku-gz","status":"publish","type":"product","link":"https:\/\/kingarms.ee\/fi\/product\/matkalaukku-gz\/","title":{"rendered":"Matkalaukku &#8211; GZ"},"content":{"rendered":"<p><a href=\"https:\/\/kingarms.ee\/wp-content\/uploads\/2018\/10\/1152215844_1-300x200.jpg\"><img loading=\"lazy\" decoding=\"async\" class=\"alignnone size-medium wp-image-10180\" src=\"https:\/\/kingarms.ee\/wp-content\/uploads\/2018\/10\/1152215844_1-300x200.jpg\" alt=\"\" width=\"300\" height=\"200\" srcset=\"https:\/\/kingarms.ee\/wp-content\/uploads\/2018\/10\/1152215844_1-300x200.jpg 300w, https:\/\/kingarms.ee\/wp-content\/uploads\/2018\/10\/1152215844_1-150x100.jpg 150w, https:\/\/kingarms.ee\/wp-content\/uploads\/2018\/10\/1152215844_1-500x333.jpg 500w, https:\/\/kingarms.ee\/wp-content\/uploads\/2018\/10\/1152215844_1-768x512.jpg 768w, https:\/\/kingarms.ee\/wp-content\/uploads\/2018\/10\/1152215844_1.jpg 800w\" sizes=\"auto, (max-width: 300px) 100vw, 300px\" \/><\/a><\/p>\n","protected":false},"excerpt":{"rendered":"<p>Matkalaukku &#8211; GZ<\/p>\n<p>Laukun voi kiinnitt\u00e4\u00e4 hihnalla tarrakiinnityshihnoilla tai salvalla. Vetimet sijaitsevat sis\u00e4puolella, mik\u00e4 est\u00e4\u00e4 asetettujen asioiden putoamisen. Dumppauspakkaus on eritt\u00e4in hyv\u00e4 ratkaisu dynaamisen lokeron vaihdon aikana.  <\/p>\n","protected":false},"featured_media":23274,"template":"","meta":{"_acf_changed":false},"product_brand":[],"product_cat":[264,899],"product_tag":[],"class_list":{"0":"post-23273","1":"product","2":"type-product","3":"status-publish","4":"has-post-thumbnail","6":"product_cat-taskut-laukut-vyot","7":"product_cat-sailytystaskut","9":"first","10":"onbackorder","11":"taxable","12":"shipping-taxable","13":"product-type-simple"},"acf":[],"_links":{"self":[{"href":"https:\/\/kingarms.ee\/fi\/wp-json\/wp\/v2\/product\/23273","targetHints":{"allow":["GET"]}}],"collection":[{"href":"https:\/\/kingarms.ee\/fi\/wp-json\/wp\/v2\/product"}],"about":[{"href":"https:\/\/kingarms.ee\/fi\/wp-json\/wp\/v2\/types\/product"}],"wp:featuredmedia":[{"embeddable":true,"href":"https:\/\/kingarms.ee\/fi\/wp-json\/wp\/v2\/media\/23274"}],"wp:attachment":[{"href":"https:\/\/kingarms.ee\/fi\/wp-json\/wp\/v2\/media?parent=23273"}],"wp:term":[{"taxonomy":"product_brand","embeddable":true,"href":"https:\/\/kingarms.ee\/fi\/wp-json\/wp\/v2\/product_brand?post=23273"},{"taxonomy":"product_cat","embeddable":true,"href":"https:\/\/kingarms.ee\/fi\/wp-json\/wp\/v2\/product_cat?post=23273"},{"taxonomy":"product_tag","embeddable":true,"href":"https:\/\/kingarms.ee\/fi\/wp-json\/wp\/v2\/product_tag?post=23273"}],"curies":[{"name":"wp","href":"https:\/\/api.w.org\/{rel}","templated":true}]}}