{"id":23318,"date":"2019-11-22T23:39:42","date_gmt":"2019-11-22T20:39:42","guid":{"rendered":"https:\/\/kingarms.ee\/product\/gift-card\/"},"modified":"2024-08-09T16:55:10","modified_gmt":"2024-08-09T13:55:10","slug":"lahjakortti","status":"publish","type":"product","link":"https:\/\/kingarms.ee\/fi\/product\/lahjakortti\/","title":{"rendered":"Lahjakortti (25\u20ac 50\u20ac 100\u20ac)"},"content":{"rendered":"<p><a href=\"https:\/\/kingarms.ee\/wp-content\/uploads\/2019\/11\/\u0411\u0435\u0437\u044b\u043c\u044f\u043d\u043d\u044b\u0439-236x300.png\"><img loading=\"lazy\" decoding=\"async\" class=\"alignnone size-medium wp-image-23320\" src=\"https:\/\/kingarms.ee\/wp-content\/uploads\/2019\/11\/\u0411\u0435\u0437\u044b\u043c\u044f\u043d\u043d\u044b\u0439-236x300.png\" alt=\"\" width=\"236\" height=\"300\" srcset=\"https:\/\/kingarms.ee\/wp-content\/uploads\/2019\/11\/\u0411\u0435\u0437\u044b\u043c\u044f\u043d\u043d\u044b\u0439-236x300.png 236w, https:\/\/kingarms.ee\/wp-content\/uploads\/2019\/11\/\u0411\u0435\u0437\u044b\u043c\u044f\u043d\u043d\u044b\u0439-150x191.png 150w, https:\/\/kingarms.ee\/wp-content\/uploads\/2019\/11\/\u0411\u0435\u0437\u044b\u043c\u044f\u043d\u043d\u044b\u0439.png 435w\" sizes=\"auto, (max-width: 236px) 100vw, 236px\" \/><\/a><\/p>\n","protected":false},"excerpt":{"rendered":"<p>KingArms-lahjakortit ovat arvoltaan 25, 50 ja 100 euroa, ja niit\u00e4 voidaan k\u00e4ytt\u00e4\u00e4 maksamaan kaikista myym\u00e4l\u00e4ss\u00e4mme olevista tuotteista ja palveluista. M\u00e4\u00e4r\u00e4 on tarkoitettu yhdelle ostolle. Lahjakortti on valmistettu muovista ja sill\u00e4 on yksil\u00f6iv\u00e4 numero tai nimi, johon voit kirjoittaa toiveen tai lahjan lahjan vastaanottajalle.<\/p>\n<p>Jos haluat tilata kortin kotiisi, tee tilaus ja kirjoita se muistiinpanoihin. Lahjakortti saapuu Viroon yhden arkip\u00e4iv\u00e4n sis\u00e4ll\u00e4.<\/p>\n","protected":false},"featured_media":23322,"template":"","meta":{"_acf_changed":false},"product_brand":[],"product_cat":[250],"product_tag":[],"class_list":{"0":"post-23318","1":"product","2":"type-product","3":"status-publish","4":"has-post-thumbnail","6":"product_cat-aseet","8":"first","9":"instock","10":"taxable","11":"shipping-taxable","12":"purchasable","13":"product-type-variable"},"acf":[],"_links":{"self":[{"href":"https:\/\/kingarms.ee\/fi\/wp-json\/wp\/v2\/product\/23318","targetHints":{"allow":["GET"]}}],"collection":[{"href":"https:\/\/kingarms.ee\/fi\/wp-json\/wp\/v2\/product"}],"about":[{"href":"https:\/\/kingarms.ee\/fi\/wp-json\/wp\/v2\/types\/product"}],"wp:featuredmedia":[{"embeddable":true,"href":"https:\/\/kingarms.ee\/fi\/wp-json\/wp\/v2\/media\/23322"}],"wp:attachment":[{"href":"https:\/\/kingarms.ee\/fi\/wp-json\/wp\/v2\/media?parent=23318"}],"wp:term":[{"taxonomy":"product_brand","embeddable":true,"href":"https:\/\/kingarms.ee\/fi\/wp-json\/wp\/v2\/product_brand?post=23318"},{"taxonomy":"product_cat","embeddable":true,"href":"https:\/\/kingarms.ee\/fi\/wp-json\/wp\/v2\/product_cat?post=23318"},{"taxonomy":"product_tag","embeddable":true,"href":"https:\/\/kingarms.ee\/fi\/wp-json\/wp\/v2\/product_tag?post=23318"}],"curies":[{"name":"wp","href":"https:\/\/api.w.org\/{rel}","templated":true}]}}