{"id":23849,"date":"2019-01-08T19:17:51","date_gmt":"2019-01-08T16:17:51","guid":{"rendered":"https:\/\/kingarms.ee\/product\/vyo-hiekka\/"},"modified":"2024-08-09T19:42:00","modified_gmt":"2024-08-09T16:42:00","slug":"vyo-hiekka","status":"publish","type":"product","link":"https:\/\/kingarms.ee\/fi\/product\/vyo-hiekka\/","title":{"rendered":"Vy\u00f6 &#8211; HIEKKA"},"content":{"rendered":"<p><a href=\"https:\/\/kingarms.ee\/wp-content\/uploads\/2019\/01\/1152193278_1-300x200.jpg\"><img loading=\"lazy\" decoding=\"async\" class=\"alignnone size-medium wp-image-23850\" src=\"https:\/\/kingarms.ee\/wp-content\/uploads\/2019\/01\/1152193278_1-300x200.jpg\" alt=\"\" width=\"300\" height=\"200\" srcset=\"https:\/\/kingarms.ee\/wp-content\/uploads\/2019\/01\/1152193278_1-300x200.jpg 300w, https:\/\/kingarms.ee\/wp-content\/uploads\/2019\/01\/1152193278_1-150x100.jpg 150w, https:\/\/kingarms.ee\/wp-content\/uploads\/2019\/01\/1152193278_1-500x333.jpg 500w, https:\/\/kingarms.ee\/wp-content\/uploads\/2019\/01\/1152193278_1-768x512.jpg 768w, https:\/\/kingarms.ee\/wp-content\/uploads\/2019\/01\/1152193278_1.jpg 800w\" sizes=\"auto, (max-width: 300px) 100vw, 300px\" \/><\/a><\/p>\n","protected":false},"excerpt":{"rendered":"<p><span title=\"\">Taktinen vy\u00f6 nailonia.<\/span> <span title=\"\">Koukut peitettyn\u00e4 koko pituudella, jolloin pituuden s\u00e4\u00e4t\u00f6 voi olla jopa 1000 mm.<\/span><\/p>\n","protected":false},"featured_media":23850,"template":"","meta":{"_acf_changed":false},"product_brand":[],"product_cat":[333],"product_tag":[],"class_list":{"0":"post-23849","1":"product","2":"type-product","3":"status-publish","4":"has-post-thumbnail","6":"product_cat-ipsc-hihnat","8":"first","9":"instock","10":"sale","11":"taxable","12":"shipping-taxable","13":"purchasable","14":"product-type-simple"},"acf":[],"_links":{"self":[{"href":"https:\/\/kingarms.ee\/fi\/wp-json\/wp\/v2\/product\/23849","targetHints":{"allow":["GET"]}}],"collection":[{"href":"https:\/\/kingarms.ee\/fi\/wp-json\/wp\/v2\/product"}],"about":[{"href":"https:\/\/kingarms.ee\/fi\/wp-json\/wp\/v2\/types\/product"}],"wp:featuredmedia":[{"embeddable":true,"href":"https:\/\/kingarms.ee\/fi\/wp-json\/wp\/v2\/media\/23850"}],"wp:attachment":[{"href":"https:\/\/kingarms.ee\/fi\/wp-json\/wp\/v2\/media?parent=23849"}],"wp:term":[{"taxonomy":"product_brand","embeddable":true,"href":"https:\/\/kingarms.ee\/fi\/wp-json\/wp\/v2\/product_brand?post=23849"},{"taxonomy":"product_cat","embeddable":true,"href":"https:\/\/kingarms.ee\/fi\/wp-json\/wp\/v2\/product_cat?post=23849"},{"taxonomy":"product_tag","embeddable":true,"href":"https:\/\/kingarms.ee\/fi\/wp-json\/wp\/v2\/product_tag?post=23849"}],"curies":[{"name":"wp","href":"https:\/\/api.w.org\/{rel}","templated":true}]}}