{"id":23891,"date":"2018-08-31T08:09:18","date_gmt":"2018-08-31T08:09:18","guid":{"rendered":"https:\/\/kingarms.ee\/product\/x1-lipastasku-beige-musta-vihrea-mc\/"},"modified":"2025-05-03T12:20:28","modified_gmt":"2025-05-03T09:20:28","slug":"x1-lipastasku-beige-musta-vihrea-mc","status":"publish","type":"product","link":"https:\/\/kingarms.ee\/fi\/product\/x1-lipastasku-beige-musta-vihrea-mc\/","title":{"rendered":"M4 salvetasku &#8211; Beige"},"content":{"rendered":"<p><a href=\"https:\/\/kingarms.ee\/wp-content\/uploads\/2018\/06\/1152213821_1.jpg\"><img loading=\"lazy\" decoding=\"async\" class=\"alignnone size-medium wp-image-3425\" src=\"https:\/\/kingarms.ee\/wp-content\/uploads\/2018\/06\/1152213821_1-300x200.jpg\" alt=\"\" width=\"300\" height=\"200\"><\/a><\/p>\n","protected":false},"excerpt":{"rendered":"<p>M4 salvetasku &#8211; Beige<\/p>\n<p>Yleislataus, joka yksinkertaisen mutta omaper\u00e4isen rakenteensa ansiosta sopii monenlaisiin lippaisiin &#8211; AK, M4\/M16, Aug.<\/p>\n<p>MOLLE-j\u00e4rjestelm\u00e4\u00e4n asennetut varusteet. Tasku on suojattu kumilla, joten k\u00e4ytt\u00e4j\u00e4n ei tarvitse huolehtia taskun vahingossa tapahtuvasta katoamisesta.<\/p>\n<p>MOLLE-j\u00e4rjestelm\u00e4ss\u00e4 on my\u00f6s hihnat etupaneelissa, joiden avulla esimerkiksi liivi voidaan ripustaa<\/p>\n<p>&nbsp;<\/p>\n<p><span style=\"color: #ff0000;\">Erikoisv\u00e4risi\u00e4 taskuja on saatavilla paikan p\u00e4\u00e4ll\u00e4: musta, beige, vihre\u00e4 ja MC.<\/span><\/p>\n","protected":false},"featured_media":23892,"template":"","meta":{"_acf_changed":false},"product_brand":[],"product_cat":[264,899],"product_tag":[],"class_list":{"0":"post-23891","1":"product","2":"type-product","3":"status-publish","4":"has-post-thumbnail","6":"product_cat-taskut-laukut-vyot","7":"product_cat-sailytystaskut","9":"first","10":"onbackorder","11":"product-type-simple"},"acf":[],"_links":{"self":[{"href":"https:\/\/kingarms.ee\/fi\/wp-json\/wp\/v2\/product\/23891","targetHints":{"allow":["GET"]}}],"collection":[{"href":"https:\/\/kingarms.ee\/fi\/wp-json\/wp\/v2\/product"}],"about":[{"href":"https:\/\/kingarms.ee\/fi\/wp-json\/wp\/v2\/types\/product"}],"wp:featuredmedia":[{"embeddable":true,"href":"https:\/\/kingarms.ee\/fi\/wp-json\/wp\/v2\/media\/23892"}],"wp:attachment":[{"href":"https:\/\/kingarms.ee\/fi\/wp-json\/wp\/v2\/media?parent=23891"}],"wp:term":[{"taxonomy":"product_brand","embeddable":true,"href":"https:\/\/kingarms.ee\/fi\/wp-json\/wp\/v2\/product_brand?post=23891"},{"taxonomy":"product_cat","embeddable":true,"href":"https:\/\/kingarms.ee\/fi\/wp-json\/wp\/v2\/product_cat?post=23891"},{"taxonomy":"product_tag","embeddable":true,"href":"https:\/\/kingarms.ee\/fi\/wp-json\/wp\/v2\/product_tag?post=23891"}],"curies":[{"name":"wp","href":"https:\/\/api.w.org\/{rel}","templated":true}]}}