{"id":23925,"date":"2019-07-04T21:03:41","date_gmt":"2019-07-04T18:03:41","guid":{"rendered":"https:\/\/kingarms.ee\/product\/chest-rig-v2-taktinen-liivit-multicam\/"},"modified":"2024-08-09T17:58:27","modified_gmt":"2024-08-09T14:58:27","slug":"chest-rig-v2-taktinen-liivit-multicam","status":"publish","type":"product","link":"https:\/\/kingarms.ee\/fi\/product\/chest-rig-v2-taktinen-liivit-multicam\/","title":{"rendered":"CHEST RIG V2 taktinen liivit- multicam"},"content":{"rendered":"<p><a href=\"https:\/\/kingarms.ee\/wp-content\/uploads\/2019\/07\/M51611041-1-CP1-150x150.jpg\"><img loading=\"lazy\" decoding=\"async\" class=\"alignnone size-thumbnail wp-image-23926\" src=\"https:\/\/kingarms.ee\/wp-content\/uploads\/2019\/07\/M51611041-1-CP1-150x150.jpg\" alt=\"\" width=\"150\" height=\"150\" \/><\/a><\/p>\n","protected":false},"excerpt":{"rendered":"<p><span title=\"\">Suosittu rintatyyppinen taktinen liivi (multicam), joka on valmistettu kest\u00e4v\u00e4st\u00e4 ja kevyest\u00e4 nylonista.<\/span> <span title=\"\">Sopii paremmin M4- tai AK-soittimille.<\/span> <span title=\"\">Liivi on varustettu kaksinkertaisella taskutella (6 alustaa).<\/span> <span title=\"\">Plus 2 k\u00e4siasetaskua.<\/span> <span title=\"\">Lis\u00e4ksi on mahdollista asentaa taskuja: taskulamppu, teleskooppivaunut (erillinen lupa vaunujen kuljettamiseen) tai pikalaturi.<\/span><br \/>\n<span title=\"\">V\u00e4ri: Multicam<\/span><br \/>\n<span title=\"\">Paino: 700 g<\/span><\/p>\n","protected":false},"featured_media":23926,"template":"","meta":{"_acf_changed":false},"product_brand":[],"product_cat":[265],"product_tag":[],"class_list":{"0":"post-23925","1":"product","2":"type-product","3":"status-publish","4":"has-post-thumbnail","6":"product_cat-takit-ja-valjaat","8":"first","9":"onbackorder","10":"taxable","11":"shipping-taxable","12":"product-type-simple"},"acf":[],"_links":{"self":[{"href":"https:\/\/kingarms.ee\/fi\/wp-json\/wp\/v2\/product\/23925","targetHints":{"allow":["GET"]}}],"collection":[{"href":"https:\/\/kingarms.ee\/fi\/wp-json\/wp\/v2\/product"}],"about":[{"href":"https:\/\/kingarms.ee\/fi\/wp-json\/wp\/v2\/types\/product"}],"wp:featuredmedia":[{"embeddable":true,"href":"https:\/\/kingarms.ee\/fi\/wp-json\/wp\/v2\/media\/23926"}],"wp:attachment":[{"href":"https:\/\/kingarms.ee\/fi\/wp-json\/wp\/v2\/media?parent=23925"}],"wp:term":[{"taxonomy":"product_brand","embeddable":true,"href":"https:\/\/kingarms.ee\/fi\/wp-json\/wp\/v2\/product_brand?post=23925"},{"taxonomy":"product_cat","embeddable":true,"href":"https:\/\/kingarms.ee\/fi\/wp-json\/wp\/v2\/product_cat?post=23925"},{"taxonomy":"product_tag","embeddable":true,"href":"https:\/\/kingarms.ee\/fi\/wp-json\/wp\/v2\/product_tag?post=23925"}],"curies":[{"name":"wp","href":"https:\/\/api.w.org\/{rel}","templated":true}]}}