{"id":23965,"date":"2019-07-16T19:18:12","date_gmt":"2019-07-16T16:18:12","guid":{"rendered":"https:\/\/kingarms.ee\/product\/dynamic-chest-rig-taktinen-liivit-multicam\/"},"modified":"2024-08-09T17:47:12","modified_gmt":"2024-08-09T14:47:12","slug":"dynamic-chest-rig-taktinen-liivit-multicam","status":"publish","type":"product","link":"https:\/\/kingarms.ee\/fi\/product\/dynamic-chest-rig-taktinen-liivit-multicam\/","title":{"rendered":"Dynamic Chest Rig Taktinen Liivit &#8211; Multicam"},"content":{"rendered":"<p><a href=\"https:\/\/kingarms.ee\/wp-content\/uploads\/2019\/07\/1152211770_4-300x200.jpg\"><img loading=\"lazy\" decoding=\"async\" class=\"alignnone size-medium wp-image-23966\" src=\"https:\/\/kingarms.ee\/wp-content\/uploads\/2019\/07\/1152211770_4-300x200.jpg\" alt=\"\" width=\"300\" height=\"200\" srcset=\"https:\/\/kingarms.ee\/wp-content\/uploads\/2019\/07\/1152211770_4-300x200.jpg 300w, https:\/\/kingarms.ee\/wp-content\/uploads\/2019\/07\/1152211770_4-150x100.jpg 150w, https:\/\/kingarms.ee\/wp-content\/uploads\/2019\/07\/1152211770_4-500x333.jpg 500w, https:\/\/kingarms.ee\/wp-content\/uploads\/2019\/07\/1152211770_4-768x512.jpg 768w, https:\/\/kingarms.ee\/wp-content\/uploads\/2019\/07\/1152211770_4.jpg 800w\" sizes=\"auto, (max-width: 300px) 100vw, 300px\" \/><\/a><\/p>\n","protected":false},"excerpt":{"rendered":"<p><span title=\"\">Dynamic Chest Rig on Primal Gearin valmistama taktinen liivi kest\u00e4v\u00e4st\u00e4 nailonista.<\/span> <span title=\"\">Liivi on eritt\u00e4in kevyt ja minimalistinen. Luurankorakenne koostuu melkein yksinomaan MOLLE \/ PALS-vy\u00f6t\u00e4r\u00f6st\u00e4 ja tukirakenteesta.<\/span> <span title=\"\">Olkaimet ja ristihihna on varustettu joustavilla lastenrannekkeilla, joiden avulla liivi sopii t\u00e4ydellisesti k\u00e4ytt\u00e4j\u00e4n vartaloon.<\/span><br \/>\n<span title=\"\">H-muotoisessa ahdin sis\u00e4lt\u00e4\u00e4 elastiset hihnat esimerkiksi hydraattij\u00e4rjestelm\u00e4n putken tai viestint\u00e4laitteiden kaapeleiden kiinnitt\u00e4mist\u00e4 varten.<\/span> <span title=\"\">Liivi voidaan poistaa nopeasti 5 soljen avulla, jotka muodostavat kantokyvyn perustan.<\/span> <span title=\"\">MOLLE \/ PALS-hihnatunnistin antaa sinulle mahdollisuuden sijoittaa ylim\u00e4\u00e4r\u00e4isi\u00e4 laukkuja mihin tahansa kokoonpanoon.<\/span><\/p>\n","protected":false},"featured_media":23966,"template":"","meta":{"_acf_changed":false},"product_brand":[],"product_cat":[265],"product_tag":[],"class_list":{"0":"post-23965","1":"product","2":"type-product","3":"status-publish","4":"has-post-thumbnail","6":"product_cat-takit-ja-valjaat","8":"first","9":"instock","10":"taxable","11":"shipping-taxable","12":"purchasable","13":"product-type-simple"},"acf":[],"_links":{"self":[{"href":"https:\/\/kingarms.ee\/fi\/wp-json\/wp\/v2\/product\/23965","targetHints":{"allow":["GET"]}}],"collection":[{"href":"https:\/\/kingarms.ee\/fi\/wp-json\/wp\/v2\/product"}],"about":[{"href":"https:\/\/kingarms.ee\/fi\/wp-json\/wp\/v2\/types\/product"}],"wp:featuredmedia":[{"embeddable":true,"href":"https:\/\/kingarms.ee\/fi\/wp-json\/wp\/v2\/media\/23966"}],"wp:attachment":[{"href":"https:\/\/kingarms.ee\/fi\/wp-json\/wp\/v2\/media?parent=23965"}],"wp:term":[{"taxonomy":"product_brand","embeddable":true,"href":"https:\/\/kingarms.ee\/fi\/wp-json\/wp\/v2\/product_brand?post=23965"},{"taxonomy":"product_cat","embeddable":true,"href":"https:\/\/kingarms.ee\/fi\/wp-json\/wp\/v2\/product_cat?post=23965"},{"taxonomy":"product_tag","embeddable":true,"href":"https:\/\/kingarms.ee\/fi\/wp-json\/wp\/v2\/product_tag?post=23965"}],"curies":[{"name":"wp","href":"https:\/\/api.w.org\/{rel}","templated":true}]}}