{"id":23973,"date":"2018-10-16T14:32:38","date_gmt":"2018-10-16T11:32:38","guid":{"rendered":"https:\/\/kingarms.ee\/product\/fsbe-taktinen-liivit-beige\/"},"modified":"2024-08-09T19:51:37","modified_gmt":"2024-08-09T16:51:37","slug":"fsbe-taktinen-liivit-beige","status":"publish","type":"product","link":"https:\/\/kingarms.ee\/fi\/product\/fsbe-taktinen-liivit-beige\/","title":{"rendered":"FSBE Taktinen Liivit &#8211; Beige"},"content":{"rendered":"<p><a href=\"https:\/\/kingarms.ee\/wp-content\/uploads\/2018\/10\/1152191689_1-300x204.jpg\"><img loading=\"lazy\" decoding=\"async\" class=\"size-medium wp-image-23974\" src=\"https:\/\/kingarms.ee\/wp-content\/uploads\/2018\/10\/1152191689_1-300x204.jpg\" alt=\"\" width=\"300\" height=\"204\" srcset=\"https:\/\/kingarms.ee\/wp-content\/uploads\/2018\/10\/1152191689_1-300x204.jpg 300w, https:\/\/kingarms.ee\/wp-content\/uploads\/2018\/10\/1152191689_1-150x102.jpg 150w, https:\/\/kingarms.ee\/wp-content\/uploads\/2018\/10\/1152191689_1-500x341.jpg 500w, https:\/\/kingarms.ee\/wp-content\/uploads\/2018\/10\/1152191689_1-768x523.jpg 768w, https:\/\/kingarms.ee\/wp-content\/uploads\/2018\/10\/1152191689_1.jpg 800w\" sizes=\"auto, (max-width: 300px) 100vw, 300px\" \/><\/a><\/p>\n","protected":false},"excerpt":{"rendered":"<p><span title=\"\">Suosittu rintatyyppinen taktinen liivi (Beez), joka on valmistettu kest\u00e4v\u00e4st\u00e4 ja kevyest\u00e4 nylonista.<\/span> <span title=\"\">Sopii paremmin M4- tai AK-soittimille.<\/span> <span title=\"\">Liivi on varustettu kaksinkertaisella taskutella (6 alustaa).<\/span> <span title=\"\">Plus 2 k\u00e4siasetaskua.<\/span> <span title=\"\">Lis\u00e4ksi on mahdollista asentaa taskuja: taskulamppu, teleskooppivaunut (erityinen lupa valaisimen kuljettamiseen) tai pikalaturi<\/span><br \/>\n<span title=\"\">V\u00e4ri: Beez<\/span><br \/>\n<span title=\"\">Paino: 700 g<\/span><\/p>\n","protected":false},"featured_media":23974,"template":"","meta":{"_acf_changed":false},"product_brand":[],"product_cat":[265],"product_tag":[],"class_list":{"0":"post-23973","1":"product","2":"type-product","3":"status-publish","4":"has-post-thumbnail","6":"product_cat-takit-ja-valjaat","8":"first","9":"onbackorder","10":"taxable","11":"shipping-taxable","12":"product-type-simple"},"acf":[],"_links":{"self":[{"href":"https:\/\/kingarms.ee\/fi\/wp-json\/wp\/v2\/product\/23973","targetHints":{"allow":["GET"]}}],"collection":[{"href":"https:\/\/kingarms.ee\/fi\/wp-json\/wp\/v2\/product"}],"about":[{"href":"https:\/\/kingarms.ee\/fi\/wp-json\/wp\/v2\/types\/product"}],"wp:featuredmedia":[{"embeddable":true,"href":"https:\/\/kingarms.ee\/fi\/wp-json\/wp\/v2\/media\/23974"}],"wp:attachment":[{"href":"https:\/\/kingarms.ee\/fi\/wp-json\/wp\/v2\/media?parent=23973"}],"wp:term":[{"taxonomy":"product_brand","embeddable":true,"href":"https:\/\/kingarms.ee\/fi\/wp-json\/wp\/v2\/product_brand?post=23973"},{"taxonomy":"product_cat","embeddable":true,"href":"https:\/\/kingarms.ee\/fi\/wp-json\/wp\/v2\/product_cat?post=23973"},{"taxonomy":"product_tag","embeddable":true,"href":"https:\/\/kingarms.ee\/fi\/wp-json\/wp\/v2\/product_tag?post=23973"}],"curies":[{"name":"wp","href":"https:\/\/api.w.org\/{rel}","templated":true}]}}