{"id":23985,"date":"2018-08-31T11:08:54","date_gmt":"2018-08-31T08:08:54","guid":{"rendered":"https:\/\/kingarms.ee\/product\/fsbe-taktinen-liivit-mc\/"},"modified":"2025-05-02T15:05:21","modified_gmt":"2025-05-02T12:05:21","slug":"fsbe-taktinen-liivit-mc","status":"publish","type":"product","link":"https:\/\/kingarms.ee\/fi\/product\/fsbe-taktinen-liivit-mc\/","title":{"rendered":"Kilven kantolaite taskuilla &#8211; Multicam"},"content":{"rendered":"<p><a href=\"https:\/\/kingarms.ee\/wp-content\/uploads\/2018\/03\/1152209121_1.jpg\"><img loading=\"lazy\" decoding=\"async\" class=\"alignnone size-medium wp-image-2389\" src=\"https:\/\/kingarms.ee\/wp-content\/uploads\/2018\/03\/1152209121_1-300x200.jpg\" alt=\"\" width=\"300\" height=\"200\"><\/a><\/p>\n","protected":false},"excerpt":{"rendered":"<p>Kilven kantolaite taskuilla &#8211; Multicam<\/p>\n<p>TAKTILIVE-LIIVI<\/p>\n<p>SIVUN AVAUS S\u00c4\u00c4DETT\u00c4VISS\u00c4 haarukan ja puristimen avulla.<\/p>\n<p>NOPEA VAPAUTUMINEN METALLIKAAPELEIDEN KAUTTA<\/p>\n<p>MOLLE-VY\u00d6T EDESS\u00c4 JA TAKANA<\/p>\n<p>S\u00c4\u00c4NN\u00d6LLISET PAIDAT, joissa on rannekoru tai solmio.<\/p>\n<p>1x HALLINTALAUKKU PASSPASTERIN JUHLAKIRJAN KANSIIN JA PASSPASTERIN LAASTARIIN, JOSSA ON K\u00c4SIKAHVA JA ALUSTA<\/p>\n<p>3 x PULVERINAPPI ELASTISELLA JA LANKAPURISTIMELLA varustettuna<\/p>\n<p>1x VERTIKAALINEN SUURI K\u00c4YTT\u00d6LAUKKU, JOSSA ON YL\u00c4INEN RIPUSTIN<\/p>\n<p>1x PY\u00d6R\u00c4TTY LAUKKU SULJETTUILLA<\/p>\n<p>KAIKKI LAUKUT OVAT IRROITETTAVIA JA MOLLE SYSTM:ll\u00e4 SIIRRETT\u00c4VISS\u00c4<\/p>\n<p>VALMIIDEN KAITEIDEN KANSSA (EI SIS\u00c4LLY)<\/p>\n<p>YKSI KOKO, S\u00c4\u00c4DETT\u00c4V\u00c4<\/p>\n<p>MULTICAM V\u00c4RI<\/p>\n","protected":false},"featured_media":23986,"template":"","meta":{"_acf_changed":false},"product_brand":[],"product_cat":[265],"product_tag":[],"class_list":{"0":"post-23985","1":"product","2":"type-product","3":"status-publish","4":"has-post-thumbnail","6":"product_cat-takit-ja-valjaat","8":"first","9":"onbackorder","10":"product-type-simple"},"acf":[],"_links":{"self":[{"href":"https:\/\/kingarms.ee\/fi\/wp-json\/wp\/v2\/product\/23985","targetHints":{"allow":["GET"]}}],"collection":[{"href":"https:\/\/kingarms.ee\/fi\/wp-json\/wp\/v2\/product"}],"about":[{"href":"https:\/\/kingarms.ee\/fi\/wp-json\/wp\/v2\/types\/product"}],"wp:featuredmedia":[{"embeddable":true,"href":"https:\/\/kingarms.ee\/fi\/wp-json\/wp\/v2\/media\/23986"}],"wp:attachment":[{"href":"https:\/\/kingarms.ee\/fi\/wp-json\/wp\/v2\/media?parent=23985"}],"wp:term":[{"taxonomy":"product_brand","embeddable":true,"href":"https:\/\/kingarms.ee\/fi\/wp-json\/wp\/v2\/product_brand?post=23985"},{"taxonomy":"product_cat","embeddable":true,"href":"https:\/\/kingarms.ee\/fi\/wp-json\/wp\/v2\/product_cat?post=23985"},{"taxonomy":"product_tag","embeddable":true,"href":"https:\/\/kingarms.ee\/fi\/wp-json\/wp\/v2\/product_tag?post=23985"}],"curies":[{"name":"wp","href":"https:\/\/api.w.org\/{rel}","templated":true}]}}