{"id":23992,"date":"2018-09-28T18:28:01","date_gmt":"2018-09-28T15:28:01","guid":{"rendered":"https:\/\/kingarms.ee\/product\/kam-39-taktinen-liivit-oliiv\/"},"modified":"2025-07-06T15:07:26","modified_gmt":"2025-07-06T12:07:26","slug":"kam-39-taktinen-liivit-oliiv","status":"publish","type":"product","link":"https:\/\/kingarms.ee\/fi\/product\/kam-39-taktinen-liivit-oliiv\/","title":{"rendered":"KAM-39 Taktinen Liivit &#8211; oliiv"},"content":{"rendered":"<p><a href=\"https:\/\/kingarms.ee\/wp-content\/uploads\/2018\/09\/1152195898_1-300x204.jpg\"><img loading=\"lazy\" decoding=\"async\" class=\"size-medium wp-image-9925\" src=\"https:\/\/kingarms.ee\/wp-content\/uploads\/2018\/09\/1152195898_1-300x204.jpg\" alt=\"\" width=\"300\" height=\"204\" srcset=\"https:\/\/kingarms.ee\/wp-content\/uploads\/2018\/09\/1152195898_1-300x204.jpg 300w, https:\/\/kingarms.ee\/wp-content\/uploads\/2018\/09\/1152195898_1-150x102.jpg 150w, https:\/\/kingarms.ee\/wp-content\/uploads\/2018\/09\/1152195898_1-500x341.jpg 500w, https:\/\/kingarms.ee\/wp-content\/uploads\/2018\/09\/1152195898_1-768x523.jpg 768w, https:\/\/kingarms.ee\/wp-content\/uploads\/2018\/09\/1152195898_1.jpg 800w\" sizes=\"auto, (max-width: 300px) 100vw, 300px\" \/><\/a><\/p>\n","protected":false},"excerpt":{"rendered":"<p>KAM-39 Taktinen Liivit &#8211; oliiv<\/p>\n<p>Liiviss\u00e4 on ter\u00e4slinjat, jotka mahdollistavat nopean vapautumisen liivist\u00e4.<\/p>\n<p>Kompakti taktinen liivi sis\u00e4lt\u00e4\u00e4:<\/p>\n<p>M4\/M16, G36 ja AK47 salve taskuid<\/p>\n<p>Moduuli laukun kanssa<\/p>\n<p>K\u00e4siaseen kotelo + 2 lokerotaskua<\/p>\n<p>V\u00e4ri musta<\/p>\n<p>Paino: 1900g<\/p>\n","protected":false},"featured_media":23993,"template":"","meta":{"_acf_changed":false},"product_brand":[],"product_cat":[265],"product_tag":[],"class_list":{"0":"post-23992","1":"product","2":"type-product","3":"status-publish","4":"has-post-thumbnail","6":"product_cat-takit-ja-valjaat","8":"first","9":"onbackorder","10":"taxable","11":"shipping-taxable","12":"product-type-simple"},"acf":[],"_links":{"self":[{"href":"https:\/\/kingarms.ee\/fi\/wp-json\/wp\/v2\/product\/23992","targetHints":{"allow":["GET"]}}],"collection":[{"href":"https:\/\/kingarms.ee\/fi\/wp-json\/wp\/v2\/product"}],"about":[{"href":"https:\/\/kingarms.ee\/fi\/wp-json\/wp\/v2\/types\/product"}],"wp:featuredmedia":[{"embeddable":true,"href":"https:\/\/kingarms.ee\/fi\/wp-json\/wp\/v2\/media\/23993"}],"wp:attachment":[{"href":"https:\/\/kingarms.ee\/fi\/wp-json\/wp\/v2\/media?parent=23992"}],"wp:term":[{"taxonomy":"product_brand","embeddable":true,"href":"https:\/\/kingarms.ee\/fi\/wp-json\/wp\/v2\/product_brand?post=23992"},{"taxonomy":"product_cat","embeddable":true,"href":"https:\/\/kingarms.ee\/fi\/wp-json\/wp\/v2\/product_cat?post=23992"},{"taxonomy":"product_tag","embeddable":true,"href":"https:\/\/kingarms.ee\/fi\/wp-json\/wp\/v2\/product_tag?post=23992"}],"curies":[{"name":"wp","href":"https:\/\/api.w.org\/{rel}","templated":true}]}}