{"id":24118,"date":"2019-03-26T20:54:03","date_gmt":"2019-03-26T17:54:03","guid":{"rendered":"https:\/\/kingarms.ee\/product\/taktinen-liivit-beige\/"},"modified":"2024-08-09T18:54:08","modified_gmt":"2024-08-09T15:54:08","slug":"taktinen-liivit-beige","status":"publish","type":"product","link":"https:\/\/kingarms.ee\/fi\/product\/taktinen-liivit-beige\/","title":{"rendered":"Taktinen liivit \u2013 Beige"},"content":{"rendered":"<p><a href=\"https:\/\/kingarms.ee\/wp-content\/uploads\/2019\/03\/1152216232_1-300x200.jpg\"><img loading=\"lazy\" decoding=\"async\" class=\"alignnone size-medium wp-image-24119\" src=\"https:\/\/kingarms.ee\/wp-content\/uploads\/2019\/03\/1152216232_1-300x200.jpg\" alt=\"\" width=\"300\" height=\"200\" srcset=\"https:\/\/kingarms.ee\/wp-content\/uploads\/2019\/03\/1152216232_1-300x200.jpg 300w, https:\/\/kingarms.ee\/wp-content\/uploads\/2019\/03\/1152216232_1-150x100.jpg 150w, https:\/\/kingarms.ee\/wp-content\/uploads\/2019\/03\/1152216232_1-500x333.jpg 500w, https:\/\/kingarms.ee\/wp-content\/uploads\/2019\/03\/1152216232_1-768x512.jpg 768w, https:\/\/kingarms.ee\/wp-content\/uploads\/2019\/03\/1152216232_1.jpg 800w\" sizes=\"auto, (max-width: 300px) 100vw, 300px\" \/><\/a><\/p>\n","protected":false},"excerpt":{"rendered":"<p><span title=\"\">Valmistettu kest\u00e4v\u00e4st\u00e4, taktisesta 6094-tyylisest\u00e4 kantolevyst\u00e4, valmistettu kahdesta paneelista, jotka yhdist\u00e4\u00e4 leve\u00e4 cummerbund ja mukavat hartiat.<\/span> <span title=\"\">MOLLE-j\u00e4rjestelm\u00e4n tyynyt asetetaan liivin koko pintaan;<\/span> <span title=\"\">cummerbundu ovat pieni\u00e4 taskuja, joiden avulla voit sijoittaa ne, kuten pistoolilehden.<\/span><br \/>\n<span title=\"\">Liivin keskell\u00e4 on 2 taskua ballistisille tarvikkeille.<\/span> <span title=\"\">Liivi on t\u00e4ysin s\u00e4\u00e4dett\u00e4viss\u00e4, joten k\u00e4ytt\u00e4j\u00e4n rakenteen ja asetusten asentamisessa ei ole ongelmia.<\/span><\/p>\n","protected":false},"featured_media":24119,"template":"","meta":{"_acf_changed":false},"product_brand":[],"product_cat":[265],"product_tag":[],"class_list":{"0":"post-24118","1":"product","2":"type-product","3":"status-publish","4":"has-post-thumbnail","6":"product_cat-takit-ja-valjaat","8":"first","9":"onbackorder","10":"taxable","11":"shipping-taxable","12":"product-type-simple"},"acf":[],"_links":{"self":[{"href":"https:\/\/kingarms.ee\/fi\/wp-json\/wp\/v2\/product\/24118","targetHints":{"allow":["GET"]}}],"collection":[{"href":"https:\/\/kingarms.ee\/fi\/wp-json\/wp\/v2\/product"}],"about":[{"href":"https:\/\/kingarms.ee\/fi\/wp-json\/wp\/v2\/types\/product"}],"wp:featuredmedia":[{"embeddable":true,"href":"https:\/\/kingarms.ee\/fi\/wp-json\/wp\/v2\/media\/24119"}],"wp:attachment":[{"href":"https:\/\/kingarms.ee\/fi\/wp-json\/wp\/v2\/media?parent=24118"}],"wp:term":[{"taxonomy":"product_brand","embeddable":true,"href":"https:\/\/kingarms.ee\/fi\/wp-json\/wp\/v2\/product_brand?post=24118"},{"taxonomy":"product_cat","embeddable":true,"href":"https:\/\/kingarms.ee\/fi\/wp-json\/wp\/v2\/product_cat?post=24118"},{"taxonomy":"product_tag","embeddable":true,"href":"https:\/\/kingarms.ee\/fi\/wp-json\/wp\/v2\/product_tag?post=24118"}],"curies":[{"name":"wp","href":"https:\/\/api.w.org\/{rel}","templated":true}]}}