{"id":24127,"date":"2019-03-03T17:03:18","date_gmt":"2019-03-03T14:03:18","guid":{"rendered":"https:\/\/kingarms.ee\/product\/taktinen-liivit-multicamo\/"},"modified":"2024-08-09T19:25:22","modified_gmt":"2024-08-09T16:25:22","slug":"taktinen-liivit-multicamo","status":"publish","type":"product","link":"https:\/\/kingarms.ee\/fi\/product\/taktinen-liivit-multicamo\/","title":{"rendered":"Taktinen Liivit &#8211; MULTICAMO"},"content":{"rendered":"<p><a href=\"https:\/\/kingarms.ee\/wp-content\/uploads\/2019\/03\/M51611014-CP14-300x225.jpg\"><img loading=\"lazy\" decoding=\"async\" class=\"alignnone size-medium wp-image-24128\" src=\"https:\/\/kingarms.ee\/wp-content\/uploads\/2019\/03\/M51611014-CP14-300x225.jpg\" alt=\"\" width=\"300\" height=\"225\" srcset=\"https:\/\/kingarms.ee\/wp-content\/uploads\/2019\/03\/M51611014-CP14-300x225.jpg 300w, https:\/\/kingarms.ee\/wp-content\/uploads\/2019\/03\/M51611014-CP14-150x113.jpg 150w, https:\/\/kingarms.ee\/wp-content\/uploads\/2019\/03\/M51611014-CP14-500x375.jpg 500w, https:\/\/kingarms.ee\/wp-content\/uploads\/2019\/03\/M51611014-CP14-600x450.jpg 600w, https:\/\/kingarms.ee\/wp-content\/uploads\/2019\/03\/M51611014-CP14.jpg 640w\" sizes=\"auto, (max-width: 300px) 100vw, 300px\" \/><\/a><\/p>\n","protected":false},"excerpt":{"rendered":"<p><span title=\"\">Tyypillinen liivi, jota Navy SEAL ja Delta Force k\u00e4ytt\u00e4v\u00e4t.<\/span> <span title=\"\">Mukana on kaksi suurta taskua edess\u00e4 ja takana vakio ballistisia lis\u00e4varusteita varten 10&#215;12.<\/span> <span title=\"\">T\u00e4m\u00e4 on yksi mukavimmista takista luokassa.<\/span> <span title=\"\">Erityisen suosittu Yhdysvaltojen erikoisjoukkojen keskuudessa.<\/span> <span title=\"\">Liivin edess\u00e4 on iso tarranauha mink\u00e4 tahansa tyyppiselle merkille jne.<\/span> <span title=\"\">Liivin takana on erityinen kaulansuoja.<\/span> <span title=\"\">Sis\u00e4lt\u00e4\u00e4 pehme\u00e4t mannekiini ballistiset tarvikkeet.<\/span> <span title=\"\">Liivi sopii kaiken kokoisille ihmisille.<\/span><\/p>\n","protected":false},"featured_media":24128,"template":"","meta":{"_acf_changed":false},"product_brand":[],"product_cat":[265],"product_tag":[],"class_list":{"0":"post-24127","1":"product","2":"type-product","3":"status-publish","4":"has-post-thumbnail","6":"product_cat-takit-ja-valjaat","8":"first","9":"onbackorder","10":"taxable","11":"shipping-taxable","12":"product-type-simple"},"acf":[],"_links":{"self":[{"href":"https:\/\/kingarms.ee\/fi\/wp-json\/wp\/v2\/product\/24127","targetHints":{"allow":["GET"]}}],"collection":[{"href":"https:\/\/kingarms.ee\/fi\/wp-json\/wp\/v2\/product"}],"about":[{"href":"https:\/\/kingarms.ee\/fi\/wp-json\/wp\/v2\/types\/product"}],"wp:featuredmedia":[{"embeddable":true,"href":"https:\/\/kingarms.ee\/fi\/wp-json\/wp\/v2\/media\/24128"}],"wp:attachment":[{"href":"https:\/\/kingarms.ee\/fi\/wp-json\/wp\/v2\/media?parent=24127"}],"wp:term":[{"taxonomy":"product_brand","embeddable":true,"href":"https:\/\/kingarms.ee\/fi\/wp-json\/wp\/v2\/product_brand?post=24127"},{"taxonomy":"product_cat","embeddable":true,"href":"https:\/\/kingarms.ee\/fi\/wp-json\/wp\/v2\/product_cat?post=24127"},{"taxonomy":"product_tag","embeddable":true,"href":"https:\/\/kingarms.ee\/fi\/wp-json\/wp\/v2\/product_tag?post=24127"}],"curies":[{"name":"wp","href":"https:\/\/api.w.org\/{rel}","templated":true}]}}