{"id":24231,"date":"2019-01-29T15:56:05","date_gmt":"2019-01-29T12:56:05","guid":{"rendered":"https:\/\/kingarms.ee\/product\/takki-security\/"},"modified":"2024-08-09T19:36:16","modified_gmt":"2024-08-09T16:36:16","slug":"takki-security","status":"publish","type":"product","link":"https:\/\/kingarms.ee\/fi\/product\/takki-security\/","title":{"rendered":"Takki &#8221;Security&#8221;"},"content":{"rendered":"<p><a href=\"https:\/\/kingarms.ee\/wp-content\/uploads\/2019\/01\/Untitled-1-242x300.png\"><img loading=\"lazy\" decoding=\"async\" class=\"alignnone size-medium wp-image-11783\" src=\"https:\/\/kingarms.ee\/wp-content\/uploads\/2019\/01\/Untitled-1-242x300.png\" alt=\"\" width=\"242\" height=\"300\" srcset=\"https:\/\/kingarms.ee\/wp-content\/uploads\/2019\/01\/Untitled-1-242x300.png 242w, https:\/\/kingarms.ee\/wp-content\/uploads\/2019\/01\/Untitled-1-150x186.png 150w, https:\/\/kingarms.ee\/wp-content\/uploads\/2019\/01\/Untitled-1.png 484w\" sizes=\"auto, (max-width: 242px) 100vw, 242px\" \/><\/a><\/p>\n","protected":false},"excerpt":{"rendered":"<p><span title=\"\">100% polyesteri (fleece)<\/span><br \/>\n<span title=\"\">Raja: 100% polyesteri\u00e4, p\u00e4\u00e4llystetty polyuretaanilla<\/span><br \/>\n<span title=\"\">&#8211; vahvistettu kyyn\u00e4rp\u00e4\u00e4 ja olkap\u00e4\u00e4<\/span><br \/>\n<span title=\"\">&#8211; 2 vetoketjullista sivutaskua<\/span><\/p>\n","protected":false},"featured_media":24232,"template":"","meta":{"_acf_changed":false},"product_brand":[],"product_cat":[760],"product_tag":[],"class_list":{"0":"post-24231","1":"product","2":"type-product","3":"status-publish","4":"has-post-thumbnail","6":"product_cat-vaatteet","8":"first","9":"instock","10":"taxable","11":"shipping-taxable","12":"purchasable","13":"product-type-simple"},"acf":[],"_links":{"self":[{"href":"https:\/\/kingarms.ee\/fi\/wp-json\/wp\/v2\/product\/24231","targetHints":{"allow":["GET"]}}],"collection":[{"href":"https:\/\/kingarms.ee\/fi\/wp-json\/wp\/v2\/product"}],"about":[{"href":"https:\/\/kingarms.ee\/fi\/wp-json\/wp\/v2\/types\/product"}],"wp:featuredmedia":[{"embeddable":true,"href":"https:\/\/kingarms.ee\/fi\/wp-json\/wp\/v2\/media\/24232"}],"wp:attachment":[{"href":"https:\/\/kingarms.ee\/fi\/wp-json\/wp\/v2\/media?parent=24231"}],"wp:term":[{"taxonomy":"product_brand","embeddable":true,"href":"https:\/\/kingarms.ee\/fi\/wp-json\/wp\/v2\/product_brand?post=24231"},{"taxonomy":"product_cat","embeddable":true,"href":"https:\/\/kingarms.ee\/fi\/wp-json\/wp\/v2\/product_cat?post=24231"},{"taxonomy":"product_tag","embeddable":true,"href":"https:\/\/kingarms.ee\/fi\/wp-json\/wp\/v2\/product_tag?post=24231"}],"curies":[{"name":"wp","href":"https:\/\/api.w.org\/{rel}","templated":true}]}}