{"id":24316,"date":"2018-09-28T18:41:51","date_gmt":"2018-09-28T15:41:51","guid":{"rendered":"https:\/\/kingarms.ee\/product\/knife-replica-musta\/"},"modified":"2025-07-06T15:06:18","modified_gmt":"2025-07-06T12:06:18","slug":"knife-replica-musta","status":"publish","type":"product","link":"https:\/\/kingarms.ee\/fi\/product\/knife-replica-musta\/","title":{"rendered":"Knife replica &#8211; musta"},"content":{"rendered":"<p><a href=\"https:\/\/kingarms.ee\/wp-content\/uploads\/2018\/09\/1152205292_2-300x200.jpg\"><img loading=\"lazy\" decoding=\"async\" class=\"size-medium wp-image-9940\" src=\"https:\/\/kingarms.ee\/wp-content\/uploads\/2018\/09\/1152205292_2-300x200.jpg\" alt=\"\" width=\"300\" height=\"200\" srcset=\"https:\/\/kingarms.ee\/wp-content\/uploads\/2018\/09\/1152205292_2-300x200.jpg 300w, https:\/\/kingarms.ee\/wp-content\/uploads\/2018\/09\/1152205292_2-150x100.jpg 150w, https:\/\/kingarms.ee\/wp-content\/uploads\/2018\/09\/1152205292_2-500x333.jpg 500w, https:\/\/kingarms.ee\/wp-content\/uploads\/2018\/09\/1152205292_2-768x512.jpg 768w, https:\/\/kingarms.ee\/wp-content\/uploads\/2018\/09\/1152205292_2.jpg 800w\" sizes=\"auto, (max-width: 300px) 100vw, 300px\" \/><\/a><\/p>\n","protected":false},"excerpt":{"rendered":"<p>Knife replica &#8211; musta<\/p>\n<p>&#8220;Ter\u00e4&#8221; on valmistettu kest\u00e4v\u00e4st\u00e4 mutta joustavasta muovimateriaalista. Kahva on p\u00e4\u00e4llystetty luistamattomalla tekstuurilla, joka takaa pysyv\u00e4n otteen. Muovinen veitsi sopii erinomaisesti harjoitteluun ja airsoft-pelaamiseen.  <\/p>\n","protected":false},"featured_media":24317,"template":"","meta":{"_acf_changed":false},"product_brand":[],"product_cat":[662],"product_tag":[],"class_list":{"0":"post-24316","1":"product","2":"type-product","3":"status-publish","4":"has-post-thumbnail","6":"product_cat-noad-fi","8":"first","9":"onbackorder","10":"taxable","11":"shipping-taxable","12":"product-type-simple"},"acf":[],"_links":{"self":[{"href":"https:\/\/kingarms.ee\/fi\/wp-json\/wp\/v2\/product\/24316","targetHints":{"allow":["GET"]}}],"collection":[{"href":"https:\/\/kingarms.ee\/fi\/wp-json\/wp\/v2\/product"}],"about":[{"href":"https:\/\/kingarms.ee\/fi\/wp-json\/wp\/v2\/types\/product"}],"wp:featuredmedia":[{"embeddable":true,"href":"https:\/\/kingarms.ee\/fi\/wp-json\/wp\/v2\/media\/24317"}],"wp:attachment":[{"href":"https:\/\/kingarms.ee\/fi\/wp-json\/wp\/v2\/media?parent=24316"}],"wp:term":[{"taxonomy":"product_brand","embeddable":true,"href":"https:\/\/kingarms.ee\/fi\/wp-json\/wp\/v2\/product_brand?post=24316"},{"taxonomy":"product_cat","embeddable":true,"href":"https:\/\/kingarms.ee\/fi\/wp-json\/wp\/v2\/product_cat?post=24316"},{"taxonomy":"product_tag","embeddable":true,"href":"https:\/\/kingarms.ee\/fi\/wp-json\/wp\/v2\/product_tag?post=24316"}],"curies":[{"name":"wp","href":"https:\/\/api.w.org\/{rel}","templated":true}]}}