{"id":24400,"date":"2019-06-17T15:48:34","date_gmt":"2019-06-17T12:48:34","guid":{"rendered":"https:\/\/kingarms.ee\/product\/x-bailong-1800lm\/"},"modified":"2024-08-09T18:08:01","modified_gmt":"2024-08-09T15:08:01","slug":"x-bailong-1800lm","status":"publish","type":"product","link":"https:\/\/kingarms.ee\/fi\/product\/x-bailong-1800lm\/","title":{"rendered":"X-BAILONG 1800lm"},"content":{"rendered":"<p><a href=\"https:\/\/kingarms.ee\/wp-content\/uploads\/2019\/06\/3175-1200x1200-300x300.jpg\"><img loading=\"lazy\" decoding=\"async\" class=\"alignnone size-medium wp-image-15969\" src=\"https:\/\/kingarms.ee\/wp-content\/uploads\/2019\/06\/3175-1200x1200-300x300.jpg\" alt=\"\" width=\"300\" height=\"300\" srcset=\"https:\/\/kingarms.ee\/wp-content\/uploads\/2019\/06\/3175-1200x1200-300x300.jpg 300w, https:\/\/kingarms.ee\/wp-content\/uploads\/2019\/06\/3175-1200x1200-150x150.jpg 150w, https:\/\/kingarms.ee\/wp-content\/uploads\/2019\/06\/3175-1200x1200-500x500.jpg 500w, https:\/\/kingarms.ee\/wp-content\/uploads\/2019\/06\/3175-1200x1200-768x768.jpg 768w, https:\/\/kingarms.ee\/wp-content\/uploads\/2019\/06\/3175-1200x1200.jpg 1024w\" sizes=\"auto, (max-width: 300px) 100vw, 300px\" \/><\/a><\/p>\n","protected":false},"excerpt":{"rendered":"<p><span title=\"\">Korkealaatuinen, raskasmetalli taskulamppu suurennuksella X1 &#8211; X2000.<\/span><br \/>\n<span title=\"\">L\u00e4ht\u00f6teho &#8211; enint\u00e4\u00e4n 1800 lumenia<\/span><br \/>\n<span title=\"\">Suurin k\u00e4ytt\u00f6aika &#8211; 708 tuntia<\/span><br \/>\n<span title=\"\">Ty\u00f6aika t\u00e4ydell\u00e4 teholla &#8211; 2 tuntia<\/span><br \/>\n<span title=\"\">Valonvuon et\u00e4isyys &#8211; 560m<\/span><br \/>\n<span title=\"\">Normaalit valkoiset valotilat &#8211; 1800lm @ 2h, 250lm @ 6h15min, 55lm @ 28h, 1lm @ 708h<\/span><br \/>\n<span title=\"\">Valon voimakkuus &#8211; 53500cd<\/span><br \/>\n<span title=\"\">Huom<\/span><span title=\"\">!<\/span> <span title=\"\">T\u00e4m\u00e4 ei ole halpa kiinalainen tuote, jonka luvut ovat v\u00e4\u00e4ri\u00e4.<\/span><\/p>\n","protected":false},"featured_media":24401,"template":"","meta":{"_acf_changed":false},"product_brand":[],"product_cat":[736],"product_tag":[],"class_list":{"0":"post-24400","1":"product","2":"type-product","3":"status-publish","4":"has-post-thumbnail","6":"product_cat-airsoft-taskulamput","8":"first","9":"onbackorder","10":"taxable","11":"shipping-taxable","12":"product-type-simple"},"acf":[],"_links":{"self":[{"href":"https:\/\/kingarms.ee\/fi\/wp-json\/wp\/v2\/product\/24400","targetHints":{"allow":["GET"]}}],"collection":[{"href":"https:\/\/kingarms.ee\/fi\/wp-json\/wp\/v2\/product"}],"about":[{"href":"https:\/\/kingarms.ee\/fi\/wp-json\/wp\/v2\/types\/product"}],"wp:featuredmedia":[{"embeddable":true,"href":"https:\/\/kingarms.ee\/fi\/wp-json\/wp\/v2\/media\/24401"}],"wp:attachment":[{"href":"https:\/\/kingarms.ee\/fi\/wp-json\/wp\/v2\/media?parent=24400"}],"wp:term":[{"taxonomy":"product_brand","embeddable":true,"href":"https:\/\/kingarms.ee\/fi\/wp-json\/wp\/v2\/product_brand?post=24400"},{"taxonomy":"product_cat","embeddable":true,"href":"https:\/\/kingarms.ee\/fi\/wp-json\/wp\/v2\/product_cat?post=24400"},{"taxonomy":"product_tag","embeddable":true,"href":"https:\/\/kingarms.ee\/fi\/wp-json\/wp\/v2\/product_tag?post=24400"}],"curies":[{"name":"wp","href":"https:\/\/api.w.org\/{rel}","templated":true}]}}