{"id":24429,"date":"2018-08-31T11:09:13","date_gmt":"2018-08-31T08:09:13","guid":{"rendered":"https:\/\/kingarms.ee\/product\/e1000-lahtonopeusmittari\/"},"modified":"2025-05-03T12:27:58","modified_gmt":"2025-05-03T09:27:58","slug":"e1000-lahtonopeusmittari","status":"publish","type":"product","link":"https:\/\/kingarms.ee\/fi\/product\/e1000-lahtonopeusmittari\/","title":{"rendered":"E1000-ampeerimittari"},"content":{"rendered":"<p><a href=\"https:\/\/kingarms.ee\/wp-content\/uploads\/2018\/06\/1152206246_1.jpg\"><img loading=\"lazy\" decoding=\"async\" class=\"alignnone size-medium wp-image-3287\" src=\"https:\/\/kingarms.ee\/wp-content\/uploads\/2018\/06\/1152206246_1-300x200.jpg\" alt=\"\" width=\"300\" height=\"200\"><\/a><\/p>\n","protected":false},"excerpt":{"rendered":"<p>E1000-ampeerimittari<\/p>\n<p>Polymeerist\u00e4 valmistettu et\u00e4isyysmittari. Korkean herkkyyden ilmaisimet takaavat tarkat mittaukset. Se on varustettu sarjalla, joka mahdollistaa mukana toimitetun jalustan kiinnitt\u00e4misen k\u00e4tev\u00e4mp\u00e4\u00e4 k\u00e4ytt\u00f6\u00e4 varten.<\/p>\n<p>V\u00e4ltt\u00e4m\u00e4t\u00f6n ty\u00f6kalu jokaiselle teknikolle ja suuri voimavara jokaiselle airsoft-joukkueelle. Toimii 4 AAA-paristolla.<\/p>\n<p>Setti sis\u00e4lt\u00e4\u00e4:<\/p>\n<p>&#8211; Mittauslaite<\/p>\n<p>&#8211; kolmijalka<\/p>\n<p>&#8211; k\u00e4sikirja<\/p>\n","protected":false},"featured_media":24430,"template":"","meta":{"_acf_changed":false},"product_brand":[],"product_cat":[458],"product_tag":[],"class_list":{"0":"post-24429","1":"product","2":"type-product","3":"status-publish","4":"has-post-thumbnail","6":"product_cat-kronografit","8":"first","9":"instock","10":"purchasable","11":"product-type-simple"},"acf":[],"_links":{"self":[{"href":"https:\/\/kingarms.ee\/fi\/wp-json\/wp\/v2\/product\/24429","targetHints":{"allow":["GET"]}}],"collection":[{"href":"https:\/\/kingarms.ee\/fi\/wp-json\/wp\/v2\/product"}],"about":[{"href":"https:\/\/kingarms.ee\/fi\/wp-json\/wp\/v2\/types\/product"}],"wp:featuredmedia":[{"embeddable":true,"href":"https:\/\/kingarms.ee\/fi\/wp-json\/wp\/v2\/media\/24430"}],"wp:attachment":[{"href":"https:\/\/kingarms.ee\/fi\/wp-json\/wp\/v2\/media?parent=24429"}],"wp:term":[{"taxonomy":"product_brand","embeddable":true,"href":"https:\/\/kingarms.ee\/fi\/wp-json\/wp\/v2\/product_brand?post=24429"},{"taxonomy":"product_cat","embeddable":true,"href":"https:\/\/kingarms.ee\/fi\/wp-json\/wp\/v2\/product_cat?post=24429"},{"taxonomy":"product_tag","embeddable":true,"href":"https:\/\/kingarms.ee\/fi\/wp-json\/wp\/v2\/product_tag?post=24429"}],"curies":[{"name":"wp","href":"https:\/\/api.w.org\/{rel}","templated":true}]}}