{"id":24489,"date":"2019-06-17T19:30:17","date_gmt":"2019-06-17T16:30:17","guid":{"rendered":"https:\/\/kingarms.ee\/product\/ase-puhdistussarja\/"},"modified":"2024-08-09T18:07:19","modified_gmt":"2024-08-09T15:07:19","slug":"ase-puhdistussarja","status":"publish","type":"product","link":"https:\/\/kingarms.ee\/fi\/product\/ase-puhdistussarja\/","title":{"rendered":"Ase puhdistussarja"},"content":{"rendered":"<p><a href=\"https:\/\/kingarms.ee\/wp-content\/uploads\/2019\/06\/10545115-300x300.jpg\"><img loading=\"lazy\" decoding=\"async\" class=\"alignnone size-medium wp-image-16024\" src=\"https:\/\/kingarms.ee\/wp-content\/uploads\/2019\/06\/10545115-300x300.jpg\" alt=\"\" width=\"300\" height=\"300\" srcset=\"https:\/\/kingarms.ee\/wp-content\/uploads\/2019\/06\/10545115-300x300.jpg 300w, https:\/\/kingarms.ee\/wp-content\/uploads\/2019\/06\/10545115-150x150.jpg 150w, https:\/\/kingarms.ee\/wp-content\/uploads\/2019\/06\/10545115.jpg 410w\" sizes=\"auto, (max-width: 300px) 100vw, 300px\" \/><\/a><\/p>\n","protected":false},"excerpt":{"rendered":"<p><span title=\"\">Aseen puhdistussarja koostuu<\/span><br \/>\n<span title=\"\">\u2022 6 kappaletta kiinteit\u00e4 messinkitankoja, jotka sopivat 4,5 mm, 6 mm, 9 mm, 17 mm ja 30 kaliiperiin.<\/span><br \/>\n<span title=\"\">\u2022 10 pronssiharjaa<\/span><br \/>\n<span title=\"\">\u2022 6 mopia<\/span><br \/>\n<span title=\"\">\u2022 4 lis\u00e4sovitinta<\/span><br \/>\n<span title=\"\">\u2022 Yksi kahva<\/span><br \/>\n<span title=\"\">\u2022 Kaksi pistorasiaa<\/span><br \/>\n<span title=\"\">\u2022 7 keih\u00e4\u00e4nk\u00e4rki\u00e4<\/span><br \/>\n<span title=\"\">\u2022 Yksi 50 (3 &#8221;x 3&#8221;) puhdistuslevy<\/span><br \/>\n<span title=\"\">T\u00e4m\u00e4 sarja on ihanteellinen ampuma-aseiden, ilma- ja airsoft-aseiden puhdistamiseen.<\/span><\/p>\n","protected":false},"featured_media":24490,"template":"","meta":{"_acf_changed":false},"product_brand":[],"product_cat":[335,268],"product_tag":[],"class_list":{"0":"post-24489","1":"product","2":"type-product","3":"status-publish","4":"has-post-thumbnail","6":"product_cat-aseiden-huolto","7":"product_cat-muut","9":"first","10":"onbackorder","11":"taxable","12":"shipping-taxable","13":"product-type-simple"},"acf":[],"_links":{"self":[{"href":"https:\/\/kingarms.ee\/fi\/wp-json\/wp\/v2\/product\/24489","targetHints":{"allow":["GET"]}}],"collection":[{"href":"https:\/\/kingarms.ee\/fi\/wp-json\/wp\/v2\/product"}],"about":[{"href":"https:\/\/kingarms.ee\/fi\/wp-json\/wp\/v2\/types\/product"}],"wp:featuredmedia":[{"embeddable":true,"href":"https:\/\/kingarms.ee\/fi\/wp-json\/wp\/v2\/media\/24490"}],"wp:attachment":[{"href":"https:\/\/kingarms.ee\/fi\/wp-json\/wp\/v2\/media?parent=24489"}],"wp:term":[{"taxonomy":"product_brand","embeddable":true,"href":"https:\/\/kingarms.ee\/fi\/wp-json\/wp\/v2\/product_brand?post=24489"},{"taxonomy":"product_cat","embeddable":true,"href":"https:\/\/kingarms.ee\/fi\/wp-json\/wp\/v2\/product_cat?post=24489"},{"taxonomy":"product_tag","embeddable":true,"href":"https:\/\/kingarms.ee\/fi\/wp-json\/wp\/v2\/product_tag?post=24489"}],"curies":[{"name":"wp","href":"https:\/\/api.w.org\/{rel}","templated":true}]}}