{"id":24521,"date":"2018-09-28T17:25:43","date_gmt":"2018-09-28T14:25:43","guid":{"rendered":"https:\/\/kingarms.ee\/product\/varta-cr2032\/"},"modified":"2025-07-06T15:08:36","modified_gmt":"2025-07-06T12:08:36","slug":"varta-cr2032","status":"publish","type":"product","link":"https:\/\/kingarms.ee\/fi\/product\/varta-cr2032\/","title":{"rendered":"CR2032 patarei (Varta)"},"content":{"rendered":"<p><a href=\"https:\/\/kingarms.ee\/wp-content\/uploads\/2018\/09\/varta-cr2032-1-650x650-300x300.jpg\"><img loading=\"lazy\" decoding=\"async\" class=\"alignnone size-medium wp-image-9902\" src=\"https:\/\/kingarms.ee\/wp-content\/uploads\/2018\/09\/varta-cr2032-1-650x650-300x300.jpg\" alt=\"\" width=\"300\" height=\"300\" srcset=\"https:\/\/kingarms.ee\/wp-content\/uploads\/2018\/09\/varta-cr2032-1-650x650-300x300.jpg 300w, https:\/\/kingarms.ee\/wp-content\/uploads\/2018\/09\/varta-cr2032-1-650x650-150x150.jpg 150w, https:\/\/kingarms.ee\/wp-content\/uploads\/2018\/09\/varta-cr2032-1-650x650-500x500.jpg 500w, https:\/\/kingarms.ee\/wp-content\/uploads\/2018\/09\/varta-cr2032-1-650x650.jpg 650w\" sizes=\"auto, (max-width: 300px) 100vw, 300px\" \/><\/a><\/p>\n","protected":false},"excerpt":{"rendered":"<p>CR2032 patarei (Varta)<\/p>\n<p>VARTA CR2032-akku soveltuu tarkkuust\u00e4ht\u00e4imiin, taskulamppuihin ja lasert\u00e4ht\u00e4imiin.<\/p>\n<p>Tyyppi: akku<\/p>\n<p>Koko: CR2032<\/p>\n<p>Akun kapasiteetti: 230 mAh<\/p>\n<p>K\u00e4ytt\u00f6l\u00e4mp\u00f6tila: -30 &#8211; +60 org C<\/p>\n<p>J\u00e4nnite: 3,0 V<\/p>\n<p>Paketti: 1 kpl.<\/p>\n","protected":false},"featured_media":24522,"template":"","meta":{"_acf_changed":false},"product_brand":[],"product_cat":[655],"product_tag":[],"class_list":{"0":"post-24521","1":"product","2":"type-product","3":"status-publish","4":"has-post-thumbnail","6":"product_cat-paristot-fi","8":"first","9":"instock","10":"taxable","11":"shipping-taxable","12":"purchasable","13":"product-type-simple"},"acf":[],"_links":{"self":[{"href":"https:\/\/kingarms.ee\/fi\/wp-json\/wp\/v2\/product\/24521","targetHints":{"allow":["GET"]}}],"collection":[{"href":"https:\/\/kingarms.ee\/fi\/wp-json\/wp\/v2\/product"}],"about":[{"href":"https:\/\/kingarms.ee\/fi\/wp-json\/wp\/v2\/types\/product"}],"wp:featuredmedia":[{"embeddable":true,"href":"https:\/\/kingarms.ee\/fi\/wp-json\/wp\/v2\/media\/24522"}],"wp:attachment":[{"href":"https:\/\/kingarms.ee\/fi\/wp-json\/wp\/v2\/media?parent=24521"}],"wp:term":[{"taxonomy":"product_brand","embeddable":true,"href":"https:\/\/kingarms.ee\/fi\/wp-json\/wp\/v2\/product_brand?post=24521"},{"taxonomy":"product_cat","embeddable":true,"href":"https:\/\/kingarms.ee\/fi\/wp-json\/wp\/v2\/product_cat?post=24521"},{"taxonomy":"product_tag","embeddable":true,"href":"https:\/\/kingarms.ee\/fi\/wp-json\/wp\/v2\/product_tag?post=24521"}],"curies":[{"name":"wp","href":"https:\/\/api.w.org\/{rel}","templated":true}]}}