{"id":24609,"date":"2019-07-24T20:18:08","date_gmt":"2019-07-24T17:18:08","guid":{"rendered":"https:\/\/kingarms.ee\/product\/hop-up-kumi-50-vsr-10-gbb\/"},"modified":"2024-08-09T17:42:06","modified_gmt":"2024-08-09T14:42:06","slug":"hop-up-kumi-50-vsr-10-gbb","status":"publish","type":"product","link":"https:\/\/kingarms.ee\/fi\/product\/hop-up-kumi-50-vsr-10-gbb\/","title":{"rendered":"Hop up kumi 50\u00b0 VSR-10 &#038; GBB"},"content":{"rendered":"<p><a href=\"https:\/\/kingarms.ee\/wp-content\/uploads\/2019\/07\/maple-leaf-autobot-bucking-50-300x200.jpg\"><img loading=\"lazy\" decoding=\"async\" class=\"alignnone size-medium wp-image-17134\" src=\"https:\/\/kingarms.ee\/wp-content\/uploads\/2019\/07\/maple-leaf-autobot-bucking-50-300x200.jpg\" alt=\"\" width=\"300\" height=\"200\" srcset=\"https:\/\/kingarms.ee\/wp-content\/uploads\/2019\/07\/maple-leaf-autobot-bucking-50-300x200.jpg 300w, https:\/\/kingarms.ee\/wp-content\/uploads\/2019\/07\/maple-leaf-autobot-bucking-50-150x100.jpg 150w, https:\/\/kingarms.ee\/wp-content\/uploads\/2019\/07\/maple-leaf-autobot-bucking-50-500x333.jpg 500w, https:\/\/kingarms.ee\/wp-content\/uploads\/2019\/07\/maple-leaf-autobot-bucking-50-768x512.jpg 768w, https:\/\/kingarms.ee\/wp-content\/uploads\/2019\/07\/maple-leaf-autobot-bucking-50.jpg 1024w\" sizes=\"auto, (max-width: 300px) 100vw, 300px\" \/><\/a><\/p>\n","protected":false},"excerpt":{"rendered":"<p>Hop-up-kumi Autobot 50 \u00b0 VSR pehme\u00e4 valmistajalta Maple Leaf, Taiwan.<br \/>\nKumia.<br \/>\nSoveltuu asennettavaksi TM \/ Cyma VSR-10 ja GBB -pistooleihin ja -kiv\u00e4\u00e4reihin, jotka on rakennettu Marujevin kaavion mukaan: WE, KJW.<br \/>\nSuunniteltu kiv\u00e4\u00e4reille ja pistooleille, joiden l\u00e4ht\u00f6nopeus on 90 &#8211; 110 m \/ s<\/p>\n","protected":false},"featured_media":24610,"template":"","meta":{"_acf_changed":false},"product_brand":[],"product_cat":[275],"product_tag":[],"class_list":{"0":"post-24609","1":"product","2":"type-product","3":"status-publish","4":"has-post-thumbnail","6":"product_cat-viritys","8":"first","9":"instock","10":"taxable","11":"shipping-taxable","12":"purchasable","13":"product-type-simple"},"acf":[],"_links":{"self":[{"href":"https:\/\/kingarms.ee\/fi\/wp-json\/wp\/v2\/product\/24609","targetHints":{"allow":["GET"]}}],"collection":[{"href":"https:\/\/kingarms.ee\/fi\/wp-json\/wp\/v2\/product"}],"about":[{"href":"https:\/\/kingarms.ee\/fi\/wp-json\/wp\/v2\/types\/product"}],"wp:featuredmedia":[{"embeddable":true,"href":"https:\/\/kingarms.ee\/fi\/wp-json\/wp\/v2\/media\/24610"}],"wp:attachment":[{"href":"https:\/\/kingarms.ee\/fi\/wp-json\/wp\/v2\/media?parent=24609"}],"wp:term":[{"taxonomy":"product_brand","embeddable":true,"href":"https:\/\/kingarms.ee\/fi\/wp-json\/wp\/v2\/product_brand?post=24609"},{"taxonomy":"product_cat","embeddable":true,"href":"https:\/\/kingarms.ee\/fi\/wp-json\/wp\/v2\/product_cat?post=24609"},{"taxonomy":"product_tag","embeddable":true,"href":"https:\/\/kingarms.ee\/fi\/wp-json\/wp\/v2\/product_tag?post=24609"}],"curies":[{"name":"wp","href":"https:\/\/api.w.org\/{rel}","templated":true}]}}