{"id":24611,"date":"2019-03-28T20:28:07","date_gmt":"2019-03-28T17:28:07","guid":{"rendered":"https:\/\/kingarms.ee\/product\/hop-up-kumi-70-vsr-10-gbb\/"},"modified":"2024-08-09T18:45:22","modified_gmt":"2024-08-09T15:45:22","slug":"hop-up-kumi-70-vsr-10-gbb","status":"publish","type":"product","link":"https:\/\/kingarms.ee\/fi\/product\/hop-up-kumi-70-vsr-10-gbb\/","title":{"rendered":"Hop Up kumi 70\u00b0 VSR-10 &#038; GBB"},"content":{"rendered":"<p><a href=\"https:\/\/kingarms.ee\/wp-content\/uploads\/2019\/03\/maple-leaf-maple-leaf-decepticon-bucking-70-300x200.jpg\"><img loading=\"lazy\" decoding=\"async\" class=\"alignnone size-medium wp-image-14079\" src=\"https:\/\/kingarms.ee\/wp-content\/uploads\/2019\/03\/maple-leaf-maple-leaf-decepticon-bucking-70-300x200.jpg\" alt=\"\" width=\"300\" height=\"200\" srcset=\"https:\/\/kingarms.ee\/wp-content\/uploads\/2019\/03\/maple-leaf-maple-leaf-decepticon-bucking-70-300x200.jpg 300w, https:\/\/kingarms.ee\/wp-content\/uploads\/2019\/03\/maple-leaf-maple-leaf-decepticon-bucking-70-150x100.jpg 150w, https:\/\/kingarms.ee\/wp-content\/uploads\/2019\/03\/maple-leaf-maple-leaf-decepticon-bucking-70-500x333.jpg 500w, https:\/\/kingarms.ee\/wp-content\/uploads\/2019\/03\/maple-leaf-maple-leaf-decepticon-bucking-70-768x512.jpg 768w, https:\/\/kingarms.ee\/wp-content\/uploads\/2019\/03\/maple-leaf-maple-leaf-decepticon-bucking-70.jpg 1024w\" sizes=\"auto, (max-width: 300px) 100vw, 300px\" \/><\/a><\/p>\n","protected":false},"excerpt":{"rendered":"<p>Hop-up-kumi Autobot 70 \u00b0 VSR pehme\u00e4 valmistajalta Maple Leaf, Taiwan.<br \/>\nKumia.<br \/>\nSoveltuu asennettavaksi TM \/ Cyma VSR-10 ja GBB -pistooleihin, jotka on rakennettu Marujevin kaavion mukaan: WE, KJW.<br \/>\nSuunniteltu kiv\u00e4\u00e4reille ja pistooleille, joiden l\u00e4ht\u00f6nopeus on 120 &#8211; 140 m \/ s<\/p>\n","protected":false},"featured_media":24612,"template":"","meta":{"_acf_changed":false},"product_brand":[],"product_cat":[275,276],"product_tag":[],"class_list":{"0":"post-24611","1":"product","2":"type-product","3":"status-publish","4":"has-post-thumbnail","6":"product_cat-viritys","7":"product_cat-varaosat","9":"first","10":"instock","11":"taxable","12":"shipping-taxable","13":"purchasable","14":"product-type-simple"},"acf":[],"_links":{"self":[{"href":"https:\/\/kingarms.ee\/fi\/wp-json\/wp\/v2\/product\/24611","targetHints":{"allow":["GET"]}}],"collection":[{"href":"https:\/\/kingarms.ee\/fi\/wp-json\/wp\/v2\/product"}],"about":[{"href":"https:\/\/kingarms.ee\/fi\/wp-json\/wp\/v2\/types\/product"}],"wp:featuredmedia":[{"embeddable":true,"href":"https:\/\/kingarms.ee\/fi\/wp-json\/wp\/v2\/media\/24612"}],"wp:attachment":[{"href":"https:\/\/kingarms.ee\/fi\/wp-json\/wp\/v2\/media?parent=24611"}],"wp:term":[{"taxonomy":"product_brand","embeddable":true,"href":"https:\/\/kingarms.ee\/fi\/wp-json\/wp\/v2\/product_brand?post=24611"},{"taxonomy":"product_cat","embeddable":true,"href":"https:\/\/kingarms.ee\/fi\/wp-json\/wp\/v2\/product_cat?post=24611"},{"taxonomy":"product_tag","embeddable":true,"href":"https:\/\/kingarms.ee\/fi\/wp-json\/wp\/v2\/product_tag?post=24611"}],"curies":[{"name":"wp","href":"https:\/\/api.w.org\/{rel}","templated":true}]}}