{"id":24697,"date":"2019-07-24T21:11:29","date_gmt":"2019-07-24T18:11:29","guid":{"rendered":"https:\/\/kingarms.ee\/product\/v3-gearbox-rataslaatikon-guarder\/"},"modified":"2024-08-09T17:41:05","modified_gmt":"2024-08-09T14:41:05","slug":"v3-gearbox-rataslaatikon-guarder","status":"publish","type":"product","link":"https:\/\/kingarms.ee\/fi\/product\/v3-gearbox-rataslaatikon-guarder\/","title":{"rendered":"V3 Gearbox  &#8211; Rataslaatikon (Guarder)"},"content":{"rendered":"<p><a href=\"https:\/\/kingarms.ee\/wp-content\/uploads\/2019\/07\/38d12fbc8ebf83edee296a26b71d513a.image_.640x480-300x225.jpg\"><img loading=\"lazy\" decoding=\"async\" class=\"alignnone size-medium wp-image-17166\" src=\"https:\/\/kingarms.ee\/wp-content\/uploads\/2019\/07\/38d12fbc8ebf83edee296a26b71d513a.image_.640x480-300x225.jpg\" alt=\"\" width=\"300\" height=\"225\" srcset=\"https:\/\/kingarms.ee\/wp-content\/uploads\/2019\/07\/38d12fbc8ebf83edee296a26b71d513a.image_.640x480-300x225.jpg 300w, https:\/\/kingarms.ee\/wp-content\/uploads\/2019\/07\/38d12fbc8ebf83edee296a26b71d513a.image_.640x480-150x113.jpg 150w, https:\/\/kingarms.ee\/wp-content\/uploads\/2019\/07\/38d12fbc8ebf83edee296a26b71d513a.image_.640x480-500x375.jpg 500w, https:\/\/kingarms.ee\/wp-content\/uploads\/2019\/07\/38d12fbc8ebf83edee296a26b71d513a.image_.640x480-600x450.jpg 600w, https:\/\/kingarms.ee\/wp-content\/uploads\/2019\/07\/38d12fbc8ebf83edee296a26b71d513a.image_.640x480.jpg 640w\" sizes=\"auto, (max-width: 300px) 100vw, 300px\" \/><\/a><\/p>\n","protected":false},"excerpt":{"rendered":"<p>Airsoft replica V3. T\u00e4m\u00e4 Guarderin valmistama vaihdelaatikko tarjoaa hyv\u00e4\u00e4 vastinetta rahalle. Se on valmistettu sinkkiseoksesta, mik\u00e4 tekee siit\u00e4 kest\u00e4v\u00e4n ja helpon. Vaihteiston sein\u00e4t ovat paksumpia kuin useimmat vaihdelaatikot, jotka toimittavat valmistajan airsoft-kopioita. T\u00e4m\u00e4 vaihdelaatikko on avaintekij\u00e4 laatup\u00e4ivityksiss\u00e4. Aksiaalirei\u00e4t holkkeille, vahvistus avainkohdissa ja p\u00e4\u00e4asiassa k\u00e4ytetty materiaali. T\u00e4ss\u00e4 vaihdelaatikossa on 6mm reik\u00e4t holkkeihin.<\/p>\n","protected":false},"featured_media":24698,"template":"","meta":{"_acf_changed":false},"product_brand":[],"product_cat":[276,275],"product_tag":[],"class_list":{"0":"post-24697","1":"product","2":"type-product","3":"status-publish","4":"has-post-thumbnail","6":"product_cat-varaosat","7":"product_cat-viritys","9":"first","10":"instock","11":"taxable","12":"shipping-taxable","13":"purchasable","14":"product-type-simple"},"acf":[],"_links":{"self":[{"href":"https:\/\/kingarms.ee\/fi\/wp-json\/wp\/v2\/product\/24697","targetHints":{"allow":["GET"]}}],"collection":[{"href":"https:\/\/kingarms.ee\/fi\/wp-json\/wp\/v2\/product"}],"about":[{"href":"https:\/\/kingarms.ee\/fi\/wp-json\/wp\/v2\/types\/product"}],"wp:featuredmedia":[{"embeddable":true,"href":"https:\/\/kingarms.ee\/fi\/wp-json\/wp\/v2\/media\/24698"}],"wp:attachment":[{"href":"https:\/\/kingarms.ee\/fi\/wp-json\/wp\/v2\/media?parent=24697"}],"wp:term":[{"taxonomy":"product_brand","embeddable":true,"href":"https:\/\/kingarms.ee\/fi\/wp-json\/wp\/v2\/product_brand?post=24697"},{"taxonomy":"product_cat","embeddable":true,"href":"https:\/\/kingarms.ee\/fi\/wp-json\/wp\/v2\/product_cat?post=24697"},{"taxonomy":"product_tag","embeddable":true,"href":"https:\/\/kingarms.ee\/fi\/wp-json\/wp\/v2\/product_tag?post=24697"}],"curies":[{"name":"wp","href":"https:\/\/api.w.org\/{rel}","templated":true}]}}