{"id":24735,"date":"2019-04-04T20:17:51","date_gmt":"2019-04-04T20:17:51","guid":{"rendered":"https:\/\/kingarms.ee\/product\/teflonrasva-ptfe-10ml\/"},"modified":"2024-08-09T18:41:08","modified_gmt":"2024-08-09T15:41:08","slug":"teflonrasva-ptfe-10ml","status":"publish","type":"product","link":"https:\/\/kingarms.ee\/fi\/product\/teflonrasva-ptfe-10ml\/","title":{"rendered":"Teflonrasva (PTFE), 10ml"},"content":{"rendered":"<p><a href=\"https:\/\/kingarms.ee\/wp-content\/uploads\/2019\/04\/eng_pl_Pro-Tech-Guns-PTFE-Teflon-Grease-10ml-11646_1-300x175.jpg\"><img loading=\"lazy\" decoding=\"async\" class=\"alignnone size-medium wp-image-14274\" src=\"https:\/\/kingarms.ee\/wp-content\/uploads\/2019\/04\/eng_pl_Pro-Tech-Guns-PTFE-Teflon-Grease-10ml-11646_1-300x175.jpg\" alt=\"\" width=\"300\" height=\"175\" srcset=\"https:\/\/kingarms.ee\/wp-content\/uploads\/2019\/04\/eng_pl_Pro-Tech-Guns-PTFE-Teflon-Grease-10ml-11646_1-300x175.jpg 300w, https:\/\/kingarms.ee\/wp-content\/uploads\/2019\/04\/eng_pl_Pro-Tech-Guns-PTFE-Teflon-Grease-10ml-11646_1-150x87.jpg 150w, https:\/\/kingarms.ee\/wp-content\/uploads\/2019\/04\/eng_pl_Pro-Tech-Guns-PTFE-Teflon-Grease-10ml-11646_1-500x291.jpg 500w, https:\/\/kingarms.ee\/wp-content\/uploads\/2019\/04\/eng_pl_Pro-Tech-Guns-PTFE-Teflon-Grease-10ml-11646_1.jpg 700w\" sizes=\"auto, (max-width: 300px) 100vw, 300px\" \/><\/a><\/p>\n","protected":false},"excerpt":{"rendered":"<p>Teflonrasva (PTFE), 10ml<\/p>\n<p>PTFE-rasva (teflonrasva) on upea tuote, joka perustuu tefloniin. Suunniteltu toimimaan ASG-vaihdelaatikon kanssa. Toimii eritt\u00e4in hyvin korkeissa l\u00e4mp\u00f6tiloissa. V\u00e4hent\u00e4\u00e4 kulumista.<\/p>\n","protected":false},"featured_media":24736,"template":"","meta":{"_acf_changed":false},"product_brand":[],"product_cat":[335,267],"product_tag":[],"class_list":{"0":"post-24735","1":"product","2":"type-product","3":"status-publish","4":"has-post-thumbnail","6":"product_cat-aseiden-huolto","7":"product_cat-kaasu-ja-oljy","9":"first","10":"onbackorder","11":"taxable","12":"shipping-taxable","13":"product-type-simple"},"acf":[],"_links":{"self":[{"href":"https:\/\/kingarms.ee\/fi\/wp-json\/wp\/v2\/product\/24735","targetHints":{"allow":["GET"]}}],"collection":[{"href":"https:\/\/kingarms.ee\/fi\/wp-json\/wp\/v2\/product"}],"about":[{"href":"https:\/\/kingarms.ee\/fi\/wp-json\/wp\/v2\/types\/product"}],"wp:featuredmedia":[{"embeddable":true,"href":"https:\/\/kingarms.ee\/fi\/wp-json\/wp\/v2\/media\/24736"}],"wp:attachment":[{"href":"https:\/\/kingarms.ee\/fi\/wp-json\/wp\/v2\/media?parent=24735"}],"wp:term":[{"taxonomy":"product_brand","embeddable":true,"href":"https:\/\/kingarms.ee\/fi\/wp-json\/wp\/v2\/product_brand?post=24735"},{"taxonomy":"product_cat","embeddable":true,"href":"https:\/\/kingarms.ee\/fi\/wp-json\/wp\/v2\/product_cat?post=24735"},{"taxonomy":"product_tag","embeddable":true,"href":"https:\/\/kingarms.ee\/fi\/wp-json\/wp\/v2\/product_tag?post=24735"}],"curies":[{"name":"wp","href":"https:\/\/api.w.org\/{rel}","templated":true}]}}