{"id":24782,"date":"2019-07-29T23:10:28","date_gmt":"2019-07-29T20:10:28","guid":{"rendered":"https:\/\/kingarms.ee\/product\/mantapaa-o-rengas-shs\/"},"modified":"2024-08-09T17:18:47","modified_gmt":"2024-08-09T14:18:47","slug":"mantapaa-o-rengas-shs","status":"publish","type":"product","link":"https:\/\/kingarms.ee\/fi\/product\/mantapaa-o-rengas-shs\/","title":{"rendered":"M\u00e4nt\u00e4p\u00e4\u00e4 O rengas &#8211; SHS"},"content":{"rendered":"<p><a href=\"https:\/\/kingarms.ee\/wp-content\/uploads\/2019\/07\/1152195357_2-300x204.jpg\"><img loading=\"lazy\" decoding=\"async\" class=\"alignnone size-medium wp-image-17768\" src=\"https:\/\/kingarms.ee\/wp-content\/uploads\/2019\/07\/1152195357_2-300x204.jpg\" alt=\"\" width=\"300\" height=\"204\" srcset=\"https:\/\/kingarms.ee\/wp-content\/uploads\/2019\/07\/1152195357_2-300x204.jpg 300w, https:\/\/kingarms.ee\/wp-content\/uploads\/2019\/07\/1152195357_2-150x102.jpg 150w, https:\/\/kingarms.ee\/wp-content\/uploads\/2019\/07\/1152195357_2-500x341.jpg 500w, https:\/\/kingarms.ee\/wp-content\/uploads\/2019\/07\/1152195357_2-768x523.jpg 768w, https:\/\/kingarms.ee\/wp-content\/uploads\/2019\/07\/1152195357_2.jpg 800w\" sizes=\"auto, (max-width: 300px) 100vw, 300px\" \/><\/a><\/p>\n","protected":false},"excerpt":{"rendered":"<p>SHS: n valmistama m\u00e4nt\u00e4p\u00e4\u00e4n O-rengaskokoonpano, joka varmistaa j\u00e4rjestelm\u00e4n riitt\u00e4v\u00e4n tiivistyksen ja parantaa siten aseen suorituskyky\u00e4 ilman, ett\u00e4 muita sis\u00e4isi\u00e4 komponentteja tarvitsee vaihtaa.<\/p>\n","protected":false},"featured_media":24783,"template":"","meta":{"_acf_changed":false},"product_brand":[],"product_cat":[276],"product_tag":[],"class_list":{"0":"post-24782","1":"product","2":"type-product","3":"status-publish","4":"has-post-thumbnail","6":"product_cat-varaosat","8":"first","9":"instock","10":"taxable","11":"shipping-taxable","12":"purchasable","13":"product-type-simple"},"acf":[],"_links":{"self":[{"href":"https:\/\/kingarms.ee\/fi\/wp-json\/wp\/v2\/product\/24782","targetHints":{"allow":["GET"]}}],"collection":[{"href":"https:\/\/kingarms.ee\/fi\/wp-json\/wp\/v2\/product"}],"about":[{"href":"https:\/\/kingarms.ee\/fi\/wp-json\/wp\/v2\/types\/product"}],"wp:featuredmedia":[{"embeddable":true,"href":"https:\/\/kingarms.ee\/fi\/wp-json\/wp\/v2\/media\/24783"}],"wp:attachment":[{"href":"https:\/\/kingarms.ee\/fi\/wp-json\/wp\/v2\/media?parent=24782"}],"wp:term":[{"taxonomy":"product_brand","embeddable":true,"href":"https:\/\/kingarms.ee\/fi\/wp-json\/wp\/v2\/product_brand?post=24782"},{"taxonomy":"product_cat","embeddable":true,"href":"https:\/\/kingarms.ee\/fi\/wp-json\/wp\/v2\/product_cat?post=24782"},{"taxonomy":"product_tag","embeddable":true,"href":"https:\/\/kingarms.ee\/fi\/wp-json\/wp\/v2\/product_tag?post=24782"}],"curies":[{"name":"wp","href":"https:\/\/api.w.org\/{rel}","templated":true}]}}