{"id":24788,"date":"2019-03-03T17:16:56","date_gmt":"2019-03-03T14:16:56","guid":{"rendered":"https:\/\/kingarms.ee\/product\/metalli-kiinnike-m4-m16-lle\/"},"modified":"2024-08-09T19:24:39","modified_gmt":"2024-08-09T16:24:39","slug":"metalli-kiinnike-m4-m16-lle","status":"publish","type":"product","link":"https:\/\/kingarms.ee\/fi\/product\/metalli-kiinnike-m4-m16-lle\/","title":{"rendered":"Metalli kiinnike M4 \/ M16: lle"},"content":{"rendered":"<p><a href=\"https:\/\/kingarms.ee\/wp-content\/uploads\/2019\/03\/1152220448_1-300x200.jpg\"><img loading=\"lazy\" decoding=\"async\" class=\"alignnone size-medium wp-image-12333\" src=\"https:\/\/kingarms.ee\/wp-content\/uploads\/2019\/03\/1152220448_1-300x200.jpg\" alt=\"\" width=\"300\" height=\"200\" srcset=\"https:\/\/kingarms.ee\/wp-content\/uploads\/2019\/03\/1152220448_1-300x200.jpg 300w, https:\/\/kingarms.ee\/wp-content\/uploads\/2019\/03\/1152220448_1-150x100.jpg 150w, https:\/\/kingarms.ee\/wp-content\/uploads\/2019\/03\/1152220448_1-500x333.jpg 500w, https:\/\/kingarms.ee\/wp-content\/uploads\/2019\/03\/1152220448_1-768x512.jpg 768w, https:\/\/kingarms.ee\/wp-content\/uploads\/2019\/03\/1152220448_1.jpg 800w\" sizes=\"auto, (max-width: 300px) 100vw, 300px\" \/><\/a><\/p>\n","protected":false},"excerpt":{"rendered":"<p>Asennettava M4 \/ M16-kopioihin hihnan kanssa k\u00e4ytett\u00e4v\u00e4ksi.<\/p>\n","protected":false},"featured_media":24789,"template":"","meta":{"_acf_changed":false},"product_brand":[],"product_cat":[276],"product_tag":[],"class_list":{"0":"post-24788","1":"product","2":"type-product","3":"status-publish","4":"has-post-thumbnail","6":"product_cat-varaosat","8":"first","9":"instock","10":"taxable","11":"shipping-taxable","12":"purchasable","13":"product-type-simple"},"acf":[],"_links":{"self":[{"href":"https:\/\/kingarms.ee\/fi\/wp-json\/wp\/v2\/product\/24788","targetHints":{"allow":["GET"]}}],"collection":[{"href":"https:\/\/kingarms.ee\/fi\/wp-json\/wp\/v2\/product"}],"about":[{"href":"https:\/\/kingarms.ee\/fi\/wp-json\/wp\/v2\/types\/product"}],"wp:featuredmedia":[{"embeddable":true,"href":"https:\/\/kingarms.ee\/fi\/wp-json\/wp\/v2\/media\/24789"}],"wp:attachment":[{"href":"https:\/\/kingarms.ee\/fi\/wp-json\/wp\/v2\/media?parent=24788"}],"wp:term":[{"taxonomy":"product_brand","embeddable":true,"href":"https:\/\/kingarms.ee\/fi\/wp-json\/wp\/v2\/product_brand?post=24788"},{"taxonomy":"product_cat","embeddable":true,"href":"https:\/\/kingarms.ee\/fi\/wp-json\/wp\/v2\/product_cat?post=24788"},{"taxonomy":"product_tag","embeddable":true,"href":"https:\/\/kingarms.ee\/fi\/wp-json\/wp\/v2\/product_tag?post=24788"}],"curies":[{"name":"wp","href":"https:\/\/api.w.org\/{rel}","templated":true}]}}