{"id":24795,"date":"2019-07-24T23:48:45","date_gmt":"2019-07-24T20:48:45","guid":{"rendered":"https:\/\/kingarms.ee\/product\/ak-tyyppisten-aseiden-ris-tahtainkisko-metalli\/"},"modified":"2024-08-09T17:36:10","modified_gmt":"2024-08-09T14:36:10","slug":"ak-tyyppisten-aseiden-ris-tahtainkisko-metalli","status":"publish","type":"product","link":"https:\/\/kingarms.ee\/fi\/product\/ak-tyyppisten-aseiden-ris-tahtainkisko-metalli\/","title":{"rendered":"AK-tyyppisten aseiden RIS-t\u00e4ht\u00e4inkisko (metalli)"},"content":{"rendered":"<p><a href=\"https:\/\/kingarms.ee\/wp-content\/uploads\/2019\/07\/cobra-airsoft-railed-ak-scope-mount-black-metal-20mm-picatinny-rail-9253-17418-pekm500x500ekm-300x300.jpg\"><img loading=\"lazy\" decoding=\"async\" class=\"alignnone size-medium wp-image-17225\" src=\"https:\/\/kingarms.ee\/wp-content\/uploads\/2019\/07\/cobra-airsoft-railed-ak-scope-mount-black-metal-20mm-picatinny-rail-9253-17418-pekm500x500ekm-300x300.jpg\" alt=\"\" width=\"300\" height=\"300\" srcset=\"https:\/\/kingarms.ee\/wp-content\/uploads\/2019\/07\/cobra-airsoft-railed-ak-scope-mount-black-metal-20mm-picatinny-rail-9253-17418-pekm500x500ekm-300x300.jpg 300w, https:\/\/kingarms.ee\/wp-content\/uploads\/2019\/07\/cobra-airsoft-railed-ak-scope-mount-black-metal-20mm-picatinny-rail-9253-17418-pekm500x500ekm-150x150.jpg 150w, https:\/\/kingarms.ee\/wp-content\/uploads\/2019\/07\/cobra-airsoft-railed-ak-scope-mount-black-metal-20mm-picatinny-rail-9253-17418-pekm500x500ekm.jpg 500w\" sizes=\"auto, (max-width: 300px) 100vw, 300px\" \/><\/a><\/p>\n","protected":false},"excerpt":{"rendered":"<p>Ris-t\u00e4ht\u00e4inkisko on suunniteltu AK-tyyppisille aseille. T\u00e4ht\u00e4inkisko\u00a0antaa sinulle mahdollisuuden kiinnitt\u00e4\u00e4 punainen piste tai lyhyt optinen n\u00e4kyvyys.<\/p>\n<p>Paino: 230 g<\/p>\n","protected":false},"featured_media":24796,"template":"","meta":{"_acf_changed":false},"product_brand":[],"product_cat":[276],"product_tag":[],"class_list":{"0":"post-24795","1":"product","2":"type-product","3":"status-publish","4":"has-post-thumbnail","6":"product_cat-varaosat","8":"first","9":"instock","10":"taxable","11":"shipping-taxable","12":"purchasable","13":"product-type-simple"},"acf":[],"_links":{"self":[{"href":"https:\/\/kingarms.ee\/fi\/wp-json\/wp\/v2\/product\/24795","targetHints":{"allow":["GET"]}}],"collection":[{"href":"https:\/\/kingarms.ee\/fi\/wp-json\/wp\/v2\/product"}],"about":[{"href":"https:\/\/kingarms.ee\/fi\/wp-json\/wp\/v2\/types\/product"}],"wp:featuredmedia":[{"embeddable":true,"href":"https:\/\/kingarms.ee\/fi\/wp-json\/wp\/v2\/media\/24796"}],"wp:attachment":[{"href":"https:\/\/kingarms.ee\/fi\/wp-json\/wp\/v2\/media?parent=24795"}],"wp:term":[{"taxonomy":"product_brand","embeddable":true,"href":"https:\/\/kingarms.ee\/fi\/wp-json\/wp\/v2\/product_brand?post=24795"},{"taxonomy":"product_cat","embeddable":true,"href":"https:\/\/kingarms.ee\/fi\/wp-json\/wp\/v2\/product_cat?post=24795"},{"taxonomy":"product_tag","embeddable":true,"href":"https:\/\/kingarms.ee\/fi\/wp-json\/wp\/v2\/product_tag?post=24795"}],"curies":[{"name":"wp","href":"https:\/\/api.w.org\/{rel}","templated":true}]}}