{"id":24988,"date":"2020-01-03T15:45:54","date_gmt":"2020-01-03T15:45:54","guid":{"rendered":"https:\/\/kingarms.ee\/product\/delayer-gen-2\/"},"modified":"2024-08-09T16:53:03","modified_gmt":"2024-08-09T13:53:03","slug":"delayer-gen-2","status":"publish","type":"product","link":"https:\/\/kingarms.ee\/fi\/product\/delayer-gen-2\/","title":{"rendered":"Delayer (Gen 2)"},"content":{"rendered":"<p><a href=\"https:\/\/kingarms.ee\/wp-content\/uploads\/2020\/01\/Zhenlong-Enhanced-Tappet-Delayer-for-JM-Gen-8-9-Water-Gel-Beads-Blaster-Metal-Gear-Modificaton-300x300.jpg\"><img loading=\"lazy\" decoding=\"async\" class=\"alignnone size-medium wp-image-24983\" src=\"https:\/\/kingarms.ee\/wp-content\/uploads\/2020\/01\/Zhenlong-Enhanced-Tappet-Delayer-for-JM-Gen-8-9-Water-Gel-Beads-Blaster-Metal-Gear-Modificaton-300x300.jpg\" alt=\"\" width=\"300\" height=\"300\" srcset=\"https:\/\/kingarms.ee\/wp-content\/uploads\/2020\/01\/Zhenlong-Enhanced-Tappet-Delayer-for-JM-Gen-8-9-Water-Gel-Beads-Blaster-Metal-Gear-Modificaton-300x300.jpg 300w, https:\/\/kingarms.ee\/wp-content\/uploads\/2020\/01\/Zhenlong-Enhanced-Tappet-Delayer-for-JM-Gen-8-9-Water-Gel-Beads-Blaster-Metal-Gear-Modificaton-150x150.jpg 150w, https:\/\/kingarms.ee\/wp-content\/uploads\/2020\/01\/Zhenlong-Enhanced-Tappet-Delayer-for-JM-Gen-8-9-Water-Gel-Beads-Blaster-Metal-Gear-Modificaton-500x500.jpg 500w, https:\/\/kingarms.ee\/wp-content\/uploads\/2020\/01\/Zhenlong-Enhanced-Tappet-Delayer-for-JM-Gen-8-9-Water-Gel-Beads-Blaster-Metal-Gear-Modificaton-768x768.jpg 768w, https:\/\/kingarms.ee\/wp-content\/uploads\/2020\/01\/Zhenlong-Enhanced-Tappet-Delayer-for-JM-Gen-8-9-Water-Gel-Beads-Blaster-Metal-Gear-Modificaton.jpg 1024w\" sizes=\"auto, (max-width: 300px) 100vw, 300px\" \/><\/a><\/p>\n","protected":false},"excerpt":{"rendered":"<p>Viiv\u00e4stys auttaa korjaamaan luodinsy\u00f6tt\u00f6ongelmia aseen nopeuttamisessa.<\/p>\n","protected":false},"featured_media":24985,"template":"","meta":{"_acf_changed":false},"product_brand":[],"product_cat":[275],"product_tag":[],"class_list":{"0":"post-24988","1":"product","2":"type-product","3":"status-publish","4":"has-post-thumbnail","6":"product_cat-viritys","8":"first","9":"instock","10":"taxable","11":"shipping-taxable","12":"purchasable","13":"product-type-simple"},"acf":[],"_links":{"self":[{"href":"https:\/\/kingarms.ee\/fi\/wp-json\/wp\/v2\/product\/24988","targetHints":{"allow":["GET"]}}],"collection":[{"href":"https:\/\/kingarms.ee\/fi\/wp-json\/wp\/v2\/product"}],"about":[{"href":"https:\/\/kingarms.ee\/fi\/wp-json\/wp\/v2\/types\/product"}],"wp:featuredmedia":[{"embeddable":true,"href":"https:\/\/kingarms.ee\/fi\/wp-json\/wp\/v2\/media\/24985"}],"wp:attachment":[{"href":"https:\/\/kingarms.ee\/fi\/wp-json\/wp\/v2\/media?parent=24988"}],"wp:term":[{"taxonomy":"product_brand","embeddable":true,"href":"https:\/\/kingarms.ee\/fi\/wp-json\/wp\/v2\/product_brand?post=24988"},{"taxonomy":"product_cat","embeddable":true,"href":"https:\/\/kingarms.ee\/fi\/wp-json\/wp\/v2\/product_cat?post=24988"},{"taxonomy":"product_tag","embeddable":true,"href":"https:\/\/kingarms.ee\/fi\/wp-json\/wp\/v2\/product_tag?post=24988"}],"curies":[{"name":"wp","href":"https:\/\/api.w.org\/{rel}","templated":true}]}}