{"id":25627,"date":"2020-03-03T14:24:48","date_gmt":"2020-03-03T14:24:48","guid":{"rendered":"https:\/\/kingarms.ee\/product\/pistoolikotelotasku-beezi\/"},"modified":"2024-08-09T16:43:42","modified_gmt":"2024-08-09T13:43:42","slug":"pistoolikotelotasku-beezi","status":"publish","type":"product","link":"https:\/\/kingarms.ee\/fi\/product\/pistoolikotelotasku-beezi\/","title":{"rendered":"Pistoolikotelotasku \u2013 Beezi"},"content":{"rendered":"<p><a href=\"https:\/\/kingarms.ee\/wp-content\/uploads\/2020\/03\/1152207926_1-300x200.jpg\"><img loading=\"lazy\" decoding=\"async\" class=\"alignnone size-medium wp-image-25620\" src=\"https:\/\/kingarms.ee\/wp-content\/uploads\/2020\/03\/1152207926_1-300x200.jpg\" alt=\"\" width=\"300\" height=\"200\" srcset=\"https:\/\/kingarms.ee\/wp-content\/uploads\/2020\/03\/1152207926_1-300x200.jpg 300w, https:\/\/kingarms.ee\/wp-content\/uploads\/2020\/03\/1152207926_1-150x100.jpg 150w, https:\/\/kingarms.ee\/wp-content\/uploads\/2020\/03\/1152207926_1-500x333.jpg 500w, https:\/\/kingarms.ee\/wp-content\/uploads\/2020\/03\/1152207926_1-768x512.jpg 768w, https:\/\/kingarms.ee\/wp-content\/uploads\/2020\/03\/1152207926_1.jpg 800w\" sizes=\"auto, (max-width: 300px) 100vw, 300px\" \/><\/a><\/p>\n","protected":false},"excerpt":{"rendered":"<div class=\"woocommerce-product-details__short-description\">\n<p>Pit\u00e4\u00e4 v\u00e4hint\u00e4\u00e4n yhden lokeron. Tuote on suunniteltu lokeroiden maksimaaliseksi vaihtamiseksi, joten se on l\u00f6ys\u00e4. Muoviosat lokeron taskun molemmilla puolilla pit\u00e4v\u00e4t lokerot tiukasti paikoillaan. Joustava parakordikumi voidaan kiinnitt\u00e4\u00e4 tarjotin taskuun tarvittaessa. Sis\u00e4lt\u00f6 on valmistettu luistamattomasta materiaalista. Lis\u00e4taskut voidaan kiinnitt\u00e4\u00e4 MOLLE-tyypin ulkopuolelle.<\/p>\n<\/div>\n","protected":false},"featured_media":25620,"template":"","meta":{"_acf_changed":false},"product_brand":[],"product_cat":[264,899],"product_tag":[],"class_list":{"0":"post-25627","1":"product","2":"type-product","3":"status-publish","4":"has-post-thumbnail","6":"product_cat-taskut-laukut-vyot","7":"product_cat-sailytystaskut","9":"first","10":"onbackorder","11":"taxable","12":"shipping-taxable","13":"product-type-simple"},"acf":[],"_links":{"self":[{"href":"https:\/\/kingarms.ee\/fi\/wp-json\/wp\/v2\/product\/25627","targetHints":{"allow":["GET"]}}],"collection":[{"href":"https:\/\/kingarms.ee\/fi\/wp-json\/wp\/v2\/product"}],"about":[{"href":"https:\/\/kingarms.ee\/fi\/wp-json\/wp\/v2\/types\/product"}],"wp:featuredmedia":[{"embeddable":true,"href":"https:\/\/kingarms.ee\/fi\/wp-json\/wp\/v2\/media\/25620"}],"wp:attachment":[{"href":"https:\/\/kingarms.ee\/fi\/wp-json\/wp\/v2\/media?parent=25627"}],"wp:term":[{"taxonomy":"product_brand","embeddable":true,"href":"https:\/\/kingarms.ee\/fi\/wp-json\/wp\/v2\/product_brand?post=25627"},{"taxonomy":"product_cat","embeddable":true,"href":"https:\/\/kingarms.ee\/fi\/wp-json\/wp\/v2\/product_cat?post=25627"},{"taxonomy":"product_tag","embeddable":true,"href":"https:\/\/kingarms.ee\/fi\/wp-json\/wp\/v2\/product_tag?post=25627"}],"curies":[{"name":"wp","href":"https:\/\/api.w.org\/{rel}","templated":true}]}}