{"id":25852,"date":"2020-03-10T14:53:12","date_gmt":"2020-03-10T11:53:12","guid":{"rendered":"https:\/\/kingarms.ee\/product\/gr4-blowback-gg\/"},"modified":"2024-08-09T16:37:19","modified_gmt":"2024-08-09T13:37:19","slug":"gr4-blowback-gg","status":"publish","type":"product","link":"https:\/\/kingarms.ee\/fi\/product\/gr4-blowback-gg\/","title":{"rendered":"GR4 Blowback (G&#038;G)"},"content":{"rendered":"<p><a href=\"https:\/\/kingarms.ee\/wp-content\/uploads\/2020\/03\/1152196971_2-300x204.jpg\"><img loading=\"lazy\" decoding=\"async\" class=\"alignnone size-medium wp-image-25824\" src=\"https:\/\/kingarms.ee\/wp-content\/uploads\/2020\/03\/1152196971_2-300x204.jpg\" alt=\"\" width=\"300\" height=\"204\" srcset=\"https:\/\/kingarms.ee\/wp-content\/uploads\/2020\/03\/1152196971_2-300x204.jpg 300w, https:\/\/kingarms.ee\/wp-content\/uploads\/2020\/03\/1152196971_2-150x102.jpg 150w, https:\/\/kingarms.ee\/wp-content\/uploads\/2020\/03\/1152196971_2-500x341.jpg 500w, https:\/\/kingarms.ee\/wp-content\/uploads\/2020\/03\/1152196971_2-768x523.jpg 768w, https:\/\/kingarms.ee\/wp-content\/uploads\/2020\/03\/1152196971_2.jpg 800w\" sizes=\"auto, (max-width: 300px) 100vw, 300px\" \/><\/a><\/p>\n","protected":false},"excerpt":{"rendered":"<p><span style=\"color: #ff0000;\">Huom! ase on musta<\/span><\/p>\n<p>GR4 Blowback (G&amp;G)<\/p>\n<p>Nimi: GR4 Blowback<br \/>\nValmistaja: G&amp;G<br \/>\nTakuu: 12 kuukautta<br \/>\nNopeus [FPS]: ~ 340<br \/>\nVoima \/ teho: S\u00e4hk\u00f6<br \/>\nVaihteistoversio: v2-vaihdelaatikko<br \/>\nKuvaustila: Yksi, automaattinen<br \/>\nValmistettu metallista + muovista<br \/>\nPituus (mm): 520-770<br \/>\nSis\u00e4putken pituus [mm]: 233<br \/>\nPaino [g]: 3100<br \/>\nAkku mukana: Ei<br \/>\nLokeron tyyppi: Hi-Cap-lokero<br \/>\nLokeron kapasiteetti (kpl): 450<br \/>\nHop-Up: Kyll\u00e4<br \/>\nTakapotku: kyll\u00e4 (s\u00e4hk\u00f6inen)<\/p>\n","protected":false},"featured_media":25824,"template":"","meta":{"_acf_changed":false},"product_brand":[],"product_cat":[251],"product_tag":[527],"class_list":{"0":"post-25852","1":"product","2":"type-product","3":"status-publish","4":"has-post-thumbnail","6":"product_cat-sahkoaseet","7":"product_tag-4blss3ph-fi","9":"first","10":"instock","11":"sale","12":"taxable","13":"shipping-taxable","14":"purchasable","15":"product-type-simple"},"acf":[],"_links":{"self":[{"href":"https:\/\/kingarms.ee\/fi\/wp-json\/wp\/v2\/product\/25852","targetHints":{"allow":["GET"]}}],"collection":[{"href":"https:\/\/kingarms.ee\/fi\/wp-json\/wp\/v2\/product"}],"about":[{"href":"https:\/\/kingarms.ee\/fi\/wp-json\/wp\/v2\/types\/product"}],"wp:featuredmedia":[{"embeddable":true,"href":"https:\/\/kingarms.ee\/fi\/wp-json\/wp\/v2\/media\/25824"}],"wp:attachment":[{"href":"https:\/\/kingarms.ee\/fi\/wp-json\/wp\/v2\/media?parent=25852"}],"wp:term":[{"taxonomy":"product_brand","embeddable":true,"href":"https:\/\/kingarms.ee\/fi\/wp-json\/wp\/v2\/product_brand?post=25852"},{"taxonomy":"product_cat","embeddable":true,"href":"https:\/\/kingarms.ee\/fi\/wp-json\/wp\/v2\/product_cat?post=25852"},{"taxonomy":"product_tag","embeddable":true,"href":"https:\/\/kingarms.ee\/fi\/wp-json\/wp\/v2\/product_tag?post=25852"}],"curies":[{"name":"wp","href":"https:\/\/api.w.org\/{rel}","templated":true}]}}