{"id":26037,"date":"2020-03-12T16:46:20","date_gmt":"2020-03-12T13:46:20","guid":{"rendered":"https:\/\/kingarms.ee\/product\/lipo-turvalaukku-electroriver\/"},"modified":"2024-08-09T16:33:02","modified_gmt":"2024-08-09T13:33:02","slug":"lipo-turvalaukku-electroriver","status":"publish","type":"product","link":"https:\/\/kingarms.ee\/fi\/product\/lipo-turvalaukku-electroriver\/","title":{"rendered":"LiPo-turvalaukku (ElectroRiver)"},"content":{"rendered":"<p><a href=\"https:\/\/kingarms.ee\/wp-content\/uploads\/2020\/03\/1152211297_1-300x200.jpg\"><img loading=\"lazy\" decoding=\"async\" class=\"alignnone size-medium wp-image-26032\" src=\"https:\/\/kingarms.ee\/wp-content\/uploads\/2020\/03\/1152211297_1-300x200.jpg\" alt=\"\" width=\"300\" height=\"200\" srcset=\"https:\/\/kingarms.ee\/wp-content\/uploads\/2020\/03\/1152211297_1-300x200.jpg 300w, https:\/\/kingarms.ee\/wp-content\/uploads\/2020\/03\/1152211297_1-150x100.jpg 150w, https:\/\/kingarms.ee\/wp-content\/uploads\/2020\/03\/1152211297_1-500x333.jpg 500w, https:\/\/kingarms.ee\/wp-content\/uploads\/2020\/03\/1152211297_1-768x512.jpg 768w, https:\/\/kingarms.ee\/wp-content\/uploads\/2020\/03\/1152211297_1.jpg 800w\" sizes=\"auto, (max-width: 300px) 100vw, 300px\" \/><\/a><\/p>\n","protected":false},"excerpt":{"rendered":"<p>Li-Po-akut ovat herkki\u00e4 ja vaativat huolellista k\u00e4sittely\u00e4. Lis\u00e4toimenpitein\u00e4 suositellaan, ett\u00e4 LiPo-akut ladataan tulenkest\u00e4v\u00e4\u00e4n pussiin. Jos akku vaurioituu jollain tavalla, on tulipalon vaara latauksen aikana. T\u00e4m\u00e4 palonkest\u00e4v\u00e4 pussi est\u00e4\u00e4 vaurioita ja est\u00e4\u00e4 akkua syttym\u00e4st\u00e4. Soveltuu my\u00f6s LiPo-akun varastointiin.<\/p>\n","protected":false},"featured_media":26034,"template":"","meta":{"_acf_changed":false},"product_brand":[],"product_cat":[243],"product_tag":[],"class_list":{"0":"post-26037","1":"product","2":"type-product","3":"status-publish","4":"has-post-thumbnail","6":"product_cat-paristot-ja-laturit","8":"first","9":"onbackorder","10":"taxable","11":"shipping-taxable","12":"product-type-simple"},"acf":[],"_links":{"self":[{"href":"https:\/\/kingarms.ee\/fi\/wp-json\/wp\/v2\/product\/26037","targetHints":{"allow":["GET"]}}],"collection":[{"href":"https:\/\/kingarms.ee\/fi\/wp-json\/wp\/v2\/product"}],"about":[{"href":"https:\/\/kingarms.ee\/fi\/wp-json\/wp\/v2\/types\/product"}],"wp:featuredmedia":[{"embeddable":true,"href":"https:\/\/kingarms.ee\/fi\/wp-json\/wp\/v2\/media\/26034"}],"wp:attachment":[{"href":"https:\/\/kingarms.ee\/fi\/wp-json\/wp\/v2\/media?parent=26037"}],"wp:term":[{"taxonomy":"product_brand","embeddable":true,"href":"https:\/\/kingarms.ee\/fi\/wp-json\/wp\/v2\/product_brand?post=26037"},{"taxonomy":"product_cat","embeddable":true,"href":"https:\/\/kingarms.ee\/fi\/wp-json\/wp\/v2\/product_cat?post=26037"},{"taxonomy":"product_tag","embeddable":true,"href":"https:\/\/kingarms.ee\/fi\/wp-json\/wp\/v2\/product_tag?post=26037"}],"curies":[{"name":"wp","href":"https:\/\/api.w.org\/{rel}","templated":true}]}}