{"id":27961,"date":"2020-05-30T18:59:19","date_gmt":"2020-05-30T15:59:19","guid":{"rendered":"https:\/\/kingarms.ee\/product\/well-ak-g74c-gbbr-full-metal-real-wood\/"},"modified":"2024-08-09T16:21:04","modified_gmt":"2024-08-09T13:21:04","slug":"well-ak-g74c-gbbr-full-metal-real-wood","status":"publish","type":"product","link":"https:\/\/kingarms.ee\/fi\/product\/well-ak-g74c-gbbr-full-metal-real-wood\/","title":{"rendered":"WELL AK G74C GBBR FULL METAL REAL WOOD"},"content":{"rendered":"<p><a href=\"https:\/\/kingarms.ee\/wp-content\/uploads\/2020\/05\/img_846966_120712FB36108-300x184.jpg\"><img loading=\"lazy\" decoding=\"async\" class=\"alignnone size-medium wp-image-27942\" src=\"https:\/\/kingarms.ee\/wp-content\/uploads\/2020\/05\/img_846966_120712FB36108-300x184.jpg\" alt=\"\" width=\"300\" height=\"184\" srcset=\"https:\/\/kingarms.ee\/wp-content\/uploads\/2020\/05\/img_846966_120712FB36108-300x184.jpg 300w, https:\/\/kingarms.ee\/wp-content\/uploads\/2020\/05\/img_846966_120712FB36108-150x92.jpg 150w, https:\/\/kingarms.ee\/wp-content\/uploads\/2020\/05\/img_846966_120712FB36108-500x306.jpg 500w, https:\/\/kingarms.ee\/wp-content\/uploads\/2020\/05\/img_846966_120712FB36108-768x470.jpg 768w, https:\/\/kingarms.ee\/wp-content\/uploads\/2020\/05\/img_846966_120712FB36108.jpg 800w\" sizes=\"auto, (max-width: 300px) 100vw, 300px\" \/><\/a><\/p>\n","protected":false},"excerpt":{"rendered":"<p>Pehme\u00e4 ilmakiv\u00e4\u00e4ri T\u00e4ysin metalli 0,99 Joule-ampumateho, metallimekaniikka isku- ja kosketussimulaatiolla. Kokoontaitettava taittuva metallivarasto. Automaattinen ja puoliautomaattinen toiminta (yksi laukaus \/ sarja). S\u00e4\u00e4dett\u00e4v\u00e4 hyppyj\u00e4rjestelm\u00e4.<\/p>\n<p>ERIKOINEN UUDISTAMINEN SCARRELLANTE METALLISSA<\/p>\n<p>Valmistaja: WELL Airsoft<br \/>\nMalli: G74C<br \/>\nMateriaali: T\u00e4ysmetallia<br \/>\nPaino: 3700 g<br \/>\nPituus: 665\/920 mm<br \/>\nAikakauslehti: 24 kierrosta<br \/>\nKuori: T\u00e4ysin metallinen, n\u00e4yt\u00f6ll\u00e4 painetulla logolla<br \/>\nTakaluopat: s\u00e4\u00e4dett\u00e4v\u00e4t edess\u00e4 ja takana<br \/>\nK\u00e4sisuoja: Puuv\u00e4rinen polymeeri<br \/>\nPoistumisnopeus: 100 m \/ s<br \/>\nToimintatapa: Kaasu<br \/>\nKuvaustila: puoliautomaattinen \/ t\u00e4ysautomaattinen<br \/>\nJalkapallo: Metalli, suljettava uudelleen<br \/>\nKuormaaja uusimman sukupolven venttiileill\u00e4<\/p>\n<p>Tekniset ominaisuudet:<br \/>\nBlowback recoil-simuloinnilla<br \/>\nUusimman sukupolven venttiilit<br \/>\nS\u00e4\u00e4dett\u00e4v\u00e4 hyppy<\/p>\n","protected":false},"featured_media":27942,"template":"","meta":{"_acf_changed":false},"product_brand":[],"product_cat":[251],"product_tag":[],"class_list":{"0":"post-27961","1":"product","2":"type-product","3":"status-publish","4":"has-post-thumbnail","6":"product_cat-sahkoaseet","8":"first","9":"onbackorder","10":"taxable","11":"shipping-taxable","12":"product-type-simple"},"acf":[],"_links":{"self":[{"href":"https:\/\/kingarms.ee\/fi\/wp-json\/wp\/v2\/product\/27961","targetHints":{"allow":["GET"]}}],"collection":[{"href":"https:\/\/kingarms.ee\/fi\/wp-json\/wp\/v2\/product"}],"about":[{"href":"https:\/\/kingarms.ee\/fi\/wp-json\/wp\/v2\/types\/product"}],"wp:featuredmedia":[{"embeddable":true,"href":"https:\/\/kingarms.ee\/fi\/wp-json\/wp\/v2\/media\/27942"}],"wp:attachment":[{"href":"https:\/\/kingarms.ee\/fi\/wp-json\/wp\/v2\/media?parent=27961"}],"wp:term":[{"taxonomy":"product_brand","embeddable":true,"href":"https:\/\/kingarms.ee\/fi\/wp-json\/wp\/v2\/product_brand?post=27961"},{"taxonomy":"product_cat","embeddable":true,"href":"https:\/\/kingarms.ee\/fi\/wp-json\/wp\/v2\/product_cat?post=27961"},{"taxonomy":"product_tag","embeddable":true,"href":"https:\/\/kingarms.ee\/fi\/wp-json\/wp\/v2\/product_tag?post=27961"}],"curies":[{"name":"wp","href":"https:\/\/api.w.org\/{rel}","templated":true}]}}