{"id":29162,"date":"2020-06-01T16:20:00","date_gmt":"2020-06-01T13:20:00","guid":{"rendered":"https:\/\/kingarms.ee\/product\/arp-9-gold-edition-gg\/"},"modified":"2024-08-09T15:33:20","modified_gmt":"2024-08-09T12:33:20","slug":"arp-9-gold-edition-gg","status":"publish","type":"product","link":"https:\/\/kingarms.ee\/fi\/product\/arp-9-gold-edition-gg\/","title":{"rendered":"ARP 9 GOLD EDITION (G&#038;G)"},"content":{"rendered":"<p><a href=\"https:\/\/kingarms.ee\/wp-content\/uploads\/2020\/06\/gg-electric-rifle-arp-9-gold-edition-gg-arp9gold-300x300.jpg\"><img loading=\"lazy\" decoding=\"async\" class=\"alignnone size-medium\" src=\"https:\/\/kingarms.ee\/wp-content\/uploads\/2020\/06\/gg-electric-rifle-arp-9-gold-edition-gg-arp9gold-300x300.jpg\" alt=\"\" width=\"300\" height=\"300\" \/><\/a><\/p>\n","protected":false},"excerpt":{"rendered":"<p>ARP 9 GOLD EDITION (G&amp;G)<\/p>\n<p>Runko on nailonia.<br \/>\nM-LOK-kisko on valmistettu alumiinista<br \/>\nAlustan kapasiteetti: 300 palloa<br \/>\nHop up on s\u00e4\u00e4dett\u00e4viss\u00e4<br \/>\nMOSFETI JA ETU<br \/>\nKuvaustila: yksi laukaus, sarjakuva ja puolipurske (3 kuvaa)<br \/>\nMoottorin nopeus 25000 RPM<br \/>\nPituus 495-585 mm<br \/>\nPaino 2200 g<br \/>\nAKKU- JA AKKULATURIT EI MAKSUJA<\/p>\n","protected":false},"featured_media":153226,"template":"","meta":{"_acf_changed":false},"product_brand":[],"product_cat":[251],"product_tag":[527],"class_list":{"0":"post-29162","1":"product","2":"type-product","3":"status-publish","4":"has-post-thumbnail","6":"product_cat-sahkoaseet","7":"product_tag-4blss3ph-fi","9":"first","10":"instock","11":"sale","12":"taxable","13":"shipping-taxable","14":"purchasable","15":"product-type-simple"},"acf":[],"_links":{"self":[{"href":"https:\/\/kingarms.ee\/fi\/wp-json\/wp\/v2\/product\/29162","targetHints":{"allow":["GET"]}}],"collection":[{"href":"https:\/\/kingarms.ee\/fi\/wp-json\/wp\/v2\/product"}],"about":[{"href":"https:\/\/kingarms.ee\/fi\/wp-json\/wp\/v2\/types\/product"}],"wp:featuredmedia":[{"embeddable":true,"href":"https:\/\/kingarms.ee\/fi\/wp-json\/wp\/v2\/media\/153226"}],"wp:attachment":[{"href":"https:\/\/kingarms.ee\/fi\/wp-json\/wp\/v2\/media?parent=29162"}],"wp:term":[{"taxonomy":"product_brand","embeddable":true,"href":"https:\/\/kingarms.ee\/fi\/wp-json\/wp\/v2\/product_brand?post=29162"},{"taxonomy":"product_cat","embeddable":true,"href":"https:\/\/kingarms.ee\/fi\/wp-json\/wp\/v2\/product_cat?post=29162"},{"taxonomy":"product_tag","embeddable":true,"href":"https:\/\/kingarms.ee\/fi\/wp-json\/wp\/v2\/product_tag?post=29162"}],"curies":[{"name":"wp","href":"https:\/\/api.w.org\/{rel}","templated":true}]}}