{"id":29369,"date":"2020-06-01T16:20:00","date_gmt":"2020-06-01T13:20:00","guid":{"rendered":"https:\/\/kingarms.ee\/product\/gg-308sr\/"},"modified":"2024-08-09T15:36:06","modified_gmt":"2024-08-09T12:36:06","slug":"gg-308sr","status":"publish","type":"product","link":"https:\/\/kingarms.ee\/fi\/product\/gg-308sr\/","title":{"rendered":"TR16 MBR 308SR (G&#038;G)"},"content":{"rendered":"<p><a href=\"https:\/\/kingarms.ee\/wp-content\/uploads\/2020\/06\/gg-armament-electric-rifle-tr16-mbr-308sr-gg-308sr-300x300.jpg\"><img loading=\"lazy\" decoding=\"async\" class=\"alignnone size-medium\" src=\"https:\/\/kingarms.ee\/wp-content\/uploads\/2020\/06\/gg-armament-electric-rifle-tr16-mbr-308sr-gg-308sr-300x300.jpg\" alt=\"\" width=\"300\" height=\"300\" \/><\/a><\/p>\n","protected":false},"excerpt":{"rendered":"<p>Runko on valmistettu metallista.<br \/>\nLokeron kapasiteetti: 40 BBs<br \/>\nAlumiinista KEYMOD<br \/>\nTaittuva pusku<br \/>\nTaittuva kohteet<br \/>\nHop up on s\u00e4\u00e4dett\u00e4viss\u00e4<br \/>\nMOSFET ja ETU<br \/>\nMoottorin nopeus\u00a025000RPM<br \/>\nPituus 850-940mm<br \/>\nPaino 3060g<br \/>\nAKKU JA AKUN LATURI EI SIS\u00c4LT\u00c4 SARJASSA<\/p>\n","protected":false},"featured_media":154996,"template":"","meta":{"_acf_changed":false},"product_brand":[],"product_cat":[251],"product_tag":[527],"class_list":{"0":"post-29369","1":"product","2":"type-product","3":"status-publish","4":"has-post-thumbnail","6":"product_cat-sahkoaseet","7":"product_tag-4blss3ph-fi","9":"first","10":"onbackorder","11":"taxable","12":"shipping-taxable","13":"product-type-simple"},"acf":[],"_links":{"self":[{"href":"https:\/\/kingarms.ee\/fi\/wp-json\/wp\/v2\/product\/29369","targetHints":{"allow":["GET"]}}],"collection":[{"href":"https:\/\/kingarms.ee\/fi\/wp-json\/wp\/v2\/product"}],"about":[{"href":"https:\/\/kingarms.ee\/fi\/wp-json\/wp\/v2\/types\/product"}],"wp:featuredmedia":[{"embeddable":true,"href":"https:\/\/kingarms.ee\/fi\/wp-json\/wp\/v2\/media\/154996"}],"wp:attachment":[{"href":"https:\/\/kingarms.ee\/fi\/wp-json\/wp\/v2\/media?parent=29369"}],"wp:term":[{"taxonomy":"product_brand","embeddable":true,"href":"https:\/\/kingarms.ee\/fi\/wp-json\/wp\/v2\/product_brand?post=29369"},{"taxonomy":"product_cat","embeddable":true,"href":"https:\/\/kingarms.ee\/fi\/wp-json\/wp\/v2\/product_cat?post=29369"},{"taxonomy":"product_tag","embeddable":true,"href":"https:\/\/kingarms.ee\/fi\/wp-json\/wp\/v2\/product_tag?post=29369"}],"curies":[{"name":"wp","href":"https:\/\/api.w.org\/{rel}","templated":true}]}}