{"id":29404,"date":"2020-06-01T16:20:00","date_gmt":"2020-06-01T13:20:00","guid":{"rendered":"https:\/\/kingarms.ee\/product\/gg09t\/"},"modified":"2025-09-15T12:07:23","modified_gmt":"2025-09-15T09:07:23","slug":"gg09t","status":"publish","type":"product","link":"https:\/\/kingarms.ee\/fi\/product\/gg09t\/","title":{"rendered":"CM16 RAIDER-L DESERT (G&#038;G)"},"content":{"rendered":"","protected":false},"excerpt":{"rendered":"<p>Runko on valmistettu nylonkuidusta.<br \/>\nLokeron kapasiteetti: 450 BBs<br \/>\nS\u00e4\u00e4dett\u00e4v\u00e4 kohteet<br \/>\nHop up on s\u00e4\u00e4dett\u00e4viss\u00e4<br \/>\nSisseklapitav kaba<br \/>\nPituus 780mm-970mm<br \/>\nPaino 2065g<br \/>\nAKKU JA AKUN LATURI EI SIS\u00c4LT\u00c4 SARJASSA<\/p>\n<p>Kuva on havainnollistava \u2014 todelliset mitat ja v\u00e4ri voivat hieman poiketa.<\/p>\n","protected":false},"featured_media":153371,"template":"","meta":{"_acf_changed":false},"product_brand":[],"product_cat":[251],"product_tag":[527],"class_list":{"0":"post-29404","1":"product","2":"type-product","3":"status-publish","4":"has-post-thumbnail","6":"product_cat-sahkoaseet","7":"product_tag-4blss3ph-fi","9":"first","10":"onbackorder","11":"taxable","12":"shipping-taxable","13":"product-type-simple"},"acf":[],"_links":{"self":[{"href":"https:\/\/kingarms.ee\/fi\/wp-json\/wp\/v2\/product\/29404","targetHints":{"allow":["GET"]}}],"collection":[{"href":"https:\/\/kingarms.ee\/fi\/wp-json\/wp\/v2\/product"}],"about":[{"href":"https:\/\/kingarms.ee\/fi\/wp-json\/wp\/v2\/types\/product"}],"wp:featuredmedia":[{"embeddable":true,"href":"https:\/\/kingarms.ee\/fi\/wp-json\/wp\/v2\/media\/153371"}],"wp:attachment":[{"href":"https:\/\/kingarms.ee\/fi\/wp-json\/wp\/v2\/media?parent=29404"}],"wp:term":[{"taxonomy":"product_brand","embeddable":true,"href":"https:\/\/kingarms.ee\/fi\/wp-json\/wp\/v2\/product_brand?post=29404"},{"taxonomy":"product_cat","embeddable":true,"href":"https:\/\/kingarms.ee\/fi\/wp-json\/wp\/v2\/product_cat?post=29404"},{"taxonomy":"product_tag","embeddable":true,"href":"https:\/\/kingarms.ee\/fi\/wp-json\/wp\/v2\/product_tag?post=29404"}],"curies":[{"name":"wp","href":"https:\/\/api.w.org\/{rel}","templated":true}]}}