{"id":29421,"date":"2020-06-01T16:20:00","date_gmt":"2020-06-01T13:20:00","guid":{"rendered":"https:\/\/kingarms.ee\/product\/ggmp7\/"},"modified":"2024-08-09T15:58:12","modified_gmt":"2024-08-09T12:58:12","slug":"ggmp7","status":"publish","type":"product","link":"https:\/\/kingarms.ee\/fi\/product\/ggmp7\/","title":{"rendered":"GC16 MPW 7 (G&#038;G)"},"content":{"rendered":"<p><a href=\"https:\/\/kingarms.ee\/wp-content\/uploads\/2020\/06\/gg-aeg-gc16-mpw-7-ggmp7.jpg\"><img loading=\"lazy\" decoding=\"async\" class=\"alignnone size-medium\" src=\"https:\/\/kingarms.ee\/wp-content\/uploads\/2020\/06\/gg-aeg-gc16-mpw-7-ggmp7-300x300.jpg\" alt=\"\" width=\"300\" height=\"300\" \/><\/a><\/p>\n","protected":false},"excerpt":{"rendered":"<p>Runko on valmistettu metallista.<br \/>\nS\u00e4\u00e4dett\u00e4v\u00e4 kohteet<br \/>\nLokeron kapasiteetti: 300 BBs<br \/>\nKuvaustila: sulake, yksi ja sarja<br \/>\nPituus 660-750mm<br \/>\nPaino 2000g<br \/>\nAKKU JA AKUN LATURI EI SIS\u00c4LT\u00c4 SARJASSA<\/p>\n","protected":false},"featured_media":154718,"template":"","meta":{"_acf_changed":false},"product_brand":[],"product_cat":[251],"product_tag":[527],"class_list":{"0":"post-29421","1":"product","2":"type-product","3":"status-publish","4":"has-post-thumbnail","6":"product_cat-sahkoaseet","7":"product_tag-4blss3ph-fi","9":"first","10":"onbackorder","11":"taxable","12":"shipping-taxable","13":"product-type-simple"},"acf":[],"_links":{"self":[{"href":"https:\/\/kingarms.ee\/fi\/wp-json\/wp\/v2\/product\/29421","targetHints":{"allow":["GET"]}}],"collection":[{"href":"https:\/\/kingarms.ee\/fi\/wp-json\/wp\/v2\/product"}],"about":[{"href":"https:\/\/kingarms.ee\/fi\/wp-json\/wp\/v2\/types\/product"}],"wp:featuredmedia":[{"embeddable":true,"href":"https:\/\/kingarms.ee\/fi\/wp-json\/wp\/v2\/media\/154718"}],"wp:attachment":[{"href":"https:\/\/kingarms.ee\/fi\/wp-json\/wp\/v2\/media?parent=29421"}],"wp:term":[{"taxonomy":"product_brand","embeddable":true,"href":"https:\/\/kingarms.ee\/fi\/wp-json\/wp\/v2\/product_brand?post=29421"},{"taxonomy":"product_cat","embeddable":true,"href":"https:\/\/kingarms.ee\/fi\/wp-json\/wp\/v2\/product_cat?post=29421"},{"taxonomy":"product_tag","embeddable":true,"href":"https:\/\/kingarms.ee\/fi\/wp-json\/wp\/v2\/product_tag?post=29421"}],"curies":[{"name":"wp","href":"https:\/\/api.w.org\/{rel}","templated":true}]}}