{"id":29437,"date":"2020-06-01T16:20:00","date_gmt":"2020-06-01T13:20:00","guid":{"rendered":"https:\/\/kingarms.ee\/product\/gg-gmg42\/"},"modified":"2024-08-09T16:03:04","modified_gmt":"2024-08-09T13:03:04","slug":"gg-gmg42","status":"publish","type":"product","link":"https:\/\/kingarms.ee\/fi\/product\/gg-gmg42\/","title":{"rendered":"GMG42 (G&#038;G)"},"content":{"rendered":"<p><a href=\"https:\/\/kingarms.ee\/wp-content\/uploads\/2020\/06\/gg-electric-rifle-gmg42-gg-gmg42-300x300.jpg\"><img loading=\"lazy\" decoding=\"async\" class=\"alignnone size-medium\" src=\"https:\/\/kingarms.ee\/wp-content\/uploads\/2020\/06\/gg-electric-rifle-gmg42-gg-gmg42-300x300.jpg\" alt=\"\" width=\"300\" height=\"300\" \/><\/a><\/p>\n","protected":false},"excerpt":{"rendered":"<p>Gmg42 (g&amp;g)<\/p>\n<p>Mg 42 &#8211; maschinengewehr 42 kopio (world war ii)<br \/>\nRunko on valmistettu metallista.<br \/>\nAutomaattinen tarjottimet, jossa on 1700 palloa<br \/>\nS\u00e4\u00e4dett\u00e4v\u00e4 taitettava kohteet. Ees<br \/>\nS\u00e4\u00e4dett\u00e4v\u00e4 kohteet takana<br \/>\nHop up on s\u00e4\u00e4dett\u00e4viss\u00e4<br \/>\nKuvaustila: sulake ja t\u00e4ysin automaattinen<br \/>\nMoottorin nopeus 25000rpm<br \/>\n10mm kupari laakereilla gearbox<br \/>\nPituus 1230mm<br \/>\nPaino\u00a010000g<br \/>\nAkku ja akun laturi ei sis\u00e4lt\u00e4 sarjassa<\/p>\n","protected":false},"featured_media":155017,"template":"","meta":{"_acf_changed":false},"product_brand":[],"product_cat":[251],"product_tag":[527],"class_list":{"0":"post-29437","1":"product","2":"type-product","3":"status-publish","4":"has-post-thumbnail","6":"product_cat-sahkoaseet","7":"product_tag-4blss3ph-fi","9":"first","10":"onbackorder","11":"taxable","12":"shipping-taxable","13":"product-type-simple"},"acf":[],"_links":{"self":[{"href":"https:\/\/kingarms.ee\/fi\/wp-json\/wp\/v2\/product\/29437","targetHints":{"allow":["GET"]}}],"collection":[{"href":"https:\/\/kingarms.ee\/fi\/wp-json\/wp\/v2\/product"}],"about":[{"href":"https:\/\/kingarms.ee\/fi\/wp-json\/wp\/v2\/types\/product"}],"wp:featuredmedia":[{"embeddable":true,"href":"https:\/\/kingarms.ee\/fi\/wp-json\/wp\/v2\/media\/155017"}],"wp:attachment":[{"href":"https:\/\/kingarms.ee\/fi\/wp-json\/wp\/v2\/media?parent=29437"}],"wp:term":[{"taxonomy":"product_brand","embeddable":true,"href":"https:\/\/kingarms.ee\/fi\/wp-json\/wp\/v2\/product_brand?post=29437"},{"taxonomy":"product_cat","embeddable":true,"href":"https:\/\/kingarms.ee\/fi\/wp-json\/wp\/v2\/product_cat?post=29437"},{"taxonomy":"product_tag","embeddable":true,"href":"https:\/\/kingarms.ee\/fi\/wp-json\/wp\/v2\/product_tag?post=29437"}],"curies":[{"name":"wp","href":"https:\/\/api.w.org\/{rel}","templated":true}]}}