{"id":29475,"date":"2020-06-01T16:20:00","date_gmt":"2020-06-01T13:20:00","guid":{"rendered":"https:\/\/kingarms.ee\/product\/gg-556wh\/"},"modified":"2024-08-09T16:16:13","modified_gmt":"2024-08-09T13:16:13","slug":"gg-556wh","status":"publish","type":"product","link":"https:\/\/kingarms.ee\/fi\/product\/gg-556wh\/","title":{"rendered":"TR16 MBR 556WH (G&#038;G)"},"content":{"rendered":"<p><a href=\"https:\/\/kingarms.ee\/wp-content\/uploads\/2020\/06\/gg-armament-electric-rifle-tr16-mbr-308sr-gg-556wh-300x300.jpg\"><img loading=\"lazy\" decoding=\"async\" class=\"alignnone size-medium\" src=\"https:\/\/kingarms.ee\/wp-content\/uploads\/2020\/06\/gg-armament-electric-rifle-tr16-mbr-308sr-gg-556wh-300x300.jpg\" alt=\"\" width=\"300\" height=\"300\" \/><\/a><\/p>\n","protected":false},"excerpt":{"rendered":"<p>TR16 MBR 556WH (G&amp;G)<\/p>\n<p>Runko on valmistettu metallista.<br \/>\nLokeron kapasiteetti: 90 BBs<br \/>\nM-LOK reil on valmistettu alumiinista.<br \/>\nTaittuva pusku<br \/>\nS\u00e4\u00e4dett\u00e4v\u00e4 taitettava kohteet.<br \/>\nHop up on s\u00e4\u00e4dett\u00e4viss\u00e4<br \/>\nMOSFET ja ETU<br \/>\nG2 Gearbox 8mm laakereilla<br \/>\nKuvaustila: yksi, sarja ja sarja (3 tai 5 kuvaa)<br \/>\nMoottorin nopeus\u00a025000RPM<br \/>\nPituus 858mm-946mm<br \/>\nPaino 3090g<br \/>\nAKKU JA AKUN LATURI EI SIS\u00c4LT\u00c4 SARJASSA<\/p>\n","protected":false},"featured_media":154937,"template":"","meta":{"_acf_changed":false},"product_brand":[],"product_cat":[251],"product_tag":[527],"class_list":{"0":"post-29475","1":"product","2":"type-product","3":"status-publish","4":"has-post-thumbnail","6":"product_cat-sahkoaseet","7":"product_tag-4blss3ph-fi","9":"first","10":"onbackorder","11":"sale","12":"taxable","13":"shipping-taxable","14":"product-type-simple"},"acf":[],"_links":{"self":[{"href":"https:\/\/kingarms.ee\/fi\/wp-json\/wp\/v2\/product\/29475","targetHints":{"allow":["GET"]}}],"collection":[{"href":"https:\/\/kingarms.ee\/fi\/wp-json\/wp\/v2\/product"}],"about":[{"href":"https:\/\/kingarms.ee\/fi\/wp-json\/wp\/v2\/types\/product"}],"wp:featuredmedia":[{"embeddable":true,"href":"https:\/\/kingarms.ee\/fi\/wp-json\/wp\/v2\/media\/154937"}],"wp:attachment":[{"href":"https:\/\/kingarms.ee\/fi\/wp-json\/wp\/v2\/media?parent=29475"}],"wp:term":[{"taxonomy":"product_brand","embeddable":true,"href":"https:\/\/kingarms.ee\/fi\/wp-json\/wp\/v2\/product_brand?post=29475"},{"taxonomy":"product_cat","embeddable":true,"href":"https:\/\/kingarms.ee\/fi\/wp-json\/wp\/v2\/product_cat?post=29475"},{"taxonomy":"product_tag","embeddable":true,"href":"https:\/\/kingarms.ee\/fi\/wp-json\/wp\/v2\/product_tag?post=29475"}],"curies":[{"name":"wp","href":"https:\/\/api.w.org\/{rel}","templated":true}]}}