{"id":29477,"date":"2020-06-01T16:20:00","date_gmt":"2020-06-01T13:20:00","guid":{"rendered":"https:\/\/kingarms.ee\/product\/gg-308mk2\/"},"modified":"2025-07-19T16:16:54","modified_gmt":"2025-07-19T13:16:54","slug":"gg-308mk2","status":"publish","type":"product","link":"https:\/\/kingarms.ee\/fi\/product\/gg-308mk2\/","title":{"rendered":"TR16 SBR 308 MK II G&amp;G"},"content":{"rendered":"<p><a href=\"https:\/\/kingarms.ee\/wp-content\/uploads\/2020\/06\/gg-electric-rifle-tr16-sbr-308-mk-ii-gg-308mk2-300x300.jpg\"><img loading=\"lazy\" decoding=\"async\" class=\"alignnone size-medium\" src=\"https:\/\/kingarms.ee\/wp-content\/uploads\/2020\/06\/gg-electric-rifle-tr16-sbr-308-mk-ii-gg-308mk2-300x300.jpg\" alt=\"\" width=\"300\" height=\"300\"><\/a><\/p>\n","protected":false},"excerpt":{"rendered":"<p>TR16 SBR 308 MK II G&amp;G<\/p>\n<p>Low-cap polymer 40 patruunan lipas<br \/>\nMetallinen K\u00e4sisuoja ja vastaanottimet<br \/>\nSis\u00e4\u00e4nvedett\u00e4v\u00e4 polymeerivarasto<br \/>\nK\u00e4\u00e4nnett\u00e4v\u00e4t s\u00e4\u00e4dett\u00e4v\u00e4t t\u00e4ht\u00e4imet<br \/>\nS\u00e4\u00e4dett\u00e4v\u00e4 hyppy yl\u00f6s<br \/>\nG2-j\u00e4rjestelm\u00e4<br \/>\nVahva 25000 rpm Moottori<br \/>\n8mm laakeri<br \/>\nEtu ja mosfet<br \/>\nPalotila: turvallinen, puoliautomaattinen ja t\u00e4ysautomaattinen (3 kierroksen purske konfiguroitavissa)<br \/>\nParistolokero varastoputken sis\u00e4ll\u00e4<br \/>\nPaino 2390g<br \/>\nPituus: 705mm-765mm<br \/>\nMusta v\u00e4ri<br \/>\nAkku ja akkulaturi eiv\u00e4t sis\u00e4lly toimitukseen<\/p>\n","protected":false},"featured_media":154984,"template":"","meta":{"_acf_changed":false},"product_brand":[],"product_cat":[251],"product_tag":[527],"class_list":{"0":"post-29477","1":"product","2":"type-product","3":"status-publish","4":"has-post-thumbnail","6":"product_cat-sahkoaseet","7":"product_tag-4blss3ph-fi","9":"first","10":"onbackorder","11":"taxable","12":"shipping-taxable","13":"product-type-simple"},"acf":[],"_links":{"self":[{"href":"https:\/\/kingarms.ee\/fi\/wp-json\/wp\/v2\/product\/29477","targetHints":{"allow":["GET"]}}],"collection":[{"href":"https:\/\/kingarms.ee\/fi\/wp-json\/wp\/v2\/product"}],"about":[{"href":"https:\/\/kingarms.ee\/fi\/wp-json\/wp\/v2\/types\/product"}],"wp:featuredmedia":[{"embeddable":true,"href":"https:\/\/kingarms.ee\/fi\/wp-json\/wp\/v2\/media\/154984"}],"wp:attachment":[{"href":"https:\/\/kingarms.ee\/fi\/wp-json\/wp\/v2\/media?parent=29477"}],"wp:term":[{"taxonomy":"product_brand","embeddable":true,"href":"https:\/\/kingarms.ee\/fi\/wp-json\/wp\/v2\/product_brand?post=29477"},{"taxonomy":"product_cat","embeddable":true,"href":"https:\/\/kingarms.ee\/fi\/wp-json\/wp\/v2\/product_cat?post=29477"},{"taxonomy":"product_tag","embeddable":true,"href":"https:\/\/kingarms.ee\/fi\/wp-json\/wp\/v2\/product_tag?post=29477"}],"curies":[{"name":"wp","href":"https:\/\/api.w.org\/{rel}","templated":true}]}}