{"id":30687,"date":"2020-07-22T12:30:48","date_gmt":"2020-07-22T09:30:48","guid":{"rendered":"https:\/\/kingarms.ee\/product\/gtp9-blowback-gg\/"},"modified":"2024-08-09T15:31:55","modified_gmt":"2024-08-09T12:31:55","slug":"gtp9-blowback-gg","status":"publish","type":"product","link":"https:\/\/kingarms.ee\/fi\/product\/gtp9-blowback-gg\/","title":{"rendered":"GTP9 blowback (G&#038;G)"},"content":{"rendered":"<p><a href=\"https:\/\/kingarms.ee\/wp-content\/uploads\/2020\/07\/gas-pistol-gtp9-black-gg-gtp9-gg-armament-gas-gpm-tp9-bbb-ncm-300x300.jpg\"><img loading=\"lazy\" decoding=\"async\" class=\"alignnone size-medium wp-image-30666\" src=\"https:\/\/kingarms.ee\/wp-content\/uploads\/2020\/07\/gas-pistol-gtp9-black-gg-gtp9-gg-armament-gas-gpm-tp9-bbb-ncm-300x300.jpg\" alt=\"\" width=\"300\" height=\"300\" srcset=\"https:\/\/kingarms.ee\/wp-content\/uploads\/2020\/07\/gas-pistol-gtp9-black-gg-gtp9-gg-armament-gas-gpm-tp9-bbb-ncm-300x300.jpg 300w, https:\/\/kingarms.ee\/wp-content\/uploads\/2020\/07\/gas-pistol-gtp9-black-gg-gtp9-gg-armament-gas-gpm-tp9-bbb-ncm-150x150.jpg 150w, https:\/\/kingarms.ee\/wp-content\/uploads\/2020\/07\/gas-pistol-gtp9-black-gg-gtp9-gg-armament-gas-gpm-tp9-bbb-ncm-500x500.jpg 500w, https:\/\/kingarms.ee\/wp-content\/uploads\/2020\/07\/gas-pistol-gtp9-black-gg-gtp9-gg-armament-gas-gpm-tp9-bbb-ncm-768x768.jpg 768w, https:\/\/kingarms.ee\/wp-content\/uploads\/2020\/07\/gas-pistol-gtp9-black-gg-gtp9-gg-armament-gas-gpm-tp9-bbb-ncm.jpg 800w\" sizes=\"auto, (max-width: 300px) 100vw, 300px\" \/><\/a><\/p>\n","protected":false},"excerpt":{"rendered":"<p>Valmistaja: G&amp;G.<br \/>\nRebound: kyll\u00e4.<br \/>\nPaino: 870 g.<br \/>\nMateriaali: tekopolymeeri ja metalli.<br \/>\nV\u00e4ri: musta \/ hopea.<br \/>\nPituus: 220mm.<br \/>\nPutken pituus: 113 mm.<br \/>\nKuvaustila: yksi kuva<br \/>\nAlustan kapasiteetti: 22 palloa<br \/>\nKaliiperi: 6 mm BBs<br \/>\nTavoitteet: kiinte\u00e4t.<br \/>\nHop Up: S\u00e4\u00e4dett\u00e4v\u00e4 py\u00f6riv\u00e4.<\/p>\n<p>Sarja sis\u00e4lt\u00e4\u00e4:<\/p>\n<p>1x GTP9.<br \/>\n1x lokero<br \/>\n1x matkalaukku.<br \/>\n1x pikalaturi<br \/>\nK\u00e4ytt\u00f6ohjeet ja k\u00e4ytt\u00f6ohjeet.<\/p>\n","protected":false},"featured_media":30668,"template":"","meta":{"_acf_changed":false},"product_brand":[],"product_cat":[252],"product_tag":[],"class_list":{"0":"post-30687","1":"product","2":"type-product","3":"status-publish","4":"has-post-thumbnail","6":"product_cat-kaasutoimiset-aseet","8":"first","9":"onbackorder","10":"taxable","11":"shipping-taxable","12":"product-type-simple"},"acf":[],"_links":{"self":[{"href":"https:\/\/kingarms.ee\/fi\/wp-json\/wp\/v2\/product\/30687","targetHints":{"allow":["GET"]}}],"collection":[{"href":"https:\/\/kingarms.ee\/fi\/wp-json\/wp\/v2\/product"}],"about":[{"href":"https:\/\/kingarms.ee\/fi\/wp-json\/wp\/v2\/types\/product"}],"wp:featuredmedia":[{"embeddable":true,"href":"https:\/\/kingarms.ee\/fi\/wp-json\/wp\/v2\/media\/30668"}],"wp:attachment":[{"href":"https:\/\/kingarms.ee\/fi\/wp-json\/wp\/v2\/media?parent=30687"}],"wp:term":[{"taxonomy":"product_brand","embeddable":true,"href":"https:\/\/kingarms.ee\/fi\/wp-json\/wp\/v2\/product_brand?post=30687"},{"taxonomy":"product_cat","embeddable":true,"href":"https:\/\/kingarms.ee\/fi\/wp-json\/wp\/v2\/product_cat?post=30687"},{"taxonomy":"product_tag","embeddable":true,"href":"https:\/\/kingarms.ee\/fi\/wp-json\/wp\/v2\/product_tag?post=30687"}],"curies":[{"name":"wp","href":"https:\/\/api.w.org\/{rel}","templated":true}]}}