{"id":30711,"date":"2020-07-22T12:41:04","date_gmt":"2020-07-22T09:41:04","guid":{"rendered":"https:\/\/kingarms.ee\/product\/gpm1911-gg\/"},"modified":"2024-08-09T15:31:12","modified_gmt":"2024-08-09T12:31:12","slug":"gpm1911-gg","status":"publish","type":"product","link":"https:\/\/kingarms.ee\/fi\/product\/gpm1911-gg\/","title":{"rendered":"GPM1911 (G&#038;G)"},"content":{"rendered":"<p><a href=\"https:\/\/kingarms.ee\/wp-content\/uploads\/2020\/07\/110910-01-800x600-500x500-300x300.jpg\"><img loading=\"lazy\" decoding=\"async\" class=\"alignnone size-medium wp-image-30690\" src=\"https:\/\/kingarms.ee\/wp-content\/uploads\/2020\/07\/110910-01-800x600-500x500-300x300.jpg\" alt=\"\" width=\"300\" height=\"300\" srcset=\"https:\/\/kingarms.ee\/wp-content\/uploads\/2020\/07\/110910-01-800x600-500x500-300x300.jpg 300w, https:\/\/kingarms.ee\/wp-content\/uploads\/2020\/07\/110910-01-800x600-500x500-150x150.jpg 150w, https:\/\/kingarms.ee\/wp-content\/uploads\/2020\/07\/110910-01-800x600-500x500.jpg 500w\" sizes=\"auto, (max-width: 300px) 100vw, 300px\" \/><\/a><\/p>\n","protected":false},"excerpt":{"rendered":"<p>Valmistaja: G&amp;G<br \/>\nHop-Up: S\u00e4\u00e4dett\u00e4v\u00e4.<br \/>\nLokeron kapasiteetti: 25 kuvaa.<br \/>\nPaino: 1120 g.<br \/>\nMateriaali: kaikki metalli.<br \/>\nPituus: 220 mm.<br \/>\nKorkeus: 140 mm.<br \/>\nN\u00e4kym\u00e4n pituus: 116,5 mm.<br \/>\nKuvaustila: yksi kuva<br \/>\nKaliiperi: 6 mm.<\/p>\n<p>Sarja sis\u00e4lt\u00e4\u00e4:<\/p>\n<p>1x GPM-92F.<br \/>\n1x lokero.<br \/>\n1x pikalaturi<br \/>\nK\u00e4ytt\u00f6ohjeet ja k\u00e4ytt\u00f6ohjeet.<\/p>\n","protected":false},"featured_media":30692,"template":"","meta":{"_acf_changed":false},"product_brand":[],"product_cat":[252],"product_tag":[],"class_list":{"0":"post-30711","1":"product","2":"type-product","3":"status-publish","4":"has-post-thumbnail","6":"product_cat-kaasutoimiset-aseet","8":"first","9":"instock","10":"taxable","11":"shipping-taxable","12":"purchasable","13":"product-type-simple"},"acf":[],"_links":{"self":[{"href":"https:\/\/kingarms.ee\/fi\/wp-json\/wp\/v2\/product\/30711","targetHints":{"allow":["GET"]}}],"collection":[{"href":"https:\/\/kingarms.ee\/fi\/wp-json\/wp\/v2\/product"}],"about":[{"href":"https:\/\/kingarms.ee\/fi\/wp-json\/wp\/v2\/types\/product"}],"wp:featuredmedia":[{"embeddable":true,"href":"https:\/\/kingarms.ee\/fi\/wp-json\/wp\/v2\/media\/30692"}],"wp:attachment":[{"href":"https:\/\/kingarms.ee\/fi\/wp-json\/wp\/v2\/media?parent=30711"}],"wp:term":[{"taxonomy":"product_brand","embeddable":true,"href":"https:\/\/kingarms.ee\/fi\/wp-json\/wp\/v2\/product_brand?post=30711"},{"taxonomy":"product_cat","embeddable":true,"href":"https:\/\/kingarms.ee\/fi\/wp-json\/wp\/v2\/product_cat?post=30711"},{"taxonomy":"product_tag","embeddable":true,"href":"https:\/\/kingarms.ee\/fi\/wp-json\/wp\/v2\/product_tag?post=30711"}],"curies":[{"name":"wp","href":"https:\/\/api.w.org\/{rel}","templated":true}]}}