{"id":30786,"date":"2020-07-27T13:11:13","date_gmt":"2020-07-27T10:11:13","guid":{"rendered":"https:\/\/kingarms.ee\/product\/retay-70s\/"},"modified":"2024-08-09T15:29:07","modified_gmt":"2024-08-09T12:29:07","slug":"retay-70s","status":"publish","type":"product","link":"https:\/\/kingarms.ee\/fi\/product\/retay-70s\/","title":{"rendered":"RETAY 70S"},"content":{"rendered":"<p><a href=\"https:\/\/kingarms.ee\/wp-content\/uploads\/2020\/07\/d1dba753-91f0-11e6-8321-001e67ad91cb_d9a1e53e-09ee-459b-bfd7-4212808ad3cc-1-300x99.jpg\"><img loading=\"lazy\" decoding=\"async\" class=\"alignnone size-medium wp-image-30781\" src=\"https:\/\/kingarms.ee\/wp-content\/uploads\/2020\/07\/d1dba753-91f0-11e6-8321-001e67ad91cb_d9a1e53e-09ee-459b-bfd7-4212808ad3cc-1-300x99.jpg\" alt=\"\" width=\"300\" height=\"99\" srcset=\"https:\/\/kingarms.ee\/wp-content\/uploads\/2020\/07\/d1dba753-91f0-11e6-8321-001e67ad91cb_d9a1e53e-09ee-459b-bfd7-4212808ad3cc-1-300x99.jpg 300w, https:\/\/kingarms.ee\/wp-content\/uploads\/2020\/07\/d1dba753-91f0-11e6-8321-001e67ad91cb_d9a1e53e-09ee-459b-bfd7-4212808ad3cc-1-150x50.jpg 150w, https:\/\/kingarms.ee\/wp-content\/uploads\/2020\/07\/d1dba753-91f0-11e6-8321-001e67ad91cb_d9a1e53e-09ee-459b-bfd7-4212808ad3cc-1-500x166.jpg 500w, https:\/\/kingarms.ee\/wp-content\/uploads\/2020\/07\/d1dba753-91f0-11e6-8321-001e67ad91cb_d9a1e53e-09ee-459b-bfd7-4212808ad3cc-1-768x254.jpg 768w, https:\/\/kingarms.ee\/wp-content\/uploads\/2020\/07\/d1dba753-91f0-11e6-8321-001e67ad91cb_d9a1e53e-09ee-459b-bfd7-4212808ad3cc-1.jpg 1024w\" sizes=\"auto, (max-width: 300px) 100vw, 300px\" \/><\/a><\/p>\n","protected":false},"excerpt":{"rendered":"<p>Kertak\u00e4ytt\u00f6inen jousikuormitteinen pistooli kuuluisalta turkkilaiselta yritykselt\u00e4 Retay. Tuotteella on &#8211; laatu, edullinen hinta ja korkea luotettavuus! Retay 70S -kiv\u00e4\u00e4ri on suunniteltu vapaa-ajanviettoon ja urheilulliseen ammuntaan.<\/p>\n<p>Valmistajan palautus<br \/>\nKaliiperi 4,5 mm<br \/>\nSuun nopeus 120 m \/ s<br \/>\nRyhm\u00e4<br \/>\nfraktioryhm\u00e4j\u00e4rjestelm\u00e4<br \/>\nKiv\u00e4\u00e4ri<br \/>\nYksi lataus<br \/>\nAmpumatyyppiset luodit<\/p>\n","protected":false},"featured_media":89627,"template":"","meta":{"_acf_changed":false},"product_brand":[],"product_cat":[828],"product_tag":[],"class_list":{"0":"post-30786","1":"product","2":"type-product","3":"status-publish","4":"has-post-thumbnail","6":"product_cat-tarkka-ampuja-aseet-45mm","8":"first","9":"instock","10":"taxable","11":"shipping-taxable","12":"purchasable","13":"product-type-simple"},"acf":[],"_links":{"self":[{"href":"https:\/\/kingarms.ee\/fi\/wp-json\/wp\/v2\/product\/30786","targetHints":{"allow":["GET"]}}],"collection":[{"href":"https:\/\/kingarms.ee\/fi\/wp-json\/wp\/v2\/product"}],"about":[{"href":"https:\/\/kingarms.ee\/fi\/wp-json\/wp\/v2\/types\/product"}],"wp:featuredmedia":[{"embeddable":true,"href":"https:\/\/kingarms.ee\/fi\/wp-json\/wp\/v2\/media\/89627"}],"wp:attachment":[{"href":"https:\/\/kingarms.ee\/fi\/wp-json\/wp\/v2\/media?parent=30786"}],"wp:term":[{"taxonomy":"product_brand","embeddable":true,"href":"https:\/\/kingarms.ee\/fi\/wp-json\/wp\/v2\/product_brand?post=30786"},{"taxonomy":"product_cat","embeddable":true,"href":"https:\/\/kingarms.ee\/fi\/wp-json\/wp\/v2\/product_cat?post=30786"},{"taxonomy":"product_tag","embeddable":true,"href":"https:\/\/kingarms.ee\/fi\/wp-json\/wp\/v2\/product_tag?post=30786"}],"curies":[{"name":"wp","href":"https:\/\/api.w.org\/{rel}","templated":true}]}}