{"id":30915,"date":"2020-08-18T13:34:57","date_gmt":"2020-08-18T10:34:57","guid":{"rendered":"https:\/\/kingarms.ee\/product\/0-25g-tracer-bb-bio-nimrod\/"},"modified":"2024-08-09T15:27:39","modified_gmt":"2024-08-09T12:27:39","slug":"0-25g-tracer-bb-bio-nimrod","status":"publish","type":"product","link":"https:\/\/kingarms.ee\/fi\/product\/0-25g-tracer-bb-bio-nimrod\/","title":{"rendered":"0.25g Tracer BB (BIO, NIMROD)"},"content":{"rendered":"<p><a href=\"https:\/\/kingarms.ee\/wp-content\/uploads\/2020\/08\/pot-de-2000-billes-025g-bio-tracantes-verte-nimrod-p-image-163526-grande-300x200.png\"><img loading=\"lazy\" decoding=\"async\" class=\"alignnone size-medium wp-image-30912\" src=\"https:\/\/kingarms.ee\/wp-content\/uploads\/2020\/08\/pot-de-2000-billes-025g-bio-tracantes-verte-nimrod-p-image-163526-grande-300x200.png\" alt=\"\" width=\"300\" height=\"200\" srcset=\"https:\/\/kingarms.ee\/wp-content\/uploads\/2020\/08\/pot-de-2000-billes-025g-bio-tracantes-verte-nimrod-p-image-163526-grande-300x200.png 300w, https:\/\/kingarms.ee\/wp-content\/uploads\/2020\/08\/pot-de-2000-billes-025g-bio-tracantes-verte-nimrod-p-image-163526-grande-150x100.png 150w, https:\/\/kingarms.ee\/wp-content\/uploads\/2020\/08\/pot-de-2000-billes-025g-bio-tracantes-verte-nimrod-p-image-163526-grande-500x333.png 500w, https:\/\/kingarms.ee\/wp-content\/uploads\/2020\/08\/pot-de-2000-billes-025g-bio-tracantes-verte-nimrod-p-image-163526-grande-768x512.png 768w, https:\/\/kingarms.ee\/wp-content\/uploads\/2020\/08\/pot-de-2000-billes-025g-bio-tracantes-verte-nimrod-p-image-163526-grande.png 800w\" sizes=\"auto, (max-width: 300px) 100vw, 300px\" \/><\/a><\/p>\n","protected":false},"excerpt":{"rendered":"<p>Korkealaatuiset 0,25 g BB TRACER -pallot tunnetuilta valmistajilta NIMROD. Paras valinta airsoft-aseesi! Valmistaja tarkastaa kaikki pallot (halkaisija 5,95 mm +\/- 0,005 mm). J\u00e4ljityspallot hehkuvat ilmassa ja tekev\u00e4t airsoft-pelist\u00e4si viel\u00e4kin nautinnollisemman pime\u00e4ss\u00e4. Parhaan tuloksen saavuttamiseksi k\u00e4yt\u00e4 my\u00f6s TRACER-\u00e4\u00e4nenvaimenninta tai alustaa. Pallojen v\u00e4ri on vihre\u00e4. Purkissa on 2000 BB-palloa.<\/p>\n","protected":false},"featured_media":30912,"template":"","meta":{"_acf_changed":false},"product_brand":[],"product_cat":[240],"product_tag":[],"class_list":{"0":"post-30915","1":"product","2":"type-product","3":"status-publish","4":"has-post-thumbnail","6":"product_cat-airsoft-fi","8":"first","9":"onbackorder","10":"taxable","11":"shipping-taxable","12":"product-type-simple"},"acf":[],"_links":{"self":[{"href":"https:\/\/kingarms.ee\/fi\/wp-json\/wp\/v2\/product\/30915","targetHints":{"allow":["GET"]}}],"collection":[{"href":"https:\/\/kingarms.ee\/fi\/wp-json\/wp\/v2\/product"}],"about":[{"href":"https:\/\/kingarms.ee\/fi\/wp-json\/wp\/v2\/types\/product"}],"wp:featuredmedia":[{"embeddable":true,"href":"https:\/\/kingarms.ee\/fi\/wp-json\/wp\/v2\/media\/30912"}],"wp:attachment":[{"href":"https:\/\/kingarms.ee\/fi\/wp-json\/wp\/v2\/media?parent=30915"}],"wp:term":[{"taxonomy":"product_brand","embeddable":true,"href":"https:\/\/kingarms.ee\/fi\/wp-json\/wp\/v2\/product_brand?post=30915"},{"taxonomy":"product_cat","embeddable":true,"href":"https:\/\/kingarms.ee\/fi\/wp-json\/wp\/v2\/product_cat?post=30915"},{"taxonomy":"product_tag","embeddable":true,"href":"https:\/\/kingarms.ee\/fi\/wp-json\/wp\/v2\/product_tag?post=30915"}],"curies":[{"name":"wp","href":"https:\/\/api.w.org\/{rel}","templated":true}]}}