{"id":31381,"date":"2020-12-30T19:52:43","date_gmt":"2020-12-30T16:53:09","guid":{"rendered":"https:\/\/kingarms.ee\/product\/ipsc-vyo-keltainen-primalgear\/"},"modified":"2024-08-09T15:23:57","modified_gmt":"2024-08-09T12:23:57","slug":"ipsc-flow-yellow-primimalear","status":"publish","type":"product","link":"https:\/\/kingarms.ee\/fi\/product\/ipsc-flow-yellow-primimalear\/","title":{"rendered":"IPSC-vy\u00f6 &#8211; keltainen (PrimalGear)"},"content":{"rendered":"<p><img loading=\"lazy\" decoding=\"async\" class=\"alignnone size-medium wp-image-31367\" src=\"https:\/\/kingarms.ee\/wp-content\/uploads\/2020\/12\/1152216596_1-300x200.jpg\" alt=\"\" width=\"300\" height=\"200\" srcset=\"https:\/\/kingarms.ee\/wp-content\/uploads\/2020\/12\/1152216596_1-300x200.jpg 300w, https:\/\/kingarms.ee\/wp-content\/uploads\/2020\/12\/1152216596_1-150x100.jpg 150w, https:\/\/kingarms.ee\/wp-content\/uploads\/2020\/12\/1152216596_1-500x333.jpg 500w, https:\/\/kingarms.ee\/wp-content\/uploads\/2020\/12\/1152216596_1-768x512.jpg 768w, https:\/\/kingarms.ee\/wp-content\/uploads\/2020\/12\/1152216596_1.jpg 800w\" sizes=\"auto, (max-width: 300px) 100vw, 300px\" \/><\/p>\n","protected":false},"excerpt":{"rendered":"<p>IPSC-ammuntahihna on hihna, joka on erityisesti suunniteltu kantamaan aseen ja aikakauslehtien paino turvallisesti ravistamatta juoksun ja hyppyjen aikana. Hihnan valinta on yht\u00e4 t\u00e4rke\u00e4\u00e4 kuin oikean kotelon ja tarjottimen pidinten valitseminen.<\/p>\n<p>Kaikki modernit IPSC-tyyliset hihnat ovat kaksihihnaisessa j\u00e4rjestelm\u00e4ss\u00e4, sisempi ohuempi hihna on suunniteltu kiinnitett\u00e4v\u00e4ksi housuihin silmukoiden l\u00e4pi, ja ulompi j\u00e4ykk\u00e4 hihna on kiinnitetty sisemp\u00e4\u00e4n hihnaan.<\/p>\n<p><strong>Tuote koostuu:<\/strong><br \/>\n\u2022 Ulompi hihna &#8211; 1 kpl.<br \/>\n\u2022 Sis\u00e4hihna &#8211; 1 kpl.<br \/>\n\u2022 Vy\u00f6lenkki &#8211; 1kpl.<\/p>\n","protected":false},"featured_media":31369,"template":"","meta":{"_acf_changed":false},"product_brand":[],"product_cat":[333],"product_tag":[],"class_list":{"0":"post-31381","1":"product","2":"type-product","3":"status-publish","4":"has-post-thumbnail","6":"product_cat-ipsc-hihnat","8":"first","9":"instock","10":"taxable","11":"shipping-taxable","12":"purchasable","13":"product-type-simple"},"acf":[],"_links":{"self":[{"href":"https:\/\/kingarms.ee\/fi\/wp-json\/wp\/v2\/product\/31381","targetHints":{"allow":["GET"]}}],"collection":[{"href":"https:\/\/kingarms.ee\/fi\/wp-json\/wp\/v2\/product"}],"about":[{"href":"https:\/\/kingarms.ee\/fi\/wp-json\/wp\/v2\/types\/product"}],"wp:featuredmedia":[{"embeddable":true,"href":"https:\/\/kingarms.ee\/fi\/wp-json\/wp\/v2\/media\/31369"}],"wp:attachment":[{"href":"https:\/\/kingarms.ee\/fi\/wp-json\/wp\/v2\/media?parent=31381"}],"wp:term":[{"taxonomy":"product_brand","embeddable":true,"href":"https:\/\/kingarms.ee\/fi\/wp-json\/wp\/v2\/product_brand?post=31381"},{"taxonomy":"product_cat","embeddable":true,"href":"https:\/\/kingarms.ee\/fi\/wp-json\/wp\/v2\/product_cat?post=31381"},{"taxonomy":"product_tag","embeddable":true,"href":"https:\/\/kingarms.ee\/fi\/wp-json\/wp\/v2\/product_tag?post=31381"}],"curies":[{"name":"wp","href":"https:\/\/api.w.org\/{rel}","templated":true}]}}