{"id":31397,"date":"2020-12-30T20:01:03","date_gmt":"2020-12-30T17:01:38","guid":{"rendered":"https:\/\/kingarms.ee\/product\/ipsc-alustan-pidike-musta-fma\/"},"modified":"2024-08-09T15:23:13","modified_gmt":"2024-08-09T12:23:13","slug":"ipsc-tarjotin-musta-fma","status":"publish","type":"product","link":"https:\/\/kingarms.ee\/fi\/product\/ipsc-tarjotin-musta-fma\/","title":{"rendered":"IPSC-alustan pidike &#8211; musta (FMA)"},"content":{"rendered":"<p><img loading=\"lazy\" decoding=\"async\" class=\"alignnone size-medium wp-image-31384\" src=\"https:\/\/kingarms.ee\/wp-content\/uploads\/2020\/12\/1152213165_1-300x200.jpg\" alt=\"\" width=\"300\" height=\"200\" srcset=\"https:\/\/kingarms.ee\/wp-content\/uploads\/2020\/12\/1152213165_1-300x200.jpg 300w, https:\/\/kingarms.ee\/wp-content\/uploads\/2020\/12\/1152213165_1-150x100.jpg 150w, https:\/\/kingarms.ee\/wp-content\/uploads\/2020\/12\/1152213165_1-500x333.jpg 500w, https:\/\/kingarms.ee\/wp-content\/uploads\/2020\/12\/1152213165_1-768x512.jpg 768w, https:\/\/kingarms.ee\/wp-content\/uploads\/2020\/12\/1152213165_1.jpg 800w\" sizes=\"auto, (max-width: 300px) 100vw, 300px\" \/><\/p>\n","protected":false},"excerpt":{"rendered":"<p>Yleinen IPSC-lokero<span class=\"JLqJ4b\" data-language-for-alternatives=\"et\" data-language-to-translate-into=\"en\" data-phrase-index=\"1\"><span class=\"JLqJ4b ChMk0b\" data-language-for-alternatives=\"et\" data-language-to-translate-into=\"en\" data-phrase-index=\"2\">, joka on melkein kokonaan valmistettu korkealaatuisesta alumiinista, k\u00e4ytt\u00e4en CNC-koneita, jotka on suunniteltu varmistamaan IPSC-kilpailijoiden optimaalinen sopeutumiskyky heid\u00e4n yksil\u00f6llisiin tarpeisiinsa. Pidikett\u00e4 voidaan s\u00e4\u00e4t\u00e4\u00e4 samalla kun irrotat lokeron (jos sen poistaminen on vaikeaa tai helppoa). Sarja sis\u00e4lt\u00e4\u00e4 6 erilaista v\u00e4likett\u00e4 (3 leveydelle ja 3 syvyydelle), jotka olivat ainoat polymeerist\u00e4 valmistetut elementit. 40 mm leve\u00e4n hihnan kiinnikkeen s\u00e4\u00e4dett\u00e4v\u00e4 kulma on 360 astetta.<\/span><\/span><\/p>\n","protected":false},"featured_media":31386,"template":"","meta":{"_acf_changed":false},"product_brand":[],"product_cat":[264,899],"product_tag":[],"class_list":{"0":"post-31397","1":"product","2":"type-product","3":"status-publish","4":"has-post-thumbnail","6":"product_cat-taskut-laukut-vyot","7":"product_cat-sailytystaskut","9":"first","10":"instock","11":"taxable","12":"shipping-taxable","13":"purchasable","14":"product-type-simple"},"acf":[],"_links":{"self":[{"href":"https:\/\/kingarms.ee\/fi\/wp-json\/wp\/v2\/product\/31397","targetHints":{"allow":["GET"]}}],"collection":[{"href":"https:\/\/kingarms.ee\/fi\/wp-json\/wp\/v2\/product"}],"about":[{"href":"https:\/\/kingarms.ee\/fi\/wp-json\/wp\/v2\/types\/product"}],"wp:featuredmedia":[{"embeddable":true,"href":"https:\/\/kingarms.ee\/fi\/wp-json\/wp\/v2\/media\/31386"}],"wp:attachment":[{"href":"https:\/\/kingarms.ee\/fi\/wp-json\/wp\/v2\/media?parent=31397"}],"wp:term":[{"taxonomy":"product_brand","embeddable":true,"href":"https:\/\/kingarms.ee\/fi\/wp-json\/wp\/v2\/product_brand?post=31397"},{"taxonomy":"product_cat","embeddable":true,"href":"https:\/\/kingarms.ee\/fi\/wp-json\/wp\/v2\/product_cat?post=31397"},{"taxonomy":"product_tag","embeddable":true,"href":"https:\/\/kingarms.ee\/fi\/wp-json\/wp\/v2\/product_tag?post=31397"}],"curies":[{"name":"wp","href":"https:\/\/api.w.org\/{rel}","templated":true}]}}