{"id":31455,"date":"2020-12-31T17:01:11","date_gmt":"2020-12-31T14:01:47","guid":{"rendered":"https:\/\/kingarms.ee\/product\/m30-aktiivikuulokkeet-earmor\/"},"modified":"2024-08-09T15:20:59","modified_gmt":"2024-08-09T12:20:59","slug":"m30-aktiiviset-kuulokkeet-earmor-2","status":"publish","type":"product","link":"https:\/\/kingarms.ee\/fi\/product\/m30-aktiiviset-kuulokkeet-earmor-2\/","title":{"rendered":"M30 aktiivikuulokkeet (EARMOR)"},"content":{"rendered":"<p><img loading=\"lazy\" decoding=\"async\" class=\"alignnone size-medium wp-image-31442\" src=\"https:\/\/kingarms.ee\/wp-content\/uploads\/2020\/12\/1152223791_3-300x200.jpg\" alt=\"\" width=\"300\" height=\"200\" srcset=\"https:\/\/kingarms.ee\/wp-content\/uploads\/2020\/12\/1152223791_3-300x200.jpg 300w, https:\/\/kingarms.ee\/wp-content\/uploads\/2020\/12\/1152223791_3-150x100.jpg 150w, https:\/\/kingarms.ee\/wp-content\/uploads\/2020\/12\/1152223791_3-500x333.jpg 500w, https:\/\/kingarms.ee\/wp-content\/uploads\/2020\/12\/1152223791_3-768x512.jpg 768w, https:\/\/kingarms.ee\/wp-content\/uploads\/2020\/12\/1152223791_3.jpg 800w\" sizes=\"auto, (max-width: 300px) 100vw, 300px\" \/><\/p>\n","protected":false},"excerpt":{"rendered":"<p>M30 aktiivikuulokkeet (kuulonsuojaimet)<\/p>\n<p>M30 aktiiviset kuulosuojaimet, jotka on valmistanut Earmor \u2122 ja jotka on suunniteltu urheilukuvaukseen, kovaan tekniseen ymp\u00e4rist\u00f6\u00f6n ja mets\u00e4st\u00e4jiin.<\/p>\n<p>Kaksi mikrofonia sieppaa ja ohjaa \u00e4\u00e4nen kaiuttimiin. Ne lis\u00e4\u00e4v\u00e4t matalaa melua ja, kun kohinaa havaitaan korville, ne v\u00e4hent\u00e4v\u00e4t sen nopeasti turvalliselle 82 dB: n tasolle, jolloin k\u00e4ytt\u00e4j\u00e4 voi pit\u00e4\u00e4 t\u00e4ydellisen ymp\u00e4rist\u00f6tietoisuuden ampuma-aseen k\u00e4yt\u00f6n aikana annetuilla k\u00e4skyill\u00e4. Ne saavat virtansa kahdesta 1,5 V AAA-paristosta (eiv\u00e4t sis\u00e4lly toimitukseen), joiden ansiosta se toimii noin 350 tuntia. Automaattinen sulakkeen sammutusj\u00e4rjestelm\u00e4 4 tunnin kuluttua ilman k\u00e4ytt\u00e4j\u00e4n toimia varmistaa turvallisuuden tahattomalta k\u00e4ynnistymiselt\u00e4 ja pariston heikkoudelta. Kuulokkeissa on kolme \u00e4\u00e4nenvoimakkuutta. Kuulokkeissa ja keulan kannessa on pehme\u00e4t ja herk\u00e4t kannet, jotka tarjoavat poikkeuksellisen helppok\u00e4ytt\u00f6isyyden. Lis\u00e4ksi sulakkeissa on sek\u00e4 3,5 mm: n Mini Jack -liitin ett\u00e4 Mini Jack &#8211; Mini Jack -kaapeli, jonka avulla k\u00e4ytt\u00e4j\u00e4 voi kommunikoida MP3-soittimen \/ puhelimen kautta tai kun h\u00e4n on kytketty mikrofoniradioon t\u00e4llaisessa portissa. Tuote on sek\u00e4 CE \/ RoSH \/ ANSI S3.19-1974- ett\u00e4 IPX-5-luokan vesitiiviyden mukainen.<\/p>\n","protected":false},"featured_media":31442,"template":"","meta":{"_acf_changed":false},"product_brand":[],"product_cat":[780],"product_tag":[],"class_list":{"0":"post-31455","1":"product","2":"type-product","3":"status-publish","4":"has-post-thumbnail","6":"product_cat-aktiiviset-kuulokkeet","8":"first","9":"instock","10":"taxable","11":"shipping-taxable","12":"purchasable","13":"product-type-simple"},"acf":[],"_links":{"self":[{"href":"https:\/\/kingarms.ee\/fi\/wp-json\/wp\/v2\/product\/31455","targetHints":{"allow":["GET"]}}],"collection":[{"href":"https:\/\/kingarms.ee\/fi\/wp-json\/wp\/v2\/product"}],"about":[{"href":"https:\/\/kingarms.ee\/fi\/wp-json\/wp\/v2\/types\/product"}],"wp:featuredmedia":[{"embeddable":true,"href":"https:\/\/kingarms.ee\/fi\/wp-json\/wp\/v2\/media\/31442"}],"wp:attachment":[{"href":"https:\/\/kingarms.ee\/fi\/wp-json\/wp\/v2\/media?parent=31455"}],"wp:term":[{"taxonomy":"product_brand","embeddable":true,"href":"https:\/\/kingarms.ee\/fi\/wp-json\/wp\/v2\/product_brand?post=31455"},{"taxonomy":"product_cat","embeddable":true,"href":"https:\/\/kingarms.ee\/fi\/wp-json\/wp\/v2\/product_cat?post=31455"},{"taxonomy":"product_tag","embeddable":true,"href":"https:\/\/kingarms.ee\/fi\/wp-json\/wp\/v2\/product_tag?post=31455"}],"curies":[{"name":"wp","href":"https:\/\/api.w.org\/{rel}","templated":true}]}}