{"id":31464,"date":"2020-12-31T17:08:34","date_gmt":"2020-12-31T14:09:43","guid":{"rendered":"https:\/\/kingarms.ee\/product\/ipsc-kohteet-alue\/"},"modified":"2024-08-09T15:20:16","modified_gmt":"2024-08-09T12:20:16","slug":"ipsc-tavoitteet-tiukka","status":"publish","type":"product","link":"https:\/\/kingarms.ee\/fi\/product\/ipsc-tavoitteet-tiukka\/","title":{"rendered":"IPSC-kohteet (alue)"},"content":{"rendered":"<p><img loading=\"lazy\" decoding=\"async\" class=\"alignnone size-medium wp-image-31461\" src=\"https:\/\/kingarms.ee\/wp-content\/uploads\/2020\/12\/1152218207_1-214x300.jpg\" alt=\"\" width=\"214\" height=\"300\" srcset=\"https:\/\/kingarms.ee\/wp-content\/uploads\/2020\/12\/1152218207_1-214x300.jpg 214w, https:\/\/kingarms.ee\/wp-content\/uploads\/2020\/12\/1152218207_1-150x210.jpg 150w, https:\/\/kingarms.ee\/wp-content\/uploads\/2020\/12\/1152218207_1-500x701.jpg 500w, https:\/\/kingarms.ee\/wp-content\/uploads\/2020\/12\/1152218207_1.jpg 571w\" sizes=\"auto, (max-width: 214px) 100vw, 214px\" \/><\/p>\n","protected":false},"excerpt":{"rendered":"<p><span class=\"JLqJ4b\" data-language-for-alternatives=\"et\" data-language-to-translate-into=\"pl\" data-phrase-index=\"1\"><span class=\"JLqJ4b ChMk0b\" data-language-for-alternatives=\"et\" data-language-to-translate-into=\"pl\" data-phrase-index=\"2\">IPSC-kohteet ampujille, jotka haluavat kouluttaa yh\u00e4 enemm\u00e4n. Kohdesivun koko on IPSC-s\u00e4\u00e4nt\u00f6jen mukainen. Levyt on painettu 80 g offset-paperille, mik\u00e4 tekee niist\u00e4 halvempia, vie v\u00e4hemm\u00e4n tilaa ja on helpompi kuljettaa kuin pahvilevyt. Vy\u00f6hykkeit\u00e4 A, C ja D erottavat viivat ovat niin ohuita, ett\u00e4 ne eiv\u00e4t ole n\u00e4kyviss\u00e4 10 metrin et\u00e4isyydelt\u00e4, kuten pahviprototyypiss\u00e4. Kun olet saavuttanut tavoitteen, osumat voidaan helposti erottaa.<\/span><\/span><\/p>\n<p>Koko: 500x700mm<\/p>\n","protected":false},"featured_media":37546,"template":"","meta":{"_acf_changed":false},"product_brand":[],"product_cat":[310],"product_tag":[],"class_list":{"0":"post-31464","1":"product","2":"type-product","3":"status-publish","4":"has-post-thumbnail","6":"product_cat-tavoitteet","8":"first","9":"instock","10":"taxable","11":"shipping-taxable","12":"purchasable","13":"product-type-simple"},"acf":[],"_links":{"self":[{"href":"https:\/\/kingarms.ee\/fi\/wp-json\/wp\/v2\/product\/31464","targetHints":{"allow":["GET"]}}],"collection":[{"href":"https:\/\/kingarms.ee\/fi\/wp-json\/wp\/v2\/product"}],"about":[{"href":"https:\/\/kingarms.ee\/fi\/wp-json\/wp\/v2\/types\/product"}],"wp:featuredmedia":[{"embeddable":true,"href":"https:\/\/kingarms.ee\/fi\/wp-json\/wp\/v2\/media\/37546"}],"wp:attachment":[{"href":"https:\/\/kingarms.ee\/fi\/wp-json\/wp\/v2\/media?parent=31464"}],"wp:term":[{"taxonomy":"product_brand","embeddable":true,"href":"https:\/\/kingarms.ee\/fi\/wp-json\/wp\/v2\/product_brand?post=31464"},{"taxonomy":"product_cat","embeddable":true,"href":"https:\/\/kingarms.ee\/fi\/wp-json\/wp\/v2\/product_cat?post=31464"},{"taxonomy":"product_tag","embeddable":true,"href":"https:\/\/kingarms.ee\/fi\/wp-json\/wp\/v2\/product_tag?post=31464"}],"curies":[{"name":"wp","href":"https:\/\/api.w.org\/{rel}","templated":true}]}}