{"id":31561,"date":"2021-02-16T11:18:12","date_gmt":"2021-02-16T08:18:47","guid":{"rendered":"https:\/\/kingarms.ee\/product\/co2-crosman-triple-threat\/"},"modified":"2024-08-09T15:18:52","modified_gmt":"2024-08-09T12:18:52","slug":"co2-crosman-kolminkertainen-uhka","status":"publish","type":"product","link":"https:\/\/kingarms.ee\/fi\/product\/co2-crosman-kolminkertainen-uhka\/","title":{"rendered":"CO2 Crosman Triple Threat"},"content":{"rendered":"<p><img loading=\"lazy\" decoding=\"async\" class=\"alignnone size-medium wp-image-31557\" src=\"https:\/\/kingarms.ee\/wp-content\/uploads\/2021\/02\/61DY8oLpNGL._AC_SL1500_-300x174.jpg\" alt=\"\" width=\"300\" height=\"174\" srcset=\"https:\/\/kingarms.ee\/wp-content\/uploads\/2021\/02\/61DY8oLpNGL._AC_SL1500_-300x174.jpg 300w, https:\/\/kingarms.ee\/wp-content\/uploads\/2021\/02\/61DY8oLpNGL._AC_SL1500_-150x87.jpg 150w, https:\/\/kingarms.ee\/wp-content\/uploads\/2021\/02\/61DY8oLpNGL._AC_SL1500_-500x289.jpg 500w, https:\/\/kingarms.ee\/wp-content\/uploads\/2021\/02\/61DY8oLpNGL._AC_SL1500_-1024x593.jpg 1024w, https:\/\/kingarms.ee\/wp-content\/uploads\/2021\/02\/61DY8oLpNGL._AC_SL1500_-768x444.jpg 768w, https:\/\/kingarms.ee\/wp-content\/uploads\/2021\/02\/61DY8oLpNGL._AC_SL1500_.jpg 1500w\" sizes=\"auto, (max-width: 300px) 100vw, 300px\" \/><\/p>\n","protected":false},"excerpt":{"rendered":"<p>CO2-revolveri Crosmanin kolmiputkikorvauksella (BB \/ .177)<\/p>\n<p>CO2-puoliautomaattinen pneumaattinen revolveri. Vaihdettavat 3 &#8220;, 6&#8221; ja 8 &#8220;kiv\u00e4\u00e4ritynnyrit (malli: CR44TTKT) T\u00e4m\u00e4 klassinen ja tyylik\u00e4s revolveri voi ampua 4,5 mm py\u00f6reit\u00e4 tai 4,5 mm BB ter\u00e4sluodeja. Kuvaaminen yhten\u00e4 tai kahtena toimintona. S\u00e4\u00e4dett\u00e4v\u00e4 takan\u00e4kym\u00e4. Valettu ultrametallirunko Koodi CR44TTKT Kaliiperi: BB-ter\u00e4spallot \/ 4,5 mm py\u00f6re\u00e4t pallot. Kuvaustoiminto: CO2 Py\u00f6re\u00e4 luodin nopeus: jopa 147 metri\u00e4 sekunnissa. Nopeus BB-palloja k\u00e4ytett\u00e4ess\u00e4: jopa 139 metri\u00e4 sekunnissa Runko: ter\u00e4st\u00e4, tyyppi: pultattu N\u00e4kym\u00e4 edest\u00e4: kiinte\u00e4 N\u00e4kym\u00e4 takaa: s\u00e4\u00e4dett\u00e4v\u00e4 Alusta: vaihdettavissa Laskeutuminen: yksi \/ kaksinkertainen Suojaus: vasarakappale<\/p>\n","protected":false},"featured_media":31555,"template":"","meta":{"_acf_changed":false},"product_brand":[],"product_cat":[253,672],"product_tag":[],"class_list":{"0":"post-31561","1":"product","2":"type-product","3":"status-publish","4":"has-post-thumbnail","6":"product_cat-ilmakivaarit-4-5mm","7":"product_cat-pienaseet","9":"first","10":"instock","11":"taxable","12":"shipping-taxable","13":"purchasable","14":"product-type-simple"},"acf":[],"_links":{"self":[{"href":"https:\/\/kingarms.ee\/fi\/wp-json\/wp\/v2\/product\/31561","targetHints":{"allow":["GET"]}}],"collection":[{"href":"https:\/\/kingarms.ee\/fi\/wp-json\/wp\/v2\/product"}],"about":[{"href":"https:\/\/kingarms.ee\/fi\/wp-json\/wp\/v2\/types\/product"}],"wp:featuredmedia":[{"embeddable":true,"href":"https:\/\/kingarms.ee\/fi\/wp-json\/wp\/v2\/media\/31555"}],"wp:attachment":[{"href":"https:\/\/kingarms.ee\/fi\/wp-json\/wp\/v2\/media?parent=31561"}],"wp:term":[{"taxonomy":"product_brand","embeddable":true,"href":"https:\/\/kingarms.ee\/fi\/wp-json\/wp\/v2\/product_brand?post=31561"},{"taxonomy":"product_cat","embeddable":true,"href":"https:\/\/kingarms.ee\/fi\/wp-json\/wp\/v2\/product_cat?post=31561"},{"taxonomy":"product_tag","embeddable":true,"href":"https:\/\/kingarms.ee\/fi\/wp-json\/wp\/v2\/product_tag?post=31561"}],"curies":[{"name":"wp","href":"https:\/\/api.w.org\/{rel}","templated":true}]}}