{"id":31682,"date":"2021-03-15T14:50:37","date_gmt":"2021-03-15T11:51:04","guid":{"rendered":"https:\/\/kingarms.ee\/product\/lokero-x2-colt-1911-muovi\/"},"modified":"2024-08-09T15:17:25","modified_gmt":"2024-08-09T12:17:25","slug":"lokero-x2-colt-1911-muovi","status":"publish","type":"product","link":"https:\/\/kingarms.ee\/fi\/product\/lokero-x2-colt-1911-muovi\/","title":{"rendered":"Lokero x2 COLT 1911 (muovi)"},"content":{"rendered":"<p><img loading=\"lazy\" decoding=\"async\" class=\"alignnone size-medium wp-image-31667\" src=\"https:\/\/kingarms.ee\/wp-content\/uploads\/2021\/03\/1152223043_1-300x200.jpg\" alt=\"\" width=\"300\" height=\"200\" srcset=\"https:\/\/kingarms.ee\/wp-content\/uploads\/2021\/03\/1152223043_1-300x200.jpg 300w, https:\/\/kingarms.ee\/wp-content\/uploads\/2021\/03\/1152223043_1-150x100.jpg 150w, https:\/\/kingarms.ee\/wp-content\/uploads\/2021\/03\/1152223043_1-500x333.jpg 500w, https:\/\/kingarms.ee\/wp-content\/uploads\/2021\/03\/1152223043_1-768x512.jpg 768w, https:\/\/kingarms.ee\/wp-content\/uploads\/2021\/03\/1152223043_1.jpg 800w\" sizes=\"auto, (max-width: 300px) 100vw, 300px\" \/><\/p>\n","protected":false},"excerpt":{"rendered":"<p>Lokero x2 COLT 1911 (muovi)<\/p>\n<p>Kest\u00e4v\u00e4 polymeerialusta COLT 1911 -alustoille. Taskussa on kiinnitys &#8211; vy\u00f6t\u00e4 ja myyr\u00e4kiinnityksi\u00e4 varten. Tarjottimen voi irrottaa taskusta MOLLE-kantoj\u00e4rjestelm\u00e4n hihnan kiinnitt\u00e4mist\u00e4 varten.<\/p>\n","protected":false},"featured_media":31667,"template":"","meta":{"_acf_changed":false},"product_brand":[],"product_cat":[244],"product_tag":[],"class_list":{"0":"post-31682","1":"product","2":"type-product","3":"status-publish","4":"has-post-thumbnail","6":"product_cat-holsters-fi","8":"first","9":"instock","10":"taxable","11":"shipping-taxable","12":"purchasable","13":"product-type-simple"},"acf":[],"_links":{"self":[{"href":"https:\/\/kingarms.ee\/fi\/wp-json\/wp\/v2\/product\/31682","targetHints":{"allow":["GET"]}}],"collection":[{"href":"https:\/\/kingarms.ee\/fi\/wp-json\/wp\/v2\/product"}],"about":[{"href":"https:\/\/kingarms.ee\/fi\/wp-json\/wp\/v2\/types\/product"}],"wp:featuredmedia":[{"embeddable":true,"href":"https:\/\/kingarms.ee\/fi\/wp-json\/wp\/v2\/media\/31667"}],"wp:attachment":[{"href":"https:\/\/kingarms.ee\/fi\/wp-json\/wp\/v2\/media?parent=31682"}],"wp:term":[{"taxonomy":"product_brand","embeddable":true,"href":"https:\/\/kingarms.ee\/fi\/wp-json\/wp\/v2\/product_brand?post=31682"},{"taxonomy":"product_cat","embeddable":true,"href":"https:\/\/kingarms.ee\/fi\/wp-json\/wp\/v2\/product_cat?post=31682"},{"taxonomy":"product_tag","embeddable":true,"href":"https:\/\/kingarms.ee\/fi\/wp-json\/wp\/v2\/product_tag?post=31682"}],"curies":[{"name":"wp","href":"https:\/\/api.w.org\/{rel}","templated":true}]}}